{"id":2246,"date":"2023-01-17T09:58:44","date_gmt":"2023-01-17T14:58:44","guid":{"rendered":"https:\/\/porcupinecanvas.com\/products\/uncategorized\/doublure-pour-tipi-en-toile-naturelle\/"},"modified":"2023-01-17T16:56:46","modified_gmt":"2023-01-17T21:56:46","slug":"doublure-pour-tipi-en-toile-naturelle","status":"publish","type":"product","link":"https:\/\/porcupinecanvas.com\/fr\/products\/tipis-fr\/doublure-pour-tipi-en-toile-naturelle\/","title":{"rendered":"Doublure pour tipi en toile naturelle"},"content":{"rendered":"","protected":false},"excerpt":{"rendered":"<p>La doublure du tipi entoure la partie inf\u00e9rieure du mur int\u00e9rieur, permet de sceller le bas pour pr\u00e9venir les courants d\u2019air, aide \u00e0 la ventilation et ajoute une couche d\u2019isolation suppl\u00e9mentaire pour lutter contre le froid. C\u2019est un incontournable si vous pensez faire des feux. Les panneaux sont hauts de 6\u2019. Bas en polyester tiss\u00e9 de 18\u201d pour pr\u00e9venir la pourriture. Filet en bas et en haut pour s\u00e9curiser les poteaux.<\/p>\n","protected":false},"featured_media":2112,"template":"","meta":[],"product_cat":[80],"product_tag":[],"class_list":["post-2246","product","type-product","status-publish","has-post-thumbnail","hentry","product_cat-tipis-fr"],"acf":[],"yoast_head":"<!-- This site is optimized with the Yoast SEO plugin v20.10 - https:\/\/yoast.com\/wordpress\/plugins\/seo\/ -->\n<title>Doublure pour tipi en toile naturelle | Porcupine Canvas<\/title>\n<meta name=\"robots\" content=\"index, follow, max-snippet:-1, max-image-preview:large, max-video-preview:-1\" \/>\n<link rel=\"canonical\" href=\"https:\/\/porcupine.agencehigh5.com\/fr\/products\/tipis-fr\/doublure-pour-tipi-en-toile-naturelle\/\" \/>\n<meta property=\"og:locale\" content=\"fr_CA\" \/>\n<meta property=\"og:type\" content=\"article\" \/>\n<meta property=\"og:title\" content=\"Doublure pour tipi en toile naturelle | Porcupine Canvas\" \/>\n<meta property=\"og:description\" content=\"La doublure du tipi entoure la partie inf\u00e9rieure du mur int\u00e9rieur, permet de sceller le bas pour pr\u00e9venir les courants d\u2019air, aide \u00e0 la ventilation et ajoute une couche d\u2019isolation suppl\u00e9mentaire pour lutter contre le froid. C\u2019est un incontournable si vous pensez faire des feux. Les panneaux sont hauts de 6\u2019. Bas en polyester tiss\u00e9 de 18\u201d pour pr\u00e9venir la pourriture. Filet en bas et en haut pour s\u00e9curiser les poteaux.\" \/>\n<meta property=\"og:url\" content=\"https:\/\/porcupine.agencehigh5.com\/fr\/products\/tipis-fr\/doublure-pour-tipi-en-toile-naturelle\/\" \/>\n<meta property=\"og:site_name\" content=\"Porcupine Canvas\" \/>\n<meta property=\"article:modified_time\" content=\"2023-01-17T21:56:46+00:00\" \/>\n<meta property=\"og:image\" content=\"https:\/\/porcupine.agencehigh5.com\/wp-content\/uploads\/porcupine-canvas-tipi-liner-product.jpg\" \/>\n\t<meta property=\"og:image:width\" content=\"1280\" \/>\n\t<meta property=\"og:image:height\" content=\"1280\" \/>\n\t<meta property=\"og:image:type\" content=\"image\/jpeg\" \/>\n<meta name=\"twitter:card\" content=\"summary_large_image\" \/>\n<script type=\"application\/ld+json\" class=\"yoast-schema-graph\">{\"@context\":\"https:\/\/schema.org\",\"@graph\":[{\"@type\":\"WebPage\",\"@id\":\"https:\/\/porcupine.agencehigh5.com\/fr\/products\/tipis-fr\/doublure-pour-tipi-en-toile-naturelle\/\",\"url\":\"https:\/\/porcupine.agencehigh5.com\/fr\/products\/tipis-fr\/doublure-pour-tipi-en-toile-naturelle\/\",\"name\":\"Doublure pour tipi en toile naturelle | Porcupine Canvas\",\"isPartOf\":{\"@id\":\"https:\/\/porcupine.agencehigh5.com\/#website\"},\"datePublished\":\"2023-01-17T14:58:44+00:00\",\"dateModified\":\"2023-01-17T21:56:46+00:00\",\"breadcrumb\":{\"@id\":\"https:\/\/porcupine.agencehigh5.com\/fr\/products\/tipis-fr\/doublure-pour-tipi-en-toile-naturelle\/#breadcrumb\"},\"inLanguage\":\"fr-CA\",\"potentialAction\":[{\"@type\":\"ReadAction\",\"target\":[\"https:\/\/porcupine.agencehigh5.com\/fr\/products\/tipis-fr\/doublure-pour-tipi-en-toile-naturelle\/\"]}]},{\"@type\":\"BreadcrumbList\",\"@id\":\"https:\/\/porcupine.agencehigh5.com\/fr\/products\/tipis-fr\/doublure-pour-tipi-en-toile-naturelle\/#breadcrumb\",\"itemListElement\":[{\"@type\":\"ListItem\",\"position\":1,\"name\":\"Home\",\"item\":\"https:\/\/porcupinecanvas.com\/fr\/\"},{\"@type\":\"ListItem\",\"position\":2,\"name\":\"Products\",\"item\":\"https:\/\/porcupine.agencehigh5.com\/shop\/\"},{\"@type\":\"ListItem\",\"position\":3,\"name\":\"Doublure pour tipi en toile naturelle\"}]},{\"@type\":\"WebSite\",\"@id\":\"https:\/\/porcupine.agencehigh5.com\/#website\",\"url\":\"https:\/\/porcupine.agencehigh5.com\/\",\"name\":\"Porcupine Canvas\",\"description\":\"Gear for the mining industry and the outdoors\",\"publisher\":{\"@id\":\"https:\/\/porcupine.agencehigh5.com\/#organization\"},\"potentialAction\":[{\"@type\":\"SearchAction\",\"target\":{\"@type\":\"EntryPoint\",\"urlTemplate\":\"https:\/\/porcupine.agencehigh5.com\/?s={search_term_string}\"},\"query-input\":\"required name=search_term_string\"}],\"inLanguage\":\"fr-CA\"},{\"@type\":\"Organization\",\"@id\":\"https:\/\/porcupine.agencehigh5.com\/#organization\",\"name\":\"Porcupine Canvas\",\"url\":\"https:\/\/porcupine.agencehigh5.com\/\",\"logo\":{\"@type\":\"ImageObject\",\"inLanguage\":\"fr-CA\",\"@id\":\"https:\/\/porcupine.agencehigh5.com\/#\/schema\/logo\/image\/\",\"url\":\"https:\/\/porcupinecanvas.com\/wp-content\/uploads\/porcupine-canvas-logo.png\",\"contentUrl\":\"https:\/\/porcupinecanvas.com\/wp-content\/uploads\/porcupine-canvas-logo.png\",\"width\":912,\"height\":262,\"caption\":\"Porcupine Canvas\"},\"image\":{\"@id\":\"https:\/\/porcupine.agencehigh5.com\/#\/schema\/logo\/image\/\"}}]}<\/script>\n<!-- \/ Yoast SEO plugin. -->","yoast_head_json":{"title":"Doublure pour tipi en toile naturelle | Porcupine Canvas","robots":{"index":"index","follow":"follow","max-snippet":"max-snippet:-1","max-image-preview":"max-image-preview:large","max-video-preview":"max-video-preview:-1"},"canonical":"https:\/\/porcupine.agencehigh5.com\/fr\/products\/tipis-fr\/doublure-pour-tipi-en-toile-naturelle\/","og_locale":"fr_CA","og_type":"article","og_title":"Doublure pour tipi en toile naturelle | Porcupine Canvas","og_description":"La doublure du tipi entoure la partie inf\u00e9rieure du mur int\u00e9rieur, permet de sceller le bas pour pr\u00e9venir les courants d\u2019air, aide \u00e0 la ventilation et ajoute une couche d\u2019isolation suppl\u00e9mentaire pour lutter contre le froid. C\u2019est un incontournable si vous pensez faire des feux. Les panneaux sont hauts de 6\u2019. Bas en polyester tiss\u00e9 de 18\u201d pour pr\u00e9venir la pourriture. Filet en bas et en haut pour s\u00e9curiser les poteaux.","og_url":"https:\/\/porcupine.agencehigh5.com\/fr\/products\/tipis-fr\/doublure-pour-tipi-en-toile-naturelle\/","og_site_name":"Porcupine Canvas","article_modified_time":"2023-01-17T21:56:46+00:00","og_image":[{"width":1280,"height":1280,"url":"https:\/\/porcupine.agencehigh5.com\/wp-content\/uploads\/porcupine-canvas-tipi-liner-product.jpg","type":"image\/jpeg"}],"twitter_card":"summary_large_image","schema":{"@context":"https:\/\/schema.org","@graph":[{"@type":"WebPage","@id":"https:\/\/porcupine.agencehigh5.com\/fr\/products\/tipis-fr\/doublure-pour-tipi-en-toile-naturelle\/","url":"https:\/\/porcupine.agencehigh5.com\/fr\/products\/tipis-fr\/doublure-pour-tipi-en-toile-naturelle\/","name":"Doublure pour tipi en toile naturelle | Porcupine Canvas","isPartOf":{"@id":"https:\/\/porcupine.agencehigh5.com\/#website"},"datePublished":"2023-01-17T14:58:44+00:00","dateModified":"2023-01-17T21:56:46+00:00","breadcrumb":{"@id":"https:\/\/porcupine.agencehigh5.com\/fr\/products\/tipis-fr\/doublure-pour-tipi-en-toile-naturelle\/#breadcrumb"},"inLanguage":"fr-CA","potentialAction":[{"@type":"ReadAction","target":["https:\/\/porcupine.agencehigh5.com\/fr\/products\/tipis-fr\/doublure-pour-tipi-en-toile-naturelle\/"]}]},{"@type":"BreadcrumbList","@id":"https:\/\/porcupine.agencehigh5.com\/fr\/products\/tipis-fr\/doublure-pour-tipi-en-toile-naturelle\/#breadcrumb","itemListElement":[{"@type":"ListItem","position":1,"name":"Home","item":"https:\/\/porcupinecanvas.com\/fr\/"},{"@type":"ListItem","position":2,"name":"Products","item":"https:\/\/porcupine.agencehigh5.com\/shop\/"},{"@type":"ListItem","position":3,"name":"Doublure pour tipi en toile naturelle"}]},{"@type":"WebSite","@id":"https:\/\/porcupine.agencehigh5.com\/#website","url":"https:\/\/porcupine.agencehigh5.com\/","name":"Porcupine Canvas","description":"Gear for the mining industry and the outdoors","publisher":{"@id":"https:\/\/porcupine.agencehigh5.com\/#organization"},"potentialAction":[{"@type":"SearchAction","target":{"@type":"EntryPoint","urlTemplate":"https:\/\/porcupine.agencehigh5.com\/?s={search_term_string}"},"query-input":"required name=search_term_string"}],"inLanguage":"fr-CA"},{"@type":"Organization","@id":"https:\/\/porcupine.agencehigh5.com\/#organization","name":"Porcupine Canvas","url":"https:\/\/porcupine.agencehigh5.com\/","logo":{"@type":"ImageObject","inLanguage":"fr-CA","@id":"https:\/\/porcupine.agencehigh5.com\/#\/schema\/logo\/image\/","url":"https:\/\/porcupinecanvas.com\/wp-content\/uploads\/porcupine-canvas-logo.png","contentUrl":"https:\/\/porcupinecanvas.com\/wp-content\/uploads\/porcupine-canvas-logo.png","width":912,"height":262,"caption":"Porcupine Canvas"},"image":{"@id":"https:\/\/porcupine.agencehigh5.com\/#\/schema\/logo\/image\/"}}]}},"_links":{"self":[{"href":"https:\/\/porcupinecanvas.com\/fr\/wp-json\/wp\/v2\/product\/2246","targetHints":{"allow":["GET"]}}],"collection":[{"href":"https:\/\/porcupinecanvas.com\/fr\/wp-json\/wp\/v2\/product"}],"about":[{"href":"https:\/\/porcupinecanvas.com\/fr\/wp-json\/wp\/v2\/types\/product"}],"wp:featuredmedia":[{"embeddable":true,"href":"https:\/\/porcupinecanvas.com\/fr\/wp-json\/wp\/v2\/media\/2112"}],"wp:attachment":[{"href":"https:\/\/porcupinecanvas.com\/fr\/wp-json\/wp\/v2\/media?parent=2246"}],"wp:term":[{"taxonomy":"product_cat","embeddable":true,"href":"https:\/\/porcupinecanvas.com\/fr\/wp-json\/wp\/v2\/product_cat?post=2246"},{"taxonomy":"product_tag","embeddable":true,"href":"https:\/\/porcupinecanvas.com\/fr\/wp-json\/wp\/v2\/product_tag?post=2246"}],"curies":[{"name":"wp","href":"https:\/\/api.w.org\/{rel}","templated":true}]}}