{"id":2202,"date":"2023-01-16T17:04:20","date_gmt":"2023-01-17T21:24:49","guid":{"rendered":"https:\/\/porcupinecanvas.com\/?post_type=product&#038;p=2202"},"modified":"2023-01-17T16:27:46","modified_gmt":"2023-01-17T21:27:46","slug":"tipi-en-toile-retardatrice-de-flamme","status":"publish","type":"product","link":"https:\/\/porcupinecanvas.com\/fr\/products\/tipis-fr\/tipi-en-toile-retardatrice-de-flamme\/","title":{"rendered":"Tipi en toile retardatrice de flamme"},"content":{"rendered":"","protected":false},"excerpt":{"rendered":"<p>Fait en toile FR de 10.10 oz imperm\u00e9able et r\u00e9sistante \u00e0 moisissure. Il s\u2019agit d\u2019un tissu beaucoup plus dense et robuste que la toile naturelle et le coton pr\u00e9r\u00e9tr\u00e9ci. Renforts ajout\u00e9s au niveau des boutonni\u00e8res, des rabats pour la fum\u00e9e, de l\u2019ouverture de porte et des rabats du poteau.<\/p>\n","protected":false},"featured_media":2098,"template":"","meta":[],"product_cat":[80],"product_tag":[],"class_list":["post-2202","product","type-product","status-publish","has-post-thumbnail","hentry","product_cat-tipis-fr"],"acf":[],"yoast_head":"<!-- This site is optimized with the Yoast SEO plugin v20.10 - https:\/\/yoast.com\/wordpress\/plugins\/seo\/ -->\n<title>Tipi en toile retardatrice de flamme | Porcupine Canvas<\/title>\n<meta name=\"robots\" content=\"index, follow, max-snippet:-1, max-image-preview:large, max-video-preview:-1\" \/>\n<link rel=\"canonical\" href=\"https:\/\/porcupine.agencehigh5.com\/fr\/products\/tipis-fr\/tipi-en-toile-retardatrice-de-flamme\/\" \/>\n<meta property=\"og:locale\" content=\"fr_CA\" \/>\n<meta property=\"og:type\" content=\"article\" \/>\n<meta property=\"og:title\" content=\"Tipi en toile retardatrice de flamme | Porcupine Canvas\" \/>\n<meta property=\"og:description\" content=\"Fait en toile FR de 10.10 oz imperm\u00e9able et r\u00e9sistante \u00e0 moisissure. Il s\u2019agit d\u2019un tissu beaucoup plus dense et robuste que la toile naturelle et le coton pr\u00e9r\u00e9tr\u00e9ci. Renforts ajout\u00e9s au niveau des boutonni\u00e8res, des rabats pour la fum\u00e9e, de l\u2019ouverture de porte et des rabats du poteau.\" \/>\n<meta property=\"og:url\" content=\"https:\/\/porcupine.agencehigh5.com\/fr\/products\/tipis-fr\/tipi-en-toile-retardatrice-de-flamme\/\" \/>\n<meta property=\"og:site_name\" content=\"Porcupine Canvas\" \/>\n<meta property=\"article:modified_time\" content=\"2023-01-17T21:27:46+00:00\" \/>\n<meta property=\"og:image\" content=\"https:\/\/porcupine.agencehigh5.com\/wp-content\/uploads\/porcupine-canvas-tipi-product.jpg\" \/>\n\t<meta property=\"og:image:width\" content=\"1280\" \/>\n\t<meta property=\"og:image:height\" content=\"1280\" \/>\n\t<meta property=\"og:image:type\" content=\"image\/jpeg\" \/>\n<meta name=\"twitter:card\" content=\"summary_large_image\" \/>\n<script type=\"application\/ld+json\" class=\"yoast-schema-graph\">{\"@context\":\"https:\/\/schema.org\",\"@graph\":[{\"@type\":\"WebPage\",\"@id\":\"https:\/\/porcupine.agencehigh5.com\/fr\/products\/tipis-fr\/tipi-en-toile-retardatrice-de-flamme\/\",\"url\":\"https:\/\/porcupine.agencehigh5.com\/fr\/products\/tipis-fr\/tipi-en-toile-retardatrice-de-flamme\/\",\"name\":\"Tipi en toile retardatrice de flamme | Porcupine Canvas\",\"isPartOf\":{\"@id\":\"https:\/\/porcupine.agencehigh5.com\/#website\"},\"datePublished\":\"2023-01-17T21:24:49+00:00\",\"dateModified\":\"2023-01-17T21:27:46+00:00\",\"breadcrumb\":{\"@id\":\"https:\/\/porcupine.agencehigh5.com\/fr\/products\/tipis-fr\/tipi-en-toile-retardatrice-de-flamme\/#breadcrumb\"},\"inLanguage\":\"fr-CA\",\"potentialAction\":[{\"@type\":\"ReadAction\",\"target\":[\"https:\/\/porcupine.agencehigh5.com\/fr\/products\/tipis-fr\/tipi-en-toile-retardatrice-de-flamme\/\"]}]},{\"@type\":\"BreadcrumbList\",\"@id\":\"https:\/\/porcupine.agencehigh5.com\/fr\/products\/tipis-fr\/tipi-en-toile-retardatrice-de-flamme\/#breadcrumb\",\"itemListElement\":[{\"@type\":\"ListItem\",\"position\":1,\"name\":\"Home\",\"item\":\"https:\/\/porcupinecanvas.com\/fr\/\"},{\"@type\":\"ListItem\",\"position\":2,\"name\":\"Products\",\"item\":\"https:\/\/porcupine.agencehigh5.com\/shop\/\"},{\"@type\":\"ListItem\",\"position\":3,\"name\":\"Tipi en toile retardatrice de flamme\"}]},{\"@type\":\"WebSite\",\"@id\":\"https:\/\/porcupine.agencehigh5.com\/#website\",\"url\":\"https:\/\/porcupine.agencehigh5.com\/\",\"name\":\"Porcupine Canvas\",\"description\":\"Gear for the mining industry and the outdoors\",\"publisher\":{\"@id\":\"https:\/\/porcupine.agencehigh5.com\/#organization\"},\"potentialAction\":[{\"@type\":\"SearchAction\",\"target\":{\"@type\":\"EntryPoint\",\"urlTemplate\":\"https:\/\/porcupine.agencehigh5.com\/?s={search_term_string}\"},\"query-input\":\"required name=search_term_string\"}],\"inLanguage\":\"fr-CA\"},{\"@type\":\"Organization\",\"@id\":\"https:\/\/porcupine.agencehigh5.com\/#organization\",\"name\":\"Porcupine Canvas\",\"url\":\"https:\/\/porcupine.agencehigh5.com\/\",\"logo\":{\"@type\":\"ImageObject\",\"inLanguage\":\"fr-CA\",\"@id\":\"https:\/\/porcupine.agencehigh5.com\/#\/schema\/logo\/image\/\",\"url\":\"https:\/\/porcupinecanvas.com\/wp-content\/uploads\/porcupine-canvas-logo.png\",\"contentUrl\":\"https:\/\/porcupinecanvas.com\/wp-content\/uploads\/porcupine-canvas-logo.png\",\"width\":912,\"height\":262,\"caption\":\"Porcupine Canvas\"},\"image\":{\"@id\":\"https:\/\/porcupine.agencehigh5.com\/#\/schema\/logo\/image\/\"}}]}<\/script>\n<!-- \/ Yoast SEO plugin. -->","yoast_head_json":{"title":"Tipi en toile retardatrice de flamme | Porcupine Canvas","robots":{"index":"index","follow":"follow","max-snippet":"max-snippet:-1","max-image-preview":"max-image-preview:large","max-video-preview":"max-video-preview:-1"},"canonical":"https:\/\/porcupine.agencehigh5.com\/fr\/products\/tipis-fr\/tipi-en-toile-retardatrice-de-flamme\/","og_locale":"fr_CA","og_type":"article","og_title":"Tipi en toile retardatrice de flamme | Porcupine Canvas","og_description":"Fait en toile FR de 10.10 oz imperm\u00e9able et r\u00e9sistante \u00e0 moisissure. Il s\u2019agit d\u2019un tissu beaucoup plus dense et robuste que la toile naturelle et le coton pr\u00e9r\u00e9tr\u00e9ci. Renforts ajout\u00e9s au niveau des boutonni\u00e8res, des rabats pour la fum\u00e9e, de l\u2019ouverture de porte et des rabats du poteau.","og_url":"https:\/\/porcupine.agencehigh5.com\/fr\/products\/tipis-fr\/tipi-en-toile-retardatrice-de-flamme\/","og_site_name":"Porcupine Canvas","article_modified_time":"2023-01-17T21:27:46+00:00","og_image":[{"width":1280,"height":1280,"url":"https:\/\/porcupine.agencehigh5.com\/wp-content\/uploads\/porcupine-canvas-tipi-product.jpg","type":"image\/jpeg"}],"twitter_card":"summary_large_image","schema":{"@context":"https:\/\/schema.org","@graph":[{"@type":"WebPage","@id":"https:\/\/porcupine.agencehigh5.com\/fr\/products\/tipis-fr\/tipi-en-toile-retardatrice-de-flamme\/","url":"https:\/\/porcupine.agencehigh5.com\/fr\/products\/tipis-fr\/tipi-en-toile-retardatrice-de-flamme\/","name":"Tipi en toile retardatrice de flamme | Porcupine Canvas","isPartOf":{"@id":"https:\/\/porcupine.agencehigh5.com\/#website"},"datePublished":"2023-01-17T21:24:49+00:00","dateModified":"2023-01-17T21:27:46+00:00","breadcrumb":{"@id":"https:\/\/porcupine.agencehigh5.com\/fr\/products\/tipis-fr\/tipi-en-toile-retardatrice-de-flamme\/#breadcrumb"},"inLanguage":"fr-CA","potentialAction":[{"@type":"ReadAction","target":["https:\/\/porcupine.agencehigh5.com\/fr\/products\/tipis-fr\/tipi-en-toile-retardatrice-de-flamme\/"]}]},{"@type":"BreadcrumbList","@id":"https:\/\/porcupine.agencehigh5.com\/fr\/products\/tipis-fr\/tipi-en-toile-retardatrice-de-flamme\/#breadcrumb","itemListElement":[{"@type":"ListItem","position":1,"name":"Home","item":"https:\/\/porcupinecanvas.com\/fr\/"},{"@type":"ListItem","position":2,"name":"Products","item":"https:\/\/porcupine.agencehigh5.com\/shop\/"},{"@type":"ListItem","position":3,"name":"Tipi en toile retardatrice de flamme"}]},{"@type":"WebSite","@id":"https:\/\/porcupine.agencehigh5.com\/#website","url":"https:\/\/porcupine.agencehigh5.com\/","name":"Porcupine Canvas","description":"Gear for the mining industry and the outdoors","publisher":{"@id":"https:\/\/porcupine.agencehigh5.com\/#organization"},"potentialAction":[{"@type":"SearchAction","target":{"@type":"EntryPoint","urlTemplate":"https:\/\/porcupine.agencehigh5.com\/?s={search_term_string}"},"query-input":"required name=search_term_string"}],"inLanguage":"fr-CA"},{"@type":"Organization","@id":"https:\/\/porcupine.agencehigh5.com\/#organization","name":"Porcupine Canvas","url":"https:\/\/porcupine.agencehigh5.com\/","logo":{"@type":"ImageObject","inLanguage":"fr-CA","@id":"https:\/\/porcupine.agencehigh5.com\/#\/schema\/logo\/image\/","url":"https:\/\/porcupinecanvas.com\/wp-content\/uploads\/porcupine-canvas-logo.png","contentUrl":"https:\/\/porcupinecanvas.com\/wp-content\/uploads\/porcupine-canvas-logo.png","width":912,"height":262,"caption":"Porcupine Canvas"},"image":{"@id":"https:\/\/porcupine.agencehigh5.com\/#\/schema\/logo\/image\/"}}]}},"_links":{"self":[{"href":"https:\/\/porcupinecanvas.com\/fr\/wp-json\/wp\/v2\/product\/2202","targetHints":{"allow":["GET"]}}],"collection":[{"href":"https:\/\/porcupinecanvas.com\/fr\/wp-json\/wp\/v2\/product"}],"about":[{"href":"https:\/\/porcupinecanvas.com\/fr\/wp-json\/wp\/v2\/types\/product"}],"wp:featuredmedia":[{"embeddable":true,"href":"https:\/\/porcupinecanvas.com\/fr\/wp-json\/wp\/v2\/media\/2098"}],"wp:attachment":[{"href":"https:\/\/porcupinecanvas.com\/fr\/wp-json\/wp\/v2\/media?parent=2202"}],"wp:term":[{"taxonomy":"product_cat","embeddable":true,"href":"https:\/\/porcupinecanvas.com\/fr\/wp-json\/wp\/v2\/product_cat?post=2202"},{"taxonomy":"product_tag","embeddable":true,"href":"https:\/\/porcupinecanvas.com\/fr\/wp-json\/wp\/v2\/product_tag?post=2202"}],"curies":[{"name":"wp","href":"https:\/\/api.w.org\/{rel}","templated":true}]}}