{"id":1888,"date":"2022-12-21T14:44:31","date_gmt":"2022-12-21T19:52:04","guid":{"rendered":"https:\/\/porcupinecanvas.com\/products\/uncategorized\/sacs-pour-les-echantillons-geologiques-2\/"},"modified":"2024-06-19T15:40:56","modified_gmt":"2024-06-19T19:40:56","slug":"sacs-pour-les-echantillons-geologiques-2","status":"publish","type":"product","link":"https:\/\/porcupinecanvas.com\/fr\/products\/echantillon\/sacs-pour-les-echantillons-geologiques-2\/","title":{"rendered":"Sacs pour les \u00e9chantillons g\u00e9ologiques"},"content":{"rendered":"","protected":false},"excerpt":{"rendered":"<p>Porcupine Canvas a d\u00e9velopp\u00e9 ces sacs pour collecter les \u00e9chantillons produits par le forage par circulation inverse (RC). Ils sont con\u00e7us pour un drainage rapide et pour \u00eatre transf\u00e9r\u00e9 directement dans les s\u00e9choirs. Sur chaque sac, une \u00e9tiquette de 2&#8243; x 3&#8243; Hi-Vis (haute visibilit\u00e9) est attach\u00e9e pour une identication facile. Ces sacs peuvent aussi \u00eatre utilis\u00e9s pour recueillir les copeaux des \u00e9chantillons r\u00e9colt\u00e9es avec une perceuse \u00e0 diamant, pour les forages dans les fondri\u00e8res, les morts-terrains et la boue, o\u00f9 l&#8217;eau est un souci.<\/p>\n","protected":false},"featured_media":2712,"template":"","meta":[],"product_cat":[51],"product_tag":[],"class_list":["post-1888","product","type-product","status-publish","has-post-thumbnail","hentry","product_cat-echantillon"],"acf":[],"yoast_head":"<!-- This site is optimized with the Yoast SEO plugin v20.10 - https:\/\/yoast.com\/wordpress\/plugins\/seo\/ -->\n<title>Sacs pour les \u00e9chantillons g\u00e9ologiques | Porcupine Canvas<\/title>\n<meta name=\"robots\" content=\"index, follow, max-snippet:-1, max-image-preview:large, max-video-preview:-1\" \/>\n<link rel=\"canonical\" href=\"https:\/\/porcupinecanvas.com\/fr\/products\/etuis-et-divers\/sacs-pour-les-echantillons-geologiques-2\/\" \/>\n<meta property=\"og:locale\" content=\"fr_CA\" \/>\n<meta property=\"og:type\" content=\"article\" \/>\n<meta property=\"og:title\" content=\"Sacs pour les \u00e9chantillons g\u00e9ologiques | Porcupine Canvas\" \/>\n<meta property=\"og:description\" content=\"Porcupine Canvas a d\u00e9velopp\u00e9 ces sacs pour collecter les \u00e9chantillons produits par le forage par circulation inverse (RC). Ils sont con\u00e7us pour un drainage rapide et pour \u00eatre transf\u00e9r\u00e9 directement dans les s\u00e9choirs. Sur chaque sac, une \u00e9tiquette de 2&quot; x 3&quot; Hi-Vis (haute visibilit\u00e9) est attach\u00e9e pour une identication facile. Ces sacs peuvent aussi \u00eatre utilis\u00e9s pour recueillir les copeaux des \u00e9chantillons r\u00e9colt\u00e9es avec une perceuse \u00e0 diamant, pour les forages dans les fondri\u00e8res, les morts-terrains et la boue, o\u00f9 l&#039;eau est un souci.\" \/>\n<meta property=\"og:url\" content=\"https:\/\/porcupinecanvas.com\/fr\/products\/etuis-et-divers\/sacs-pour-les-echantillons-geologiques-2\/\" \/>\n<meta property=\"og:site_name\" content=\"Porcupine Canvas\" \/>\n<meta property=\"article:modified_time\" content=\"2024-06-19T19:40:56+00:00\" \/>\n<meta property=\"og:image\" content=\"https:\/\/porcupinecanvas.com\/wp-content\/uploads\/geofines.jpg\" \/>\n\t<meta property=\"og:image:width\" content=\"729\" \/>\n\t<meta property=\"og:image:height\" content=\"484\" \/>\n\t<meta property=\"og:image:type\" content=\"image\/jpeg\" \/>\n<meta name=\"twitter:card\" content=\"summary_large_image\" \/>\n<script type=\"application\/ld+json\" class=\"yoast-schema-graph\">{\"@context\":\"https:\/\/schema.org\",\"@graph\":[{\"@type\":\"WebPage\",\"@id\":\"https:\/\/porcupinecanvas.com\/fr\/products\/etuis-et-divers\/sacs-pour-les-echantillons-geologiques-2\/\",\"url\":\"https:\/\/porcupinecanvas.com\/fr\/products\/etuis-et-divers\/sacs-pour-les-echantillons-geologiques-2\/\",\"name\":\"Sacs pour les \u00e9chantillons g\u00e9ologiques | Porcupine Canvas\",\"isPartOf\":{\"@id\":\"https:\/\/porcupine.agencehigh5.com\/#website\"},\"datePublished\":\"2022-12-21T19:52:04+00:00\",\"dateModified\":\"2024-06-19T19:40:56+00:00\",\"breadcrumb\":{\"@id\":\"https:\/\/porcupinecanvas.com\/fr\/products\/etuis-et-divers\/sacs-pour-les-echantillons-geologiques-2\/#breadcrumb\"},\"inLanguage\":\"fr-CA\",\"potentialAction\":[{\"@type\":\"ReadAction\",\"target\":[\"https:\/\/porcupinecanvas.com\/fr\/products\/etuis-et-divers\/sacs-pour-les-echantillons-geologiques-2\/\"]}]},{\"@type\":\"BreadcrumbList\",\"@id\":\"https:\/\/porcupinecanvas.com\/fr\/products\/etuis-et-divers\/sacs-pour-les-echantillons-geologiques-2\/#breadcrumb\",\"itemListElement\":[{\"@type\":\"ListItem\",\"position\":1,\"name\":\"Home\",\"item\":\"https:\/\/porcupinecanvas.com\/fr\/\"},{\"@type\":\"ListItem\",\"position\":2,\"name\":\"Products\",\"item\":\"https:\/\/porcupine.agencehigh5.com\/shop\/\"},{\"@type\":\"ListItem\",\"position\":3,\"name\":\"Sacs pour les \u00e9chantillons g\u00e9ologiques\"}]},{\"@type\":\"WebSite\",\"@id\":\"https:\/\/porcupine.agencehigh5.com\/#website\",\"url\":\"https:\/\/porcupine.agencehigh5.com\/\",\"name\":\"Porcupine Canvas\",\"description\":\"Gear for the mining industry and the outdoors\",\"publisher\":{\"@id\":\"https:\/\/porcupine.agencehigh5.com\/#organization\"},\"potentialAction\":[{\"@type\":\"SearchAction\",\"target\":{\"@type\":\"EntryPoint\",\"urlTemplate\":\"https:\/\/porcupine.agencehigh5.com\/?s={search_term_string}\"},\"query-input\":\"required name=search_term_string\"}],\"inLanguage\":\"fr-CA\"},{\"@type\":\"Organization\",\"@id\":\"https:\/\/porcupine.agencehigh5.com\/#organization\",\"name\":\"Porcupine Canvas\",\"url\":\"https:\/\/porcupine.agencehigh5.com\/\",\"logo\":{\"@type\":\"ImageObject\",\"inLanguage\":\"fr-CA\",\"@id\":\"https:\/\/porcupine.agencehigh5.com\/#\/schema\/logo\/image\/\",\"url\":\"https:\/\/porcupinecanvas.com\/wp-content\/uploads\/porcupine-canvas-logo.png\",\"contentUrl\":\"https:\/\/porcupinecanvas.com\/wp-content\/uploads\/porcupine-canvas-logo.png\",\"width\":912,\"height\":262,\"caption\":\"Porcupine Canvas\"},\"image\":{\"@id\":\"https:\/\/porcupine.agencehigh5.com\/#\/schema\/logo\/image\/\"}}]}<\/script>\n<!-- \/ Yoast SEO plugin. -->","yoast_head_json":{"title":"Sacs pour les \u00e9chantillons g\u00e9ologiques | Porcupine Canvas","robots":{"index":"index","follow":"follow","max-snippet":"max-snippet:-1","max-image-preview":"max-image-preview:large","max-video-preview":"max-video-preview:-1"},"canonical":"https:\/\/porcupinecanvas.com\/fr\/products\/etuis-et-divers\/sacs-pour-les-echantillons-geologiques-2\/","og_locale":"fr_CA","og_type":"article","og_title":"Sacs pour les \u00e9chantillons g\u00e9ologiques | Porcupine Canvas","og_description":"Porcupine Canvas a d\u00e9velopp\u00e9 ces sacs pour collecter les \u00e9chantillons produits par le forage par circulation inverse (RC). Ils sont con\u00e7us pour un drainage rapide et pour \u00eatre transf\u00e9r\u00e9 directement dans les s\u00e9choirs. Sur chaque sac, une \u00e9tiquette de 2\" x 3\" Hi-Vis (haute visibilit\u00e9) est attach\u00e9e pour une identication facile. Ces sacs peuvent aussi \u00eatre utilis\u00e9s pour recueillir les copeaux des \u00e9chantillons r\u00e9colt\u00e9es avec une perceuse \u00e0 diamant, pour les forages dans les fondri\u00e8res, les morts-terrains et la boue, o\u00f9 l'eau est un souci.","og_url":"https:\/\/porcupinecanvas.com\/fr\/products\/etuis-et-divers\/sacs-pour-les-echantillons-geologiques-2\/","og_site_name":"Porcupine Canvas","article_modified_time":"2024-06-19T19:40:56+00:00","og_image":[{"width":729,"height":484,"url":"https:\/\/porcupinecanvas.com\/wp-content\/uploads\/geofines.jpg","type":"image\/jpeg"}],"twitter_card":"summary_large_image","schema":{"@context":"https:\/\/schema.org","@graph":[{"@type":"WebPage","@id":"https:\/\/porcupinecanvas.com\/fr\/products\/etuis-et-divers\/sacs-pour-les-echantillons-geologiques-2\/","url":"https:\/\/porcupinecanvas.com\/fr\/products\/etuis-et-divers\/sacs-pour-les-echantillons-geologiques-2\/","name":"Sacs pour les \u00e9chantillons g\u00e9ologiques | Porcupine Canvas","isPartOf":{"@id":"https:\/\/porcupine.agencehigh5.com\/#website"},"datePublished":"2022-12-21T19:52:04+00:00","dateModified":"2024-06-19T19:40:56+00:00","breadcrumb":{"@id":"https:\/\/porcupinecanvas.com\/fr\/products\/etuis-et-divers\/sacs-pour-les-echantillons-geologiques-2\/#breadcrumb"},"inLanguage":"fr-CA","potentialAction":[{"@type":"ReadAction","target":["https:\/\/porcupinecanvas.com\/fr\/products\/etuis-et-divers\/sacs-pour-les-echantillons-geologiques-2\/"]}]},{"@type":"BreadcrumbList","@id":"https:\/\/porcupinecanvas.com\/fr\/products\/etuis-et-divers\/sacs-pour-les-echantillons-geologiques-2\/#breadcrumb","itemListElement":[{"@type":"ListItem","position":1,"name":"Home","item":"https:\/\/porcupinecanvas.com\/fr\/"},{"@type":"ListItem","position":2,"name":"Products","item":"https:\/\/porcupine.agencehigh5.com\/shop\/"},{"@type":"ListItem","position":3,"name":"Sacs pour les \u00e9chantillons g\u00e9ologiques"}]},{"@type":"WebSite","@id":"https:\/\/porcupine.agencehigh5.com\/#website","url":"https:\/\/porcupine.agencehigh5.com\/","name":"Porcupine Canvas","description":"Gear for the mining industry and the outdoors","publisher":{"@id":"https:\/\/porcupine.agencehigh5.com\/#organization"},"potentialAction":[{"@type":"SearchAction","target":{"@type":"EntryPoint","urlTemplate":"https:\/\/porcupine.agencehigh5.com\/?s={search_term_string}"},"query-input":"required name=search_term_string"}],"inLanguage":"fr-CA"},{"@type":"Organization","@id":"https:\/\/porcupine.agencehigh5.com\/#organization","name":"Porcupine Canvas","url":"https:\/\/porcupine.agencehigh5.com\/","logo":{"@type":"ImageObject","inLanguage":"fr-CA","@id":"https:\/\/porcupine.agencehigh5.com\/#\/schema\/logo\/image\/","url":"https:\/\/porcupinecanvas.com\/wp-content\/uploads\/porcupine-canvas-logo.png","contentUrl":"https:\/\/porcupinecanvas.com\/wp-content\/uploads\/porcupine-canvas-logo.png","width":912,"height":262,"caption":"Porcupine Canvas"},"image":{"@id":"https:\/\/porcupine.agencehigh5.com\/#\/schema\/logo\/image\/"}}]}},"_links":{"self":[{"href":"https:\/\/porcupinecanvas.com\/fr\/wp-json\/wp\/v2\/product\/1888","targetHints":{"allow":["GET"]}}],"collection":[{"href":"https:\/\/porcupinecanvas.com\/fr\/wp-json\/wp\/v2\/product"}],"about":[{"href":"https:\/\/porcupinecanvas.com\/fr\/wp-json\/wp\/v2\/types\/product"}],"wp:featuredmedia":[{"embeddable":true,"href":"https:\/\/porcupinecanvas.com\/fr\/wp-json\/wp\/v2\/media\/2712"}],"wp:attachment":[{"href":"https:\/\/porcupinecanvas.com\/fr\/wp-json\/wp\/v2\/media?parent=1888"}],"wp:term":[{"taxonomy":"product_cat","embeddable":true,"href":"https:\/\/porcupinecanvas.com\/fr\/wp-json\/wp\/v2\/product_cat?post=1888"},{"taxonomy":"product_tag","embeddable":true,"href":"https:\/\/porcupinecanvas.com\/fr\/wp-json\/wp\/v2\/product_tag?post=1888"}],"curies":[{"name":"wp","href":"https:\/\/api.w.org\/{rel}","templated":true}]}}