{"id":1869,"date":"2022-12-21T14:44:18","date_gmt":"2022-12-21T19:51:49","guid":{"rendered":"https:\/\/porcupinecanvas.com\/products\/uncategorized\/civiere-durgence\/"},"modified":"2024-05-07T12:37:34","modified_gmt":"2024-05-07T16:37:34","slug":"civiere-durgence","status":"publish","type":"product","link":"https:\/\/porcupinecanvas.com\/fr\/products\/sante-et-securite\/civiere-durgence\/","title":{"rendered":"Civi\u00e8re d&#8217;urgence"},"content":{"rendered":"","protected":false},"excerpt":{"rendered":"<p>Cette civi\u00e8re est faite en nylon Cordura robuste avec de la toile de 2&#8243; autour du p\u00e9rim\u00e8tre. S&#8217;ouvre pour faire 6&#8217;4&#8243; de longueur sur 3&#8242; de largeur. Facile \u00e0 plier en une caisse portable compacte de 11&#8243; x 21&#8243;. Chaque caisse est clairement identifi\u00e9e avec la mention \u00ab STRETCHER\/CIVIERE \u00bb.<\/p>\n","protected":false},"featured_media":2675,"template":"","meta":[],"product_cat":[46],"product_tag":[],"class_list":["post-1869","product","type-product","status-publish","has-post-thumbnail","hentry","product_cat-sante-et-securite"],"acf":[],"yoast_head":"<!-- This site is optimized with the Yoast SEO plugin v20.10 - https:\/\/yoast.com\/wordpress\/plugins\/seo\/ -->\n<title>Civi\u00e8re d&#039;urgence | Porcupine Canvas<\/title>\n<meta name=\"robots\" content=\"index, follow, max-snippet:-1, max-image-preview:large, max-video-preview:-1\" \/>\n<link rel=\"canonical\" href=\"https:\/\/porcupinecanvas.com\/fr\/products\/sante-et-securite\/civiere-durgence\/\" \/>\n<meta property=\"og:locale\" content=\"fr_CA\" \/>\n<meta property=\"og:type\" content=\"article\" \/>\n<meta property=\"og:title\" content=\"Civi\u00e8re d&#039;urgence | Porcupine Canvas\" \/>\n<meta property=\"og:description\" content=\"Cette civi\u00e8re est faite en nylon Cordura robuste avec de la toile de 2&quot; autour du p\u00e9rim\u00e8tre. S&#039;ouvre pour faire 6&#039;4&quot; de longueur sur 3&#039; de largeur. Facile \u00e0 plier en une caisse portable compacte de 11&quot; x 21&quot;. Chaque caisse est clairement identifi\u00e9e avec la mention \u00ab STRETCHER\/CIVIERE \u00bb.\" \/>\n<meta property=\"og:url\" content=\"https:\/\/porcupinecanvas.com\/fr\/products\/sante-et-securite\/civiere-durgence\/\" \/>\n<meta property=\"og:site_name\" content=\"Porcupine Canvas\" \/>\n<meta property=\"article:modified_time\" content=\"2024-05-07T16:37:34+00:00\" \/>\n<meta property=\"og:image\" content=\"https:\/\/porcupinecanvas.com\/wp-content\/uploads\/1400.jpg\" \/>\n\t<meta property=\"og:image:width\" content=\"1936\" \/>\n\t<meta property=\"og:image:height\" content=\"1296\" \/>\n\t<meta property=\"og:image:type\" content=\"image\/jpeg\" \/>\n<meta name=\"twitter:card\" content=\"summary_large_image\" \/>\n<script type=\"application\/ld+json\" class=\"yoast-schema-graph\">{\"@context\":\"https:\/\/schema.org\",\"@graph\":[{\"@type\":\"WebPage\",\"@id\":\"https:\/\/porcupinecanvas.com\/fr\/products\/sante-et-securite\/civiere-durgence\/\",\"url\":\"https:\/\/porcupinecanvas.com\/fr\/products\/sante-et-securite\/civiere-durgence\/\",\"name\":\"Civi\u00e8re d'urgence | Porcupine Canvas\",\"isPartOf\":{\"@id\":\"https:\/\/porcupine.agencehigh5.com\/#website\"},\"datePublished\":\"2022-12-21T19:51:49+00:00\",\"dateModified\":\"2024-05-07T16:37:34+00:00\",\"breadcrumb\":{\"@id\":\"https:\/\/porcupinecanvas.com\/fr\/products\/sante-et-securite\/civiere-durgence\/#breadcrumb\"},\"inLanguage\":\"fr-CA\",\"potentialAction\":[{\"@type\":\"ReadAction\",\"target\":[\"https:\/\/porcupinecanvas.com\/fr\/products\/sante-et-securite\/civiere-durgence\/\"]}]},{\"@type\":\"BreadcrumbList\",\"@id\":\"https:\/\/porcupinecanvas.com\/fr\/products\/sante-et-securite\/civiere-durgence\/#breadcrumb\",\"itemListElement\":[{\"@type\":\"ListItem\",\"position\":1,\"name\":\"Home\",\"item\":\"https:\/\/porcupinecanvas.com\/fr\/\"},{\"@type\":\"ListItem\",\"position\":2,\"name\":\"Products\",\"item\":\"https:\/\/porcupine.agencehigh5.com\/shop\/\"},{\"@type\":\"ListItem\",\"position\":3,\"name\":\"Civi\u00e8re d&#8217;urgence\"}]},{\"@type\":\"WebSite\",\"@id\":\"https:\/\/porcupine.agencehigh5.com\/#website\",\"url\":\"https:\/\/porcupine.agencehigh5.com\/\",\"name\":\"Porcupine Canvas\",\"description\":\"Gear for the mining industry and the outdoors\",\"publisher\":{\"@id\":\"https:\/\/porcupine.agencehigh5.com\/#organization\"},\"potentialAction\":[{\"@type\":\"SearchAction\",\"target\":{\"@type\":\"EntryPoint\",\"urlTemplate\":\"https:\/\/porcupine.agencehigh5.com\/?s={search_term_string}\"},\"query-input\":\"required name=search_term_string\"}],\"inLanguage\":\"fr-CA\"},{\"@type\":\"Organization\",\"@id\":\"https:\/\/porcupine.agencehigh5.com\/#organization\",\"name\":\"Porcupine Canvas\",\"url\":\"https:\/\/porcupine.agencehigh5.com\/\",\"logo\":{\"@type\":\"ImageObject\",\"inLanguage\":\"fr-CA\",\"@id\":\"https:\/\/porcupine.agencehigh5.com\/#\/schema\/logo\/image\/\",\"url\":\"https:\/\/porcupinecanvas.com\/wp-content\/uploads\/porcupine-canvas-logo.png\",\"contentUrl\":\"https:\/\/porcupinecanvas.com\/wp-content\/uploads\/porcupine-canvas-logo.png\",\"width\":912,\"height\":262,\"caption\":\"Porcupine Canvas\"},\"image\":{\"@id\":\"https:\/\/porcupine.agencehigh5.com\/#\/schema\/logo\/image\/\"}}]}<\/script>\n<!-- \/ Yoast SEO plugin. -->","yoast_head_json":{"title":"Civi\u00e8re d'urgence | Porcupine Canvas","robots":{"index":"index","follow":"follow","max-snippet":"max-snippet:-1","max-image-preview":"max-image-preview:large","max-video-preview":"max-video-preview:-1"},"canonical":"https:\/\/porcupinecanvas.com\/fr\/products\/sante-et-securite\/civiere-durgence\/","og_locale":"fr_CA","og_type":"article","og_title":"Civi\u00e8re d'urgence | Porcupine Canvas","og_description":"Cette civi\u00e8re est faite en nylon Cordura robuste avec de la toile de 2\" autour du p\u00e9rim\u00e8tre. S'ouvre pour faire 6'4\" de longueur sur 3' de largeur. Facile \u00e0 plier en une caisse portable compacte de 11\" x 21\". Chaque caisse est clairement identifi\u00e9e avec la mention \u00ab STRETCHER\/CIVIERE \u00bb.","og_url":"https:\/\/porcupinecanvas.com\/fr\/products\/sante-et-securite\/civiere-durgence\/","og_site_name":"Porcupine Canvas","article_modified_time":"2024-05-07T16:37:34+00:00","og_image":[{"width":1936,"height":1296,"url":"https:\/\/porcupinecanvas.com\/wp-content\/uploads\/1400.jpg","type":"image\/jpeg"}],"twitter_card":"summary_large_image","schema":{"@context":"https:\/\/schema.org","@graph":[{"@type":"WebPage","@id":"https:\/\/porcupinecanvas.com\/fr\/products\/sante-et-securite\/civiere-durgence\/","url":"https:\/\/porcupinecanvas.com\/fr\/products\/sante-et-securite\/civiere-durgence\/","name":"Civi\u00e8re d'urgence | Porcupine Canvas","isPartOf":{"@id":"https:\/\/porcupine.agencehigh5.com\/#website"},"datePublished":"2022-12-21T19:51:49+00:00","dateModified":"2024-05-07T16:37:34+00:00","breadcrumb":{"@id":"https:\/\/porcupinecanvas.com\/fr\/products\/sante-et-securite\/civiere-durgence\/#breadcrumb"},"inLanguage":"fr-CA","potentialAction":[{"@type":"ReadAction","target":["https:\/\/porcupinecanvas.com\/fr\/products\/sante-et-securite\/civiere-durgence\/"]}]},{"@type":"BreadcrumbList","@id":"https:\/\/porcupinecanvas.com\/fr\/products\/sante-et-securite\/civiere-durgence\/#breadcrumb","itemListElement":[{"@type":"ListItem","position":1,"name":"Home","item":"https:\/\/porcupinecanvas.com\/fr\/"},{"@type":"ListItem","position":2,"name":"Products","item":"https:\/\/porcupine.agencehigh5.com\/shop\/"},{"@type":"ListItem","position":3,"name":"Civi\u00e8re d&#8217;urgence"}]},{"@type":"WebSite","@id":"https:\/\/porcupine.agencehigh5.com\/#website","url":"https:\/\/porcupine.agencehigh5.com\/","name":"Porcupine Canvas","description":"Gear for the mining industry and the outdoors","publisher":{"@id":"https:\/\/porcupine.agencehigh5.com\/#organization"},"potentialAction":[{"@type":"SearchAction","target":{"@type":"EntryPoint","urlTemplate":"https:\/\/porcupine.agencehigh5.com\/?s={search_term_string}"},"query-input":"required name=search_term_string"}],"inLanguage":"fr-CA"},{"@type":"Organization","@id":"https:\/\/porcupine.agencehigh5.com\/#organization","name":"Porcupine Canvas","url":"https:\/\/porcupine.agencehigh5.com\/","logo":{"@type":"ImageObject","inLanguage":"fr-CA","@id":"https:\/\/porcupine.agencehigh5.com\/#\/schema\/logo\/image\/","url":"https:\/\/porcupinecanvas.com\/wp-content\/uploads\/porcupine-canvas-logo.png","contentUrl":"https:\/\/porcupinecanvas.com\/wp-content\/uploads\/porcupine-canvas-logo.png","width":912,"height":262,"caption":"Porcupine Canvas"},"image":{"@id":"https:\/\/porcupine.agencehigh5.com\/#\/schema\/logo\/image\/"}}]}},"_links":{"self":[{"href":"https:\/\/porcupinecanvas.com\/fr\/wp-json\/wp\/v2\/product\/1869","targetHints":{"allow":["GET"]}}],"collection":[{"href":"https:\/\/porcupinecanvas.com\/fr\/wp-json\/wp\/v2\/product"}],"about":[{"href":"https:\/\/porcupinecanvas.com\/fr\/wp-json\/wp\/v2\/types\/product"}],"wp:featuredmedia":[{"embeddable":true,"href":"https:\/\/porcupinecanvas.com\/fr\/wp-json\/wp\/v2\/media\/2675"}],"wp:attachment":[{"href":"https:\/\/porcupinecanvas.com\/fr\/wp-json\/wp\/v2\/media?parent=1869"}],"wp:term":[{"taxonomy":"product_cat","embeddable":true,"href":"https:\/\/porcupinecanvas.com\/fr\/wp-json\/wp\/v2\/product_cat?post=1869"},{"taxonomy":"product_tag","embeddable":true,"href":"https:\/\/porcupinecanvas.com\/fr\/wp-json\/wp\/v2\/product_tag?post=1869"}],"curies":[{"name":"wp","href":"https:\/\/api.w.org\/{rel}","templated":true}]}}