{"id":1867,"date":"2022-12-21T16:11:57","date_gmt":"2022-12-21T19:51:49","guid":{"rendered":"https:\/\/porcupinecanvas.com\/products\/uncategorized\/refuge-portable-4\/"},"modified":"2022-12-21T14:51:59","modified_gmt":"2022-12-21T19:51:59","slug":"refuge-portable-4","status":"publish","type":"product","link":"https:\/\/porcupinecanvas.com\/fr\/products\/sante-et-securite\/refuge-portable-4\/","title":{"rendered":"Refuge portable"},"content":{"rendered":"","protected":false},"excerpt":{"rendered":"<p>Refuge portable facile \u00e0 installer. Fabriqu\u00e9 en vinyle de 18 oz retardateur de flamme. Porte \u00e0 zipper, toit solide et connecteur sur le toit pour un tuyau d&#8217;air. Une fois connect\u00e9e, une zone de pression positive est cr\u00e9\u00e9e et les occupants sont prot\u00e9g\u00e9s contre l&#8217;inhalation de fum\u00e9e. La mention \u00ab EMERGENCY SHELTER \u00bb est imprim\u00e9e sur le refuge en lettrage r\u00e9fl\u00e9chissant pour une meilleure visibilit\u00e9 sous-terre. Fait pour 4 personnes. 4&#8242;  x  4&#8242; x 7&#8242;<\/p>\n","protected":false},"featured_media":1633,"template":"","meta":[],"product_cat":[46],"product_tag":[],"class_list":["post-1867","product","type-product","status-publish","has-post-thumbnail","hentry","product_cat-sante-et-securite"],"acf":[],"yoast_head":"<!-- This site is optimized with the Yoast SEO plugin v20.10 - https:\/\/yoast.com\/wordpress\/plugins\/seo\/ -->\n<title>Refuge portable | Porcupine Canvas<\/title>\n<meta name=\"robots\" content=\"index, follow, max-snippet:-1, max-image-preview:large, max-video-preview:-1\" \/>\n<link rel=\"canonical\" href=\"https:\/\/porcupine.agencehigh5.com\/fr\/products\/sante-et-securite\/refuge-portable-4\/\" \/>\n<meta property=\"og:locale\" content=\"fr_CA\" \/>\n<meta property=\"og:type\" content=\"article\" \/>\n<meta property=\"og:title\" content=\"Refuge portable | Porcupine Canvas\" \/>\n<meta property=\"og:description\" content=\"Refuge portable facile \u00e0 installer. Fabriqu\u00e9 en vinyle de 18 oz retardateur de flamme. Porte \u00e0 zipper, toit solide et connecteur sur le toit pour un tuyau d&#039;air. Une fois connect\u00e9e, une zone de pression positive est cr\u00e9\u00e9e et les occupants sont prot\u00e9g\u00e9s contre l&#039;inhalation de fum\u00e9e. La mention \u00ab EMERGENCY SHELTER \u00bb est imprim\u00e9e sur le refuge en lettrage r\u00e9fl\u00e9chissant pour une meilleure visibilit\u00e9 sous-terre. Fait pour 4 personnes. 4&#039; x 4&#039; x 7&#039;\" \/>\n<meta property=\"og:url\" content=\"https:\/\/porcupine.agencehigh5.com\/fr\/products\/sante-et-securite\/refuge-portable-4\/\" \/>\n<meta property=\"og:site_name\" content=\"Porcupine Canvas\" \/>\n<meta property=\"article:modified_time\" content=\"2022-12-21T19:51:59+00:00\" \/>\n<meta property=\"og:image\" content=\"https:\/\/porcupine.agencehigh5.com\/wp-content\/uploads\/produit-shelter-1383-01-featured.jpg\" \/>\n\t<meta property=\"og:image:width\" content=\"1280\" \/>\n\t<meta property=\"og:image:height\" content=\"1280\" \/>\n\t<meta property=\"og:image:type\" content=\"image\/jpeg\" \/>\n<meta name=\"twitter:card\" content=\"summary_large_image\" \/>\n<script type=\"application\/ld+json\" class=\"yoast-schema-graph\">{\"@context\":\"https:\/\/schema.org\",\"@graph\":[{\"@type\":\"WebPage\",\"@id\":\"https:\/\/porcupine.agencehigh5.com\/fr\/products\/sante-et-securite\/refuge-portable-4\/\",\"url\":\"https:\/\/porcupine.agencehigh5.com\/fr\/products\/sante-et-securite\/refuge-portable-4\/\",\"name\":\"Refuge portable | Porcupine Canvas\",\"isPartOf\":{\"@id\":\"https:\/\/porcupine.agencehigh5.com\/#website\"},\"datePublished\":\"2022-12-21T19:51:49+00:00\",\"dateModified\":\"2022-12-21T19:51:59+00:00\",\"breadcrumb\":{\"@id\":\"https:\/\/porcupine.agencehigh5.com\/fr\/products\/sante-et-securite\/refuge-portable-4\/#breadcrumb\"},\"inLanguage\":\"fr-CA\",\"potentialAction\":[{\"@type\":\"ReadAction\",\"target\":[\"https:\/\/porcupine.agencehigh5.com\/fr\/products\/sante-et-securite\/refuge-portable-4\/\"]}]},{\"@type\":\"BreadcrumbList\",\"@id\":\"https:\/\/porcupine.agencehigh5.com\/fr\/products\/sante-et-securite\/refuge-portable-4\/#breadcrumb\",\"itemListElement\":[{\"@type\":\"ListItem\",\"position\":1,\"name\":\"Home\",\"item\":\"https:\/\/porcupinecanvas.com\/fr\/\"},{\"@type\":\"ListItem\",\"position\":2,\"name\":\"Products\",\"item\":\"https:\/\/porcupine.agencehigh5.com\/shop\/\"},{\"@type\":\"ListItem\",\"position\":3,\"name\":\"Refuge portable\"}]},{\"@type\":\"WebSite\",\"@id\":\"https:\/\/porcupine.agencehigh5.com\/#website\",\"url\":\"https:\/\/porcupine.agencehigh5.com\/\",\"name\":\"Porcupine Canvas\",\"description\":\"Gear for the mining industry and the outdoors\",\"publisher\":{\"@id\":\"https:\/\/porcupine.agencehigh5.com\/#organization\"},\"potentialAction\":[{\"@type\":\"SearchAction\",\"target\":{\"@type\":\"EntryPoint\",\"urlTemplate\":\"https:\/\/porcupine.agencehigh5.com\/?s={search_term_string}\"},\"query-input\":\"required name=search_term_string\"}],\"inLanguage\":\"fr-CA\"},{\"@type\":\"Organization\",\"@id\":\"https:\/\/porcupine.agencehigh5.com\/#organization\",\"name\":\"Porcupine Canvas\",\"url\":\"https:\/\/porcupine.agencehigh5.com\/\",\"logo\":{\"@type\":\"ImageObject\",\"inLanguage\":\"fr-CA\",\"@id\":\"https:\/\/porcupine.agencehigh5.com\/#\/schema\/logo\/image\/\",\"url\":\"https:\/\/porcupinecanvas.com\/wp-content\/uploads\/porcupine-canvas-logo.png\",\"contentUrl\":\"https:\/\/porcupinecanvas.com\/wp-content\/uploads\/porcupine-canvas-logo.png\",\"width\":912,\"height\":262,\"caption\":\"Porcupine Canvas\"},\"image\":{\"@id\":\"https:\/\/porcupine.agencehigh5.com\/#\/schema\/logo\/image\/\"}}]}<\/script>\n<!-- \/ Yoast SEO plugin. -->","yoast_head_json":{"title":"Refuge portable | Porcupine Canvas","robots":{"index":"index","follow":"follow","max-snippet":"max-snippet:-1","max-image-preview":"max-image-preview:large","max-video-preview":"max-video-preview:-1"},"canonical":"https:\/\/porcupine.agencehigh5.com\/fr\/products\/sante-et-securite\/refuge-portable-4\/","og_locale":"fr_CA","og_type":"article","og_title":"Refuge portable | Porcupine Canvas","og_description":"Refuge portable facile \u00e0 installer. Fabriqu\u00e9 en vinyle de 18 oz retardateur de flamme. Porte \u00e0 zipper, toit solide et connecteur sur le toit pour un tuyau d'air. Une fois connect\u00e9e, une zone de pression positive est cr\u00e9\u00e9e et les occupants sont prot\u00e9g\u00e9s contre l'inhalation de fum\u00e9e. La mention \u00ab EMERGENCY SHELTER \u00bb est imprim\u00e9e sur le refuge en lettrage r\u00e9fl\u00e9chissant pour une meilleure visibilit\u00e9 sous-terre. Fait pour 4 personnes. 4' x 4' x 7'","og_url":"https:\/\/porcupine.agencehigh5.com\/fr\/products\/sante-et-securite\/refuge-portable-4\/","og_site_name":"Porcupine Canvas","article_modified_time":"2022-12-21T19:51:59+00:00","og_image":[{"width":1280,"height":1280,"url":"https:\/\/porcupine.agencehigh5.com\/wp-content\/uploads\/produit-shelter-1383-01-featured.jpg","type":"image\/jpeg"}],"twitter_card":"summary_large_image","schema":{"@context":"https:\/\/schema.org","@graph":[{"@type":"WebPage","@id":"https:\/\/porcupine.agencehigh5.com\/fr\/products\/sante-et-securite\/refuge-portable-4\/","url":"https:\/\/porcupine.agencehigh5.com\/fr\/products\/sante-et-securite\/refuge-portable-4\/","name":"Refuge portable | Porcupine Canvas","isPartOf":{"@id":"https:\/\/porcupine.agencehigh5.com\/#website"},"datePublished":"2022-12-21T19:51:49+00:00","dateModified":"2022-12-21T19:51:59+00:00","breadcrumb":{"@id":"https:\/\/porcupine.agencehigh5.com\/fr\/products\/sante-et-securite\/refuge-portable-4\/#breadcrumb"},"inLanguage":"fr-CA","potentialAction":[{"@type":"ReadAction","target":["https:\/\/porcupine.agencehigh5.com\/fr\/products\/sante-et-securite\/refuge-portable-4\/"]}]},{"@type":"BreadcrumbList","@id":"https:\/\/porcupine.agencehigh5.com\/fr\/products\/sante-et-securite\/refuge-portable-4\/#breadcrumb","itemListElement":[{"@type":"ListItem","position":1,"name":"Home","item":"https:\/\/porcupinecanvas.com\/fr\/"},{"@type":"ListItem","position":2,"name":"Products","item":"https:\/\/porcupine.agencehigh5.com\/shop\/"},{"@type":"ListItem","position":3,"name":"Refuge portable"}]},{"@type":"WebSite","@id":"https:\/\/porcupine.agencehigh5.com\/#website","url":"https:\/\/porcupine.agencehigh5.com\/","name":"Porcupine Canvas","description":"Gear for the mining industry and the outdoors","publisher":{"@id":"https:\/\/porcupine.agencehigh5.com\/#organization"},"potentialAction":[{"@type":"SearchAction","target":{"@type":"EntryPoint","urlTemplate":"https:\/\/porcupine.agencehigh5.com\/?s={search_term_string}"},"query-input":"required name=search_term_string"}],"inLanguage":"fr-CA"},{"@type":"Organization","@id":"https:\/\/porcupine.agencehigh5.com\/#organization","name":"Porcupine Canvas","url":"https:\/\/porcupine.agencehigh5.com\/","logo":{"@type":"ImageObject","inLanguage":"fr-CA","@id":"https:\/\/porcupine.agencehigh5.com\/#\/schema\/logo\/image\/","url":"https:\/\/porcupinecanvas.com\/wp-content\/uploads\/porcupine-canvas-logo.png","contentUrl":"https:\/\/porcupinecanvas.com\/wp-content\/uploads\/porcupine-canvas-logo.png","width":912,"height":262,"caption":"Porcupine Canvas"},"image":{"@id":"https:\/\/porcupine.agencehigh5.com\/#\/schema\/logo\/image\/"}}]}},"_links":{"self":[{"href":"https:\/\/porcupinecanvas.com\/fr\/wp-json\/wp\/v2\/product\/1867","targetHints":{"allow":["GET"]}}],"collection":[{"href":"https:\/\/porcupinecanvas.com\/fr\/wp-json\/wp\/v2\/product"}],"about":[{"href":"https:\/\/porcupinecanvas.com\/fr\/wp-json\/wp\/v2\/types\/product"}],"wp:featuredmedia":[{"embeddable":true,"href":"https:\/\/porcupinecanvas.com\/fr\/wp-json\/wp\/v2\/media\/1633"}],"wp:attachment":[{"href":"https:\/\/porcupinecanvas.com\/fr\/wp-json\/wp\/v2\/media?parent=1867"}],"wp:term":[{"taxonomy":"product_cat","embeddable":true,"href":"https:\/\/porcupinecanvas.com\/fr\/wp-json\/wp\/v2\/product_cat?post=1867"},{"taxonomy":"product_tag","embeddable":true,"href":"https:\/\/porcupinecanvas.com\/fr\/wp-json\/wp\/v2\/product_tag?post=1867"}],"curies":[{"name":"wp","href":"https:\/\/api.w.org\/{rel}","templated":true}]}}