{"id":1847,"date":"2022-12-21T16:11:45","date_gmt":"2022-12-21T19:51:35","guid":{"rendered":"https:\/\/porcupinecanvas.com\/products\/uncategorized\/sac-a-outils-generique\/"},"modified":"2022-12-21T14:51:45","modified_gmt":"2022-12-21T19:51:45","slug":"sac-a-outils-generique","status":"publish","type":"product","link":"https:\/\/porcupinecanvas.com\/fr\/products\/sacs\/sac-a-outils-generique\/","title":{"rendered":"Sac \u00e0 outils g\u00e9n\u00e9rique"},"content":{"rendered":"","protected":false},"excerpt":{"rendered":"<p>Ce sac \u00e0 outils vous permet de tout amener avec vous. Fabriqu\u00e9 en toile #6 Duck avec un fond renforc\u00e9 en vinyle pour vous durer toute une vie. Bretelle ajustable et confortable, bande r\u00e9fl\u00e9chissante et fermeture \u00e0 mousqueton. 16&#8243; x 18&#8243; x 8&#8243;<\/p>\n","protected":false},"featured_media":1468,"template":"","meta":[],"product_cat":[44],"product_tag":[],"class_list":["post-1847","product","type-product","status-publish","has-post-thumbnail","hentry","product_cat-sacs"],"acf":[],"yoast_head":"<!-- This site is optimized with the Yoast SEO plugin v20.10 - https:\/\/yoast.com\/wordpress\/plugins\/seo\/ -->\n<title>Sac \u00e0 outils g\u00e9n\u00e9rique | Porcupine Canvas<\/title>\n<meta name=\"robots\" content=\"index, follow, max-snippet:-1, max-image-preview:large, max-video-preview:-1\" \/>\n<link rel=\"canonical\" href=\"https:\/\/porcupine.agencehigh5.com\/fr\/products\/sacs\/sac-a-outils-generique\/\" \/>\n<meta property=\"og:locale\" content=\"fr_CA\" \/>\n<meta property=\"og:type\" content=\"article\" \/>\n<meta property=\"og:title\" content=\"Sac \u00e0 outils g\u00e9n\u00e9rique | Porcupine Canvas\" \/>\n<meta property=\"og:description\" content=\"Ce sac \u00e0 outils vous permet de tout amener avec vous. Fabriqu\u00e9 en toile #6 Duck avec un fond renforc\u00e9 en vinyle pour vous durer toute une vie. Bretelle ajustable et confortable, bande r\u00e9fl\u00e9chissante et fermeture \u00e0 mousqueton. 16&quot; x 18&quot; x 8&quot;\" \/>\n<meta property=\"og:url\" content=\"https:\/\/porcupine.agencehigh5.com\/fr\/products\/sacs\/sac-a-outils-generique\/\" \/>\n<meta property=\"og:site_name\" content=\"Porcupine Canvas\" \/>\n<meta property=\"article:modified_time\" content=\"2022-12-21T19:51:45+00:00\" \/>\n<meta property=\"og:image\" content=\"https:\/\/porcupine.agencehigh5.com\/wp-content\/uploads\/produit-1235-01-featured.jpg\" \/>\n\t<meta property=\"og:image:width\" content=\"1280\" \/>\n\t<meta property=\"og:image:height\" content=\"1280\" \/>\n\t<meta property=\"og:image:type\" content=\"image\/jpeg\" \/>\n<meta name=\"twitter:card\" content=\"summary_large_image\" \/>\n<script type=\"application\/ld+json\" class=\"yoast-schema-graph\">{\"@context\":\"https:\/\/schema.org\",\"@graph\":[{\"@type\":\"WebPage\",\"@id\":\"https:\/\/porcupine.agencehigh5.com\/fr\/products\/sacs\/sac-a-outils-generique\/\",\"url\":\"https:\/\/porcupine.agencehigh5.com\/fr\/products\/sacs\/sac-a-outils-generique\/\",\"name\":\"Sac \u00e0 outils g\u00e9n\u00e9rique | Porcupine Canvas\",\"isPartOf\":{\"@id\":\"https:\/\/porcupine.agencehigh5.com\/#website\"},\"datePublished\":\"2022-12-21T19:51:35+00:00\",\"dateModified\":\"2022-12-21T19:51:45+00:00\",\"breadcrumb\":{\"@id\":\"https:\/\/porcupine.agencehigh5.com\/fr\/products\/sacs\/sac-a-outils-generique\/#breadcrumb\"},\"inLanguage\":\"fr-CA\",\"potentialAction\":[{\"@type\":\"ReadAction\",\"target\":[\"https:\/\/porcupine.agencehigh5.com\/fr\/products\/sacs\/sac-a-outils-generique\/\"]}]},{\"@type\":\"BreadcrumbList\",\"@id\":\"https:\/\/porcupine.agencehigh5.com\/fr\/products\/sacs\/sac-a-outils-generique\/#breadcrumb\",\"itemListElement\":[{\"@type\":\"ListItem\",\"position\":1,\"name\":\"Home\",\"item\":\"https:\/\/porcupinecanvas.com\/fr\/\"},{\"@type\":\"ListItem\",\"position\":2,\"name\":\"Products\",\"item\":\"https:\/\/porcupine.agencehigh5.com\/shop\/\"},{\"@type\":\"ListItem\",\"position\":3,\"name\":\"Sac \u00e0 outils g\u00e9n\u00e9rique\"}]},{\"@type\":\"WebSite\",\"@id\":\"https:\/\/porcupine.agencehigh5.com\/#website\",\"url\":\"https:\/\/porcupine.agencehigh5.com\/\",\"name\":\"Porcupine Canvas\",\"description\":\"Gear for the mining industry and the outdoors\",\"publisher\":{\"@id\":\"https:\/\/porcupine.agencehigh5.com\/#organization\"},\"potentialAction\":[{\"@type\":\"SearchAction\",\"target\":{\"@type\":\"EntryPoint\",\"urlTemplate\":\"https:\/\/porcupine.agencehigh5.com\/?s={search_term_string}\"},\"query-input\":\"required name=search_term_string\"}],\"inLanguage\":\"fr-CA\"},{\"@type\":\"Organization\",\"@id\":\"https:\/\/porcupine.agencehigh5.com\/#organization\",\"name\":\"Porcupine Canvas\",\"url\":\"https:\/\/porcupine.agencehigh5.com\/\",\"logo\":{\"@type\":\"ImageObject\",\"inLanguage\":\"fr-CA\",\"@id\":\"https:\/\/porcupine.agencehigh5.com\/#\/schema\/logo\/image\/\",\"url\":\"https:\/\/porcupinecanvas.com\/wp-content\/uploads\/porcupine-canvas-logo.png\",\"contentUrl\":\"https:\/\/porcupinecanvas.com\/wp-content\/uploads\/porcupine-canvas-logo.png\",\"width\":912,\"height\":262,\"caption\":\"Porcupine Canvas\"},\"image\":{\"@id\":\"https:\/\/porcupine.agencehigh5.com\/#\/schema\/logo\/image\/\"}}]}<\/script>\n<!-- \/ Yoast SEO plugin. -->","yoast_head_json":{"title":"Sac \u00e0 outils g\u00e9n\u00e9rique | Porcupine Canvas","robots":{"index":"index","follow":"follow","max-snippet":"max-snippet:-1","max-image-preview":"max-image-preview:large","max-video-preview":"max-video-preview:-1"},"canonical":"https:\/\/porcupine.agencehigh5.com\/fr\/products\/sacs\/sac-a-outils-generique\/","og_locale":"fr_CA","og_type":"article","og_title":"Sac \u00e0 outils g\u00e9n\u00e9rique | Porcupine Canvas","og_description":"Ce sac \u00e0 outils vous permet de tout amener avec vous. Fabriqu\u00e9 en toile #6 Duck avec un fond renforc\u00e9 en vinyle pour vous durer toute une vie. Bretelle ajustable et confortable, bande r\u00e9fl\u00e9chissante et fermeture \u00e0 mousqueton. 16\" x 18\" x 8\"","og_url":"https:\/\/porcupine.agencehigh5.com\/fr\/products\/sacs\/sac-a-outils-generique\/","og_site_name":"Porcupine Canvas","article_modified_time":"2022-12-21T19:51:45+00:00","og_image":[{"width":1280,"height":1280,"url":"https:\/\/porcupine.agencehigh5.com\/wp-content\/uploads\/produit-1235-01-featured.jpg","type":"image\/jpeg"}],"twitter_card":"summary_large_image","schema":{"@context":"https:\/\/schema.org","@graph":[{"@type":"WebPage","@id":"https:\/\/porcupine.agencehigh5.com\/fr\/products\/sacs\/sac-a-outils-generique\/","url":"https:\/\/porcupine.agencehigh5.com\/fr\/products\/sacs\/sac-a-outils-generique\/","name":"Sac \u00e0 outils g\u00e9n\u00e9rique | Porcupine Canvas","isPartOf":{"@id":"https:\/\/porcupine.agencehigh5.com\/#website"},"datePublished":"2022-12-21T19:51:35+00:00","dateModified":"2022-12-21T19:51:45+00:00","breadcrumb":{"@id":"https:\/\/porcupine.agencehigh5.com\/fr\/products\/sacs\/sac-a-outils-generique\/#breadcrumb"},"inLanguage":"fr-CA","potentialAction":[{"@type":"ReadAction","target":["https:\/\/porcupine.agencehigh5.com\/fr\/products\/sacs\/sac-a-outils-generique\/"]}]},{"@type":"BreadcrumbList","@id":"https:\/\/porcupine.agencehigh5.com\/fr\/products\/sacs\/sac-a-outils-generique\/#breadcrumb","itemListElement":[{"@type":"ListItem","position":1,"name":"Home","item":"https:\/\/porcupinecanvas.com\/fr\/"},{"@type":"ListItem","position":2,"name":"Products","item":"https:\/\/porcupine.agencehigh5.com\/shop\/"},{"@type":"ListItem","position":3,"name":"Sac \u00e0 outils g\u00e9n\u00e9rique"}]},{"@type":"WebSite","@id":"https:\/\/porcupine.agencehigh5.com\/#website","url":"https:\/\/porcupine.agencehigh5.com\/","name":"Porcupine Canvas","description":"Gear for the mining industry and the outdoors","publisher":{"@id":"https:\/\/porcupine.agencehigh5.com\/#organization"},"potentialAction":[{"@type":"SearchAction","target":{"@type":"EntryPoint","urlTemplate":"https:\/\/porcupine.agencehigh5.com\/?s={search_term_string}"},"query-input":"required name=search_term_string"}],"inLanguage":"fr-CA"},{"@type":"Organization","@id":"https:\/\/porcupine.agencehigh5.com\/#organization","name":"Porcupine Canvas","url":"https:\/\/porcupine.agencehigh5.com\/","logo":{"@type":"ImageObject","inLanguage":"fr-CA","@id":"https:\/\/porcupine.agencehigh5.com\/#\/schema\/logo\/image\/","url":"https:\/\/porcupinecanvas.com\/wp-content\/uploads\/porcupine-canvas-logo.png","contentUrl":"https:\/\/porcupinecanvas.com\/wp-content\/uploads\/porcupine-canvas-logo.png","width":912,"height":262,"caption":"Porcupine Canvas"},"image":{"@id":"https:\/\/porcupine.agencehigh5.com\/#\/schema\/logo\/image\/"}}]}},"_links":{"self":[{"href":"https:\/\/porcupinecanvas.com\/fr\/wp-json\/wp\/v2\/product\/1847","targetHints":{"allow":["GET"]}}],"collection":[{"href":"https:\/\/porcupinecanvas.com\/fr\/wp-json\/wp\/v2\/product"}],"about":[{"href":"https:\/\/porcupinecanvas.com\/fr\/wp-json\/wp\/v2\/types\/product"}],"wp:featuredmedia":[{"embeddable":true,"href":"https:\/\/porcupinecanvas.com\/fr\/wp-json\/wp\/v2\/media\/1468"}],"wp:attachment":[{"href":"https:\/\/porcupinecanvas.com\/fr\/wp-json\/wp\/v2\/media?parent=1847"}],"wp:term":[{"taxonomy":"product_cat","embeddable":true,"href":"https:\/\/porcupinecanvas.com\/fr\/wp-json\/wp\/v2\/product_cat?post=1847"},{"taxonomy":"product_tag","embeddable":true,"href":"https:\/\/porcupinecanvas.com\/fr\/wp-json\/wp\/v2\/product_tag?post=1847"}],"curies":[{"name":"wp","href":"https:\/\/api.w.org\/{rel}","templated":true}]}}