{"id":1818,"date":"2022-12-21T16:11:31","date_gmt":"2022-12-21T19:51:20","guid":{"rendered":"https:\/\/porcupinecanvas.com\/products\/uncategorized\/pochette-fourre-tout-2\/"},"modified":"2022-12-21T14:51:23","modified_gmt":"2022-12-21T19:51:23","slug":"pochette-fourre-tout-2","status":"publish","type":"product","link":"https:\/\/porcupinecanvas.com\/fr\/products\/sacs\/pochette-fourre-tout-2\/","title":{"rendered":"Pochette fourre-tout"},"content":{"rendered":"","protected":false},"excerpt":{"rendered":"<p>Notre pochette fourre-tout m\u00e9rite bien son nom! Elle est faite en nylon Cordura avec fond doublement renforc\u00e9, bretelle ajustable et bande r\u00e9fl\u00e9chissante. Grande pochette int\u00e9rieure, avec poches \u00e0 zipper dans le rabat et \u00e0 l&#8217;arri\u00e8re. Fermeture lat\u00e9rale. Bande r\u00e9fl\u00e9chissante pour visibilit\u00e9 accrue. Le mod\u00e8le MOD de la pochette fourre-tou dispose d&#8217;une fermeture \u00e0 zipper et peut contenir un masque de protection pour le travail de b\u00e9ton projet\u00e9. 12&#8243; x 12&#8243; x 6&#8243;<\/p>\n","protected":false},"featured_media":1300,"template":"","meta":[],"product_cat":[44],"product_tag":[],"class_list":["post-1818","product","type-product","status-publish","has-post-thumbnail","hentry","product_cat-sacs"],"acf":[],"yoast_head":"<!-- This site is optimized with the Yoast SEO plugin v20.10 - https:\/\/yoast.com\/wordpress\/plugins\/seo\/ -->\n<title>Pochette fourre-tout | Porcupine Canvas<\/title>\n<meta name=\"robots\" content=\"index, follow, max-snippet:-1, max-image-preview:large, max-video-preview:-1\" \/>\n<link rel=\"canonical\" href=\"https:\/\/porcupine.agencehigh5.com\/fr\/products\/sacs\/pochette-fourre-tout-2\/\" \/>\n<meta property=\"og:locale\" content=\"fr_CA\" \/>\n<meta property=\"og:type\" content=\"article\" \/>\n<meta property=\"og:title\" content=\"Pochette fourre-tout | Porcupine Canvas\" \/>\n<meta property=\"og:description\" content=\"Notre pochette fourre-tout m\u00e9rite bien son nom! Elle est faite en nylon Cordura avec fond doublement renforc\u00e9, bretelle ajustable et bande r\u00e9fl\u00e9chissante. Grande pochette int\u00e9rieure, avec poches \u00e0 zipper dans le rabat et \u00e0 l&#039;arri\u00e8re. Fermeture lat\u00e9rale. Bande r\u00e9fl\u00e9chissante pour visibilit\u00e9 accrue. Le mod\u00e8le MOD de la pochette fourre-tou dispose d&#039;une fermeture \u00e0 zipper et peut contenir un masque de protection pour le travail de b\u00e9ton projet\u00e9. 12&quot; x 12&quot; x 6&quot;\" \/>\n<meta property=\"og:url\" content=\"https:\/\/porcupine.agencehigh5.com\/fr\/products\/sacs\/pochette-fourre-tout-2\/\" \/>\n<meta property=\"og:site_name\" content=\"Porcupine Canvas\" \/>\n<meta property=\"article:modified_time\" content=\"2022-12-21T19:51:23+00:00\" \/>\n<meta property=\"og:image\" content=\"https:\/\/porcupine.agencehigh5.com\/wp-content\/uploads\/produit-1200-mod-01-featured.jpg\" \/>\n\t<meta property=\"og:image:width\" content=\"1280\" \/>\n\t<meta property=\"og:image:height\" content=\"1280\" \/>\n\t<meta property=\"og:image:type\" content=\"image\/jpeg\" \/>\n<meta name=\"twitter:card\" content=\"summary_large_image\" \/>\n<script type=\"application\/ld+json\" class=\"yoast-schema-graph\">{\"@context\":\"https:\/\/schema.org\",\"@graph\":[{\"@type\":\"WebPage\",\"@id\":\"https:\/\/porcupine.agencehigh5.com\/fr\/products\/sacs\/pochette-fourre-tout-2\/\",\"url\":\"https:\/\/porcupine.agencehigh5.com\/fr\/products\/sacs\/pochette-fourre-tout-2\/\",\"name\":\"Pochette fourre-tout | Porcupine Canvas\",\"isPartOf\":{\"@id\":\"https:\/\/porcupine.agencehigh5.com\/#website\"},\"datePublished\":\"2022-12-21T19:51:20+00:00\",\"dateModified\":\"2022-12-21T19:51:23+00:00\",\"breadcrumb\":{\"@id\":\"https:\/\/porcupine.agencehigh5.com\/fr\/products\/sacs\/pochette-fourre-tout-2\/#breadcrumb\"},\"inLanguage\":\"fr-CA\",\"potentialAction\":[{\"@type\":\"ReadAction\",\"target\":[\"https:\/\/porcupine.agencehigh5.com\/fr\/products\/sacs\/pochette-fourre-tout-2\/\"]}]},{\"@type\":\"BreadcrumbList\",\"@id\":\"https:\/\/porcupine.agencehigh5.com\/fr\/products\/sacs\/pochette-fourre-tout-2\/#breadcrumb\",\"itemListElement\":[{\"@type\":\"ListItem\",\"position\":1,\"name\":\"Home\",\"item\":\"https:\/\/porcupinecanvas.com\/fr\/\"},{\"@type\":\"ListItem\",\"position\":2,\"name\":\"Products\",\"item\":\"https:\/\/porcupine.agencehigh5.com\/shop\/\"},{\"@type\":\"ListItem\",\"position\":3,\"name\":\"Pochette fourre-tout\"}]},{\"@type\":\"WebSite\",\"@id\":\"https:\/\/porcupine.agencehigh5.com\/#website\",\"url\":\"https:\/\/porcupine.agencehigh5.com\/\",\"name\":\"Porcupine Canvas\",\"description\":\"Gear for the mining industry and the outdoors\",\"publisher\":{\"@id\":\"https:\/\/porcupine.agencehigh5.com\/#organization\"},\"potentialAction\":[{\"@type\":\"SearchAction\",\"target\":{\"@type\":\"EntryPoint\",\"urlTemplate\":\"https:\/\/porcupine.agencehigh5.com\/?s={search_term_string}\"},\"query-input\":\"required name=search_term_string\"}],\"inLanguage\":\"fr-CA\"},{\"@type\":\"Organization\",\"@id\":\"https:\/\/porcupine.agencehigh5.com\/#organization\",\"name\":\"Porcupine Canvas\",\"url\":\"https:\/\/porcupine.agencehigh5.com\/\",\"logo\":{\"@type\":\"ImageObject\",\"inLanguage\":\"fr-CA\",\"@id\":\"https:\/\/porcupine.agencehigh5.com\/#\/schema\/logo\/image\/\",\"url\":\"https:\/\/porcupinecanvas.com\/wp-content\/uploads\/porcupine-canvas-logo.png\",\"contentUrl\":\"https:\/\/porcupinecanvas.com\/wp-content\/uploads\/porcupine-canvas-logo.png\",\"width\":912,\"height\":262,\"caption\":\"Porcupine Canvas\"},\"image\":{\"@id\":\"https:\/\/porcupine.agencehigh5.com\/#\/schema\/logo\/image\/\"}}]}<\/script>\n<!-- \/ Yoast SEO plugin. -->","yoast_head_json":{"title":"Pochette fourre-tout | Porcupine Canvas","robots":{"index":"index","follow":"follow","max-snippet":"max-snippet:-1","max-image-preview":"max-image-preview:large","max-video-preview":"max-video-preview:-1"},"canonical":"https:\/\/porcupine.agencehigh5.com\/fr\/products\/sacs\/pochette-fourre-tout-2\/","og_locale":"fr_CA","og_type":"article","og_title":"Pochette fourre-tout | Porcupine Canvas","og_description":"Notre pochette fourre-tout m\u00e9rite bien son nom! Elle est faite en nylon Cordura avec fond doublement renforc\u00e9, bretelle ajustable et bande r\u00e9fl\u00e9chissante. Grande pochette int\u00e9rieure, avec poches \u00e0 zipper dans le rabat et \u00e0 l'arri\u00e8re. Fermeture lat\u00e9rale. Bande r\u00e9fl\u00e9chissante pour visibilit\u00e9 accrue. Le mod\u00e8le MOD de la pochette fourre-tou dispose d'une fermeture \u00e0 zipper et peut contenir un masque de protection pour le travail de b\u00e9ton projet\u00e9. 12\" x 12\" x 6\"","og_url":"https:\/\/porcupine.agencehigh5.com\/fr\/products\/sacs\/pochette-fourre-tout-2\/","og_site_name":"Porcupine Canvas","article_modified_time":"2022-12-21T19:51:23+00:00","og_image":[{"width":1280,"height":1280,"url":"https:\/\/porcupine.agencehigh5.com\/wp-content\/uploads\/produit-1200-mod-01-featured.jpg","type":"image\/jpeg"}],"twitter_card":"summary_large_image","schema":{"@context":"https:\/\/schema.org","@graph":[{"@type":"WebPage","@id":"https:\/\/porcupine.agencehigh5.com\/fr\/products\/sacs\/pochette-fourre-tout-2\/","url":"https:\/\/porcupine.agencehigh5.com\/fr\/products\/sacs\/pochette-fourre-tout-2\/","name":"Pochette fourre-tout | Porcupine Canvas","isPartOf":{"@id":"https:\/\/porcupine.agencehigh5.com\/#website"},"datePublished":"2022-12-21T19:51:20+00:00","dateModified":"2022-12-21T19:51:23+00:00","breadcrumb":{"@id":"https:\/\/porcupine.agencehigh5.com\/fr\/products\/sacs\/pochette-fourre-tout-2\/#breadcrumb"},"inLanguage":"fr-CA","potentialAction":[{"@type":"ReadAction","target":["https:\/\/porcupine.agencehigh5.com\/fr\/products\/sacs\/pochette-fourre-tout-2\/"]}]},{"@type":"BreadcrumbList","@id":"https:\/\/porcupine.agencehigh5.com\/fr\/products\/sacs\/pochette-fourre-tout-2\/#breadcrumb","itemListElement":[{"@type":"ListItem","position":1,"name":"Home","item":"https:\/\/porcupinecanvas.com\/fr\/"},{"@type":"ListItem","position":2,"name":"Products","item":"https:\/\/porcupine.agencehigh5.com\/shop\/"},{"@type":"ListItem","position":3,"name":"Pochette fourre-tout"}]},{"@type":"WebSite","@id":"https:\/\/porcupine.agencehigh5.com\/#website","url":"https:\/\/porcupine.agencehigh5.com\/","name":"Porcupine Canvas","description":"Gear for the mining industry and the outdoors","publisher":{"@id":"https:\/\/porcupine.agencehigh5.com\/#organization"},"potentialAction":[{"@type":"SearchAction","target":{"@type":"EntryPoint","urlTemplate":"https:\/\/porcupine.agencehigh5.com\/?s={search_term_string}"},"query-input":"required name=search_term_string"}],"inLanguage":"fr-CA"},{"@type":"Organization","@id":"https:\/\/porcupine.agencehigh5.com\/#organization","name":"Porcupine Canvas","url":"https:\/\/porcupine.agencehigh5.com\/","logo":{"@type":"ImageObject","inLanguage":"fr-CA","@id":"https:\/\/porcupine.agencehigh5.com\/#\/schema\/logo\/image\/","url":"https:\/\/porcupinecanvas.com\/wp-content\/uploads\/porcupine-canvas-logo.png","contentUrl":"https:\/\/porcupinecanvas.com\/wp-content\/uploads\/porcupine-canvas-logo.png","width":912,"height":262,"caption":"Porcupine Canvas"},"image":{"@id":"https:\/\/porcupine.agencehigh5.com\/#\/schema\/logo\/image\/"}}]}},"_links":{"self":[{"href":"https:\/\/porcupinecanvas.com\/fr\/wp-json\/wp\/v2\/product\/1818","targetHints":{"allow":["GET"]}}],"collection":[{"href":"https:\/\/porcupinecanvas.com\/fr\/wp-json\/wp\/v2\/product"}],"about":[{"href":"https:\/\/porcupinecanvas.com\/fr\/wp-json\/wp\/v2\/types\/product"}],"wp:featuredmedia":[{"embeddable":true,"href":"https:\/\/porcupinecanvas.com\/fr\/wp-json\/wp\/v2\/media\/1300"}],"wp:attachment":[{"href":"https:\/\/porcupinecanvas.com\/fr\/wp-json\/wp\/v2\/media?parent=1818"}],"wp:term":[{"taxonomy":"product_cat","embeddable":true,"href":"https:\/\/porcupinecanvas.com\/fr\/wp-json\/wp\/v2\/product_cat?post=1818"},{"taxonomy":"product_tag","embeddable":true,"href":"https:\/\/porcupinecanvas.com\/fr\/wp-json\/wp\/v2\/product_tag?post=1818"}],"curies":[{"name":"wp","href":"https:\/\/api.w.org\/{rel}","templated":true}]}}