{"id":1816,"date":"2022-12-21T14:43:53","date_gmt":"2022-12-21T19:51:20","guid":{"rendered":"https:\/\/porcupinecanvas.com\/products\/uncategorized\/sac-a-echantillons-mattex-2\/"},"modified":"2022-12-21T14:51:22","modified_gmt":"2022-12-21T19:51:22","slug":"sac-a-echantillons-mattex-2","status":"publish","type":"product","link":"https:\/\/porcupinecanvas.com\/fr\/products\/echantillon\/sac-a-echantillons-mattex-2\/","title":{"rendered":"Sac \u00e0 \u00e9chantillons Mattex"},"content":{"rendered":"","protected":false},"excerpt":{"rendered":"<p>Surface antiadh\u00e9sive qui n&#8217;absorbe pas l&#8217;eau ou les r\u00e9sidus riches en minerai. R\u00e9sistant \u00e0 la moississure et \u00e0 la pourriture pour que le sac ne s&#8217;affaiblisse pas avec le temps. Poussi\u00e8re limit\u00e9e, drainage efficace et r\u00e9sistant aux produits chimiques. Peut supporter jusqu&#8217;\u00e0 250 F\u00b0 dans la plupart des syst\u00e8mes de s\u00e9chage d&#8217;\u00e9chantillons. Vendu en quantit\u00e9 de 1512.<\/p>\n","protected":false},"featured_media":1630,"template":"","meta":[],"product_cat":[51],"product_tag":[],"class_list":["post-1816","product","type-product","status-publish","has-post-thumbnail","hentry","product_cat-echantillon"],"acf":[],"yoast_head":"<!-- This site is optimized with the Yoast SEO plugin v20.10 - https:\/\/yoast.com\/wordpress\/plugins\/seo\/ -->\n<title>Sac \u00e0 \u00e9chantillons Mattex | Porcupine Canvas<\/title>\n<meta name=\"robots\" content=\"index, follow, max-snippet:-1, max-image-preview:large, max-video-preview:-1\" \/>\n<link rel=\"canonical\" href=\"https:\/\/porcupine.agencehigh5.com\/fr\/products\/echantillon\/sac-a-echantillons-mattex-2\/\" \/>\n<meta property=\"og:locale\" content=\"fr_CA\" \/>\n<meta property=\"og:type\" content=\"article\" \/>\n<meta property=\"og:title\" content=\"Sac \u00e0 \u00e9chantillons Mattex | Porcupine Canvas\" \/>\n<meta property=\"og:description\" content=\"Surface antiadh\u00e9sive qui n&#039;absorbe pas l&#039;eau ou les r\u00e9sidus riches en minerai. R\u00e9sistant \u00e0 la moississure et \u00e0 la pourriture pour que le sac ne s&#039;affaiblisse pas avec le temps. Poussi\u00e8re limit\u00e9e, drainage efficace et r\u00e9sistant aux produits chimiques. Peut supporter jusqu&#039;\u00e0 250 F\u00b0 dans la plupart des syst\u00e8mes de s\u00e9chage d&#039;\u00e9chantillons. Vendu en quantit\u00e9 de 1512.\" \/>\n<meta property=\"og:url\" content=\"https:\/\/porcupine.agencehigh5.com\/fr\/products\/echantillon\/sac-a-echantillons-mattex-2\/\" \/>\n<meta property=\"og:site_name\" content=\"Porcupine Canvas\" \/>\n<meta property=\"article:modified_time\" content=\"2022-12-21T19:51:22+00:00\" \/>\n<meta property=\"og:image\" content=\"https:\/\/porcupine.agencehigh5.com\/wp-content\/uploads\/produit-placeholder.jpg\" \/>\n\t<meta property=\"og:image:width\" content=\"1280\" \/>\n\t<meta property=\"og:image:height\" content=\"1280\" \/>\n\t<meta property=\"og:image:type\" content=\"image\/jpeg\" \/>\n<meta name=\"twitter:card\" content=\"summary_large_image\" \/>\n<script type=\"application\/ld+json\" class=\"yoast-schema-graph\">{\"@context\":\"https:\/\/schema.org\",\"@graph\":[{\"@type\":\"WebPage\",\"@id\":\"https:\/\/porcupine.agencehigh5.com\/fr\/products\/echantillon\/sac-a-echantillons-mattex-2\/\",\"url\":\"https:\/\/porcupine.agencehigh5.com\/fr\/products\/echantillon\/sac-a-echantillons-mattex-2\/\",\"name\":\"Sac \u00e0 \u00e9chantillons Mattex | Porcupine Canvas\",\"isPartOf\":{\"@id\":\"https:\/\/porcupine.agencehigh5.com\/#website\"},\"datePublished\":\"2022-12-21T19:51:20+00:00\",\"dateModified\":\"2022-12-21T19:51:22+00:00\",\"breadcrumb\":{\"@id\":\"https:\/\/porcupine.agencehigh5.com\/fr\/products\/echantillon\/sac-a-echantillons-mattex-2\/#breadcrumb\"},\"inLanguage\":\"fr-CA\",\"potentialAction\":[{\"@type\":\"ReadAction\",\"target\":[\"https:\/\/porcupine.agencehigh5.com\/fr\/products\/echantillon\/sac-a-echantillons-mattex-2\/\"]}]},{\"@type\":\"BreadcrumbList\",\"@id\":\"https:\/\/porcupine.agencehigh5.com\/fr\/products\/echantillon\/sac-a-echantillons-mattex-2\/#breadcrumb\",\"itemListElement\":[{\"@type\":\"ListItem\",\"position\":1,\"name\":\"Home\",\"item\":\"https:\/\/porcupinecanvas.com\/fr\/\"},{\"@type\":\"ListItem\",\"position\":2,\"name\":\"Products\",\"item\":\"https:\/\/porcupine.agencehigh5.com\/shop\/\"},{\"@type\":\"ListItem\",\"position\":3,\"name\":\"Sac \u00e0 \u00e9chantillons Mattex\"}]},{\"@type\":\"WebSite\",\"@id\":\"https:\/\/porcupine.agencehigh5.com\/#website\",\"url\":\"https:\/\/porcupine.agencehigh5.com\/\",\"name\":\"Porcupine Canvas\",\"description\":\"Gear for the mining industry and the outdoors\",\"publisher\":{\"@id\":\"https:\/\/porcupine.agencehigh5.com\/#organization\"},\"potentialAction\":[{\"@type\":\"SearchAction\",\"target\":{\"@type\":\"EntryPoint\",\"urlTemplate\":\"https:\/\/porcupine.agencehigh5.com\/?s={search_term_string}\"},\"query-input\":\"required name=search_term_string\"}],\"inLanguage\":\"fr-CA\"},{\"@type\":\"Organization\",\"@id\":\"https:\/\/porcupine.agencehigh5.com\/#organization\",\"name\":\"Porcupine Canvas\",\"url\":\"https:\/\/porcupine.agencehigh5.com\/\",\"logo\":{\"@type\":\"ImageObject\",\"inLanguage\":\"fr-CA\",\"@id\":\"https:\/\/porcupine.agencehigh5.com\/#\/schema\/logo\/image\/\",\"url\":\"https:\/\/porcupinecanvas.com\/wp-content\/uploads\/porcupine-canvas-logo.png\",\"contentUrl\":\"https:\/\/porcupinecanvas.com\/wp-content\/uploads\/porcupine-canvas-logo.png\",\"width\":912,\"height\":262,\"caption\":\"Porcupine Canvas\"},\"image\":{\"@id\":\"https:\/\/porcupine.agencehigh5.com\/#\/schema\/logo\/image\/\"}}]}<\/script>\n<!-- \/ Yoast SEO plugin. -->","yoast_head_json":{"title":"Sac \u00e0 \u00e9chantillons Mattex | Porcupine Canvas","robots":{"index":"index","follow":"follow","max-snippet":"max-snippet:-1","max-image-preview":"max-image-preview:large","max-video-preview":"max-video-preview:-1"},"canonical":"https:\/\/porcupine.agencehigh5.com\/fr\/products\/echantillon\/sac-a-echantillons-mattex-2\/","og_locale":"fr_CA","og_type":"article","og_title":"Sac \u00e0 \u00e9chantillons Mattex | Porcupine Canvas","og_description":"Surface antiadh\u00e9sive qui n'absorbe pas l'eau ou les r\u00e9sidus riches en minerai. R\u00e9sistant \u00e0 la moississure et \u00e0 la pourriture pour que le sac ne s'affaiblisse pas avec le temps. Poussi\u00e8re limit\u00e9e, drainage efficace et r\u00e9sistant aux produits chimiques. Peut supporter jusqu'\u00e0 250 F\u00b0 dans la plupart des syst\u00e8mes de s\u00e9chage d'\u00e9chantillons. Vendu en quantit\u00e9 de 1512.","og_url":"https:\/\/porcupine.agencehigh5.com\/fr\/products\/echantillon\/sac-a-echantillons-mattex-2\/","og_site_name":"Porcupine Canvas","article_modified_time":"2022-12-21T19:51:22+00:00","og_image":[{"width":1280,"height":1280,"url":"https:\/\/porcupine.agencehigh5.com\/wp-content\/uploads\/produit-placeholder.jpg","type":"image\/jpeg"}],"twitter_card":"summary_large_image","schema":{"@context":"https:\/\/schema.org","@graph":[{"@type":"WebPage","@id":"https:\/\/porcupine.agencehigh5.com\/fr\/products\/echantillon\/sac-a-echantillons-mattex-2\/","url":"https:\/\/porcupine.agencehigh5.com\/fr\/products\/echantillon\/sac-a-echantillons-mattex-2\/","name":"Sac \u00e0 \u00e9chantillons Mattex | Porcupine Canvas","isPartOf":{"@id":"https:\/\/porcupine.agencehigh5.com\/#website"},"datePublished":"2022-12-21T19:51:20+00:00","dateModified":"2022-12-21T19:51:22+00:00","breadcrumb":{"@id":"https:\/\/porcupine.agencehigh5.com\/fr\/products\/echantillon\/sac-a-echantillons-mattex-2\/#breadcrumb"},"inLanguage":"fr-CA","potentialAction":[{"@type":"ReadAction","target":["https:\/\/porcupine.agencehigh5.com\/fr\/products\/echantillon\/sac-a-echantillons-mattex-2\/"]}]},{"@type":"BreadcrumbList","@id":"https:\/\/porcupine.agencehigh5.com\/fr\/products\/echantillon\/sac-a-echantillons-mattex-2\/#breadcrumb","itemListElement":[{"@type":"ListItem","position":1,"name":"Home","item":"https:\/\/porcupinecanvas.com\/fr\/"},{"@type":"ListItem","position":2,"name":"Products","item":"https:\/\/porcupine.agencehigh5.com\/shop\/"},{"@type":"ListItem","position":3,"name":"Sac \u00e0 \u00e9chantillons Mattex"}]},{"@type":"WebSite","@id":"https:\/\/porcupine.agencehigh5.com\/#website","url":"https:\/\/porcupine.agencehigh5.com\/","name":"Porcupine Canvas","description":"Gear for the mining industry and the outdoors","publisher":{"@id":"https:\/\/porcupine.agencehigh5.com\/#organization"},"potentialAction":[{"@type":"SearchAction","target":{"@type":"EntryPoint","urlTemplate":"https:\/\/porcupine.agencehigh5.com\/?s={search_term_string}"},"query-input":"required name=search_term_string"}],"inLanguage":"fr-CA"},{"@type":"Organization","@id":"https:\/\/porcupine.agencehigh5.com\/#organization","name":"Porcupine Canvas","url":"https:\/\/porcupine.agencehigh5.com\/","logo":{"@type":"ImageObject","inLanguage":"fr-CA","@id":"https:\/\/porcupine.agencehigh5.com\/#\/schema\/logo\/image\/","url":"https:\/\/porcupinecanvas.com\/wp-content\/uploads\/porcupine-canvas-logo.png","contentUrl":"https:\/\/porcupinecanvas.com\/wp-content\/uploads\/porcupine-canvas-logo.png","width":912,"height":262,"caption":"Porcupine Canvas"},"image":{"@id":"https:\/\/porcupine.agencehigh5.com\/#\/schema\/logo\/image\/"}}]}},"_links":{"self":[{"href":"https:\/\/porcupinecanvas.com\/fr\/wp-json\/wp\/v2\/product\/1816","targetHints":{"allow":["GET"]}}],"collection":[{"href":"https:\/\/porcupinecanvas.com\/fr\/wp-json\/wp\/v2\/product"}],"about":[{"href":"https:\/\/porcupinecanvas.com\/fr\/wp-json\/wp\/v2\/types\/product"}],"wp:featuredmedia":[{"embeddable":true,"href":"https:\/\/porcupinecanvas.com\/fr\/wp-json\/wp\/v2\/media\/1630"}],"wp:attachment":[{"href":"https:\/\/porcupinecanvas.com\/fr\/wp-json\/wp\/v2\/media?parent=1816"}],"wp:term":[{"taxonomy":"product_cat","embeddable":true,"href":"https:\/\/porcupinecanvas.com\/fr\/wp-json\/wp\/v2\/product_cat?post=1816"},{"taxonomy":"product_tag","embeddable":true,"href":"https:\/\/porcupinecanvas.com\/fr\/wp-json\/wp\/v2\/product_tag?post=1816"}],"curies":[{"name":"wp","href":"https:\/\/api.w.org\/{rel}","templated":true}]}}