{"id":1813,"date":"2022-12-21T14:43:53","date_gmt":"2022-12-21T19:51:20","guid":{"rendered":"https:\/\/porcupinecanvas.com\/products\/uncategorized\/sac-a-echantillons-de-petrole\/"},"modified":"2022-12-21T14:51:20","modified_gmt":"2022-12-21T19:51:20","slug":"sac-a-echantillons-de-petrole","status":"publish","type":"product","link":"https:\/\/porcupinecanvas.com\/fr\/products\/sacs\/sac-a-echantillons-de-petrole\/","title":{"rendered":"Sac \u00e0 \u00e9chantillons de p\u00e9trole"},"content":{"rendered":"","protected":false},"excerpt":{"rendered":"<p>Ce sac \u00e0 \u00e9chantillons de p\u00e9trole est un sac unique et de qualit\u00e9 con\u00e7u pour un usage \u00e0 long terme. Fait en vinyle de 18 oz. Sac de 10 compartiments qui retient les pots d&#8217;\u00e9chantillon de mani\u00e8re s\u00e9curitaire. Fermeture \u00e0 velcro. Fen\u00eatre transparente sur le dessus pour l&#8217;\u00e9tiquetage des contenus. Bande r\u00e9fl\u00e9chissante pour visibilit\u00e9 accrue. 15&#8243; x 6&#8243; x 5&#8243;<\/p>\n","protected":false},"featured_media":1630,"template":"","meta":[],"product_cat":[44],"product_tag":[],"class_list":["post-1813","product","type-product","status-publish","has-post-thumbnail","hentry","product_cat-sacs"],"acf":[],"yoast_head":"<!-- This site is optimized with the Yoast SEO plugin v20.10 - https:\/\/yoast.com\/wordpress\/plugins\/seo\/ -->\n<title>Sac \u00e0 \u00e9chantillons de p\u00e9trole | Porcupine Canvas<\/title>\n<meta name=\"robots\" content=\"index, follow, max-snippet:-1, max-image-preview:large, max-video-preview:-1\" \/>\n<link rel=\"canonical\" href=\"https:\/\/porcupine.agencehigh5.com\/fr\/products\/sacs\/sac-a-echantillons-de-petrole\/\" \/>\n<meta property=\"og:locale\" content=\"fr_CA\" \/>\n<meta property=\"og:type\" content=\"article\" \/>\n<meta property=\"og:title\" content=\"Sac \u00e0 \u00e9chantillons de p\u00e9trole | Porcupine Canvas\" \/>\n<meta property=\"og:description\" content=\"Ce sac \u00e0 \u00e9chantillons de p\u00e9trole est un sac unique et de qualit\u00e9 con\u00e7u pour un usage \u00e0 long terme. Fait en vinyle de 18 oz. Sac de 10 compartiments qui retient les pots d&#039;\u00e9chantillon de mani\u00e8re s\u00e9curitaire. Fermeture \u00e0 velcro. Fen\u00eatre transparente sur le dessus pour l&#039;\u00e9tiquetage des contenus. Bande r\u00e9fl\u00e9chissante pour visibilit\u00e9 accrue. 15&quot; x 6&quot; x 5&quot;\" \/>\n<meta property=\"og:url\" content=\"https:\/\/porcupine.agencehigh5.com\/fr\/products\/sacs\/sac-a-echantillons-de-petrole\/\" \/>\n<meta property=\"og:site_name\" content=\"Porcupine Canvas\" \/>\n<meta property=\"og:image\" content=\"https:\/\/porcupine.agencehigh5.com\/wp-content\/uploads\/produit-placeholder.jpg\" \/>\n\t<meta property=\"og:image:width\" content=\"1280\" \/>\n\t<meta property=\"og:image:height\" content=\"1280\" \/>\n\t<meta property=\"og:image:type\" content=\"image\/jpeg\" \/>\n<meta name=\"twitter:card\" content=\"summary_large_image\" \/>\n<script type=\"application\/ld+json\" class=\"yoast-schema-graph\">{\"@context\":\"https:\/\/schema.org\",\"@graph\":[{\"@type\":\"WebPage\",\"@id\":\"https:\/\/porcupine.agencehigh5.com\/fr\/products\/sacs\/sac-a-echantillons-de-petrole\/\",\"url\":\"https:\/\/porcupine.agencehigh5.com\/fr\/products\/sacs\/sac-a-echantillons-de-petrole\/\",\"name\":\"Sac \u00e0 \u00e9chantillons de p\u00e9trole | Porcupine Canvas\",\"isPartOf\":{\"@id\":\"https:\/\/porcupine.agencehigh5.com\/#website\"},\"datePublished\":\"2022-12-21T19:51:20+00:00\",\"dateModified\":\"2022-12-21T19:51:20+00:00\",\"breadcrumb\":{\"@id\":\"https:\/\/porcupine.agencehigh5.com\/fr\/products\/sacs\/sac-a-echantillons-de-petrole\/#breadcrumb\"},\"inLanguage\":\"fr-CA\",\"potentialAction\":[{\"@type\":\"ReadAction\",\"target\":[\"https:\/\/porcupine.agencehigh5.com\/fr\/products\/sacs\/sac-a-echantillons-de-petrole\/\"]}]},{\"@type\":\"BreadcrumbList\",\"@id\":\"https:\/\/porcupine.agencehigh5.com\/fr\/products\/sacs\/sac-a-echantillons-de-petrole\/#breadcrumb\",\"itemListElement\":[{\"@type\":\"ListItem\",\"position\":1,\"name\":\"Home\",\"item\":\"https:\/\/porcupinecanvas.com\/fr\/\"},{\"@type\":\"ListItem\",\"position\":2,\"name\":\"Products\",\"item\":\"https:\/\/porcupine.agencehigh5.com\/shop\/\"},{\"@type\":\"ListItem\",\"position\":3,\"name\":\"Sac \u00e0 \u00e9chantillons de p\u00e9trole\"}]},{\"@type\":\"WebSite\",\"@id\":\"https:\/\/porcupine.agencehigh5.com\/#website\",\"url\":\"https:\/\/porcupine.agencehigh5.com\/\",\"name\":\"Porcupine Canvas\",\"description\":\"Gear for the mining industry and the outdoors\",\"publisher\":{\"@id\":\"https:\/\/porcupine.agencehigh5.com\/#organization\"},\"potentialAction\":[{\"@type\":\"SearchAction\",\"target\":{\"@type\":\"EntryPoint\",\"urlTemplate\":\"https:\/\/porcupine.agencehigh5.com\/?s={search_term_string}\"},\"query-input\":\"required name=search_term_string\"}],\"inLanguage\":\"fr-CA\"},{\"@type\":\"Organization\",\"@id\":\"https:\/\/porcupine.agencehigh5.com\/#organization\",\"name\":\"Porcupine Canvas\",\"url\":\"https:\/\/porcupine.agencehigh5.com\/\",\"logo\":{\"@type\":\"ImageObject\",\"inLanguage\":\"fr-CA\",\"@id\":\"https:\/\/porcupine.agencehigh5.com\/#\/schema\/logo\/image\/\",\"url\":\"https:\/\/porcupinecanvas.com\/wp-content\/uploads\/porcupine-canvas-logo.png\",\"contentUrl\":\"https:\/\/porcupinecanvas.com\/wp-content\/uploads\/porcupine-canvas-logo.png\",\"width\":912,\"height\":262,\"caption\":\"Porcupine Canvas\"},\"image\":{\"@id\":\"https:\/\/porcupine.agencehigh5.com\/#\/schema\/logo\/image\/\"}}]}<\/script>\n<!-- \/ Yoast SEO plugin. -->","yoast_head_json":{"title":"Sac \u00e0 \u00e9chantillons de p\u00e9trole | Porcupine Canvas","robots":{"index":"index","follow":"follow","max-snippet":"max-snippet:-1","max-image-preview":"max-image-preview:large","max-video-preview":"max-video-preview:-1"},"canonical":"https:\/\/porcupine.agencehigh5.com\/fr\/products\/sacs\/sac-a-echantillons-de-petrole\/","og_locale":"fr_CA","og_type":"article","og_title":"Sac \u00e0 \u00e9chantillons de p\u00e9trole | Porcupine Canvas","og_description":"Ce sac \u00e0 \u00e9chantillons de p\u00e9trole est un sac unique et de qualit\u00e9 con\u00e7u pour un usage \u00e0 long terme. Fait en vinyle de 18 oz. Sac de 10 compartiments qui retient les pots d'\u00e9chantillon de mani\u00e8re s\u00e9curitaire. Fermeture \u00e0 velcro. Fen\u00eatre transparente sur le dessus pour l'\u00e9tiquetage des contenus. Bande r\u00e9fl\u00e9chissante pour visibilit\u00e9 accrue. 15\" x 6\" x 5\"","og_url":"https:\/\/porcupine.agencehigh5.com\/fr\/products\/sacs\/sac-a-echantillons-de-petrole\/","og_site_name":"Porcupine Canvas","og_image":[{"width":1280,"height":1280,"url":"https:\/\/porcupine.agencehigh5.com\/wp-content\/uploads\/produit-placeholder.jpg","type":"image\/jpeg"}],"twitter_card":"summary_large_image","schema":{"@context":"https:\/\/schema.org","@graph":[{"@type":"WebPage","@id":"https:\/\/porcupine.agencehigh5.com\/fr\/products\/sacs\/sac-a-echantillons-de-petrole\/","url":"https:\/\/porcupine.agencehigh5.com\/fr\/products\/sacs\/sac-a-echantillons-de-petrole\/","name":"Sac \u00e0 \u00e9chantillons de p\u00e9trole | Porcupine Canvas","isPartOf":{"@id":"https:\/\/porcupine.agencehigh5.com\/#website"},"datePublished":"2022-12-21T19:51:20+00:00","dateModified":"2022-12-21T19:51:20+00:00","breadcrumb":{"@id":"https:\/\/porcupine.agencehigh5.com\/fr\/products\/sacs\/sac-a-echantillons-de-petrole\/#breadcrumb"},"inLanguage":"fr-CA","potentialAction":[{"@type":"ReadAction","target":["https:\/\/porcupine.agencehigh5.com\/fr\/products\/sacs\/sac-a-echantillons-de-petrole\/"]}]},{"@type":"BreadcrumbList","@id":"https:\/\/porcupine.agencehigh5.com\/fr\/products\/sacs\/sac-a-echantillons-de-petrole\/#breadcrumb","itemListElement":[{"@type":"ListItem","position":1,"name":"Home","item":"https:\/\/porcupinecanvas.com\/fr\/"},{"@type":"ListItem","position":2,"name":"Products","item":"https:\/\/porcupine.agencehigh5.com\/shop\/"},{"@type":"ListItem","position":3,"name":"Sac \u00e0 \u00e9chantillons de p\u00e9trole"}]},{"@type":"WebSite","@id":"https:\/\/porcupine.agencehigh5.com\/#website","url":"https:\/\/porcupine.agencehigh5.com\/","name":"Porcupine Canvas","description":"Gear for the mining industry and the outdoors","publisher":{"@id":"https:\/\/porcupine.agencehigh5.com\/#organization"},"potentialAction":[{"@type":"SearchAction","target":{"@type":"EntryPoint","urlTemplate":"https:\/\/porcupine.agencehigh5.com\/?s={search_term_string}"},"query-input":"required name=search_term_string"}],"inLanguage":"fr-CA"},{"@type":"Organization","@id":"https:\/\/porcupine.agencehigh5.com\/#organization","name":"Porcupine Canvas","url":"https:\/\/porcupine.agencehigh5.com\/","logo":{"@type":"ImageObject","inLanguage":"fr-CA","@id":"https:\/\/porcupine.agencehigh5.com\/#\/schema\/logo\/image\/","url":"https:\/\/porcupinecanvas.com\/wp-content\/uploads\/porcupine-canvas-logo.png","contentUrl":"https:\/\/porcupinecanvas.com\/wp-content\/uploads\/porcupine-canvas-logo.png","width":912,"height":262,"caption":"Porcupine Canvas"},"image":{"@id":"https:\/\/porcupine.agencehigh5.com\/#\/schema\/logo\/image\/"}}]}},"_links":{"self":[{"href":"https:\/\/porcupinecanvas.com\/fr\/wp-json\/wp\/v2\/product\/1813","targetHints":{"allow":["GET"]}}],"collection":[{"href":"https:\/\/porcupinecanvas.com\/fr\/wp-json\/wp\/v2\/product"}],"about":[{"href":"https:\/\/porcupinecanvas.com\/fr\/wp-json\/wp\/v2\/types\/product"}],"wp:featuredmedia":[{"embeddable":true,"href":"https:\/\/porcupinecanvas.com\/fr\/wp-json\/wp\/v2\/media\/1630"}],"wp:attachment":[{"href":"https:\/\/porcupinecanvas.com\/fr\/wp-json\/wp\/v2\/media?parent=1813"}],"wp:term":[{"taxonomy":"product_cat","embeddable":true,"href":"https:\/\/porcupinecanvas.com\/fr\/wp-json\/wp\/v2\/product_cat?post=1813"},{"taxonomy":"product_tag","embeddable":true,"href":"https:\/\/porcupinecanvas.com\/fr\/wp-json\/wp\/v2\/product_tag?post=1813"}],"curies":[{"name":"wp","href":"https:\/\/api.w.org\/{rel}","templated":true}]}}