{"id":1805,"date":"2022-12-21T16:11:20","date_gmt":"2022-12-21T19:51:04","guid":{"rendered":"https:\/\/porcupinecanvas.com\/products\/uncategorized\/pochette-pour-poincon-a-cable-ace\/"},"modified":"2022-12-21T14:51:13","modified_gmt":"2022-12-21T19:51:13","slug":"pochette-pour-poincon-a-cable-ace","status":"publish","type":"product","link":"https:\/\/porcupinecanvas.com\/fr\/products\/specialty-items\/pochette-pour-poincon-a-cable-ace\/","title":{"rendered":"Pochette pour poin\u00e7on \u00e0 c\u00e2ble Ace"},"content":{"rendered":"","protected":false},"excerpt":{"rendered":"<p>Cette pochette pour poin\u00e7on \u00e0 c\u00e2ble Ace va vous permettre de rester organiser sur n&#8217;importe quel site! Faite en vinyle de 18 oz avec bande r\u00e9fl\u00e9chissante pour une plus grande visibilit\u00e9. Con\u00e7ue pour contenir un poin\u00e7on \u00e0 c\u00e2ble. 6&#8243; x 6&#8243;<\/p>\n","protected":false},"featured_media":1252,"template":"","meta":[],"product_cat":[27],"product_tag":[],"class_list":["post-1805","product","type-product","status-publish","has-post-thumbnail","hentry","product_cat-specialty-items"],"acf":[],"yoast_head":"<!-- This site is optimized with the Yoast SEO plugin v20.10 - https:\/\/yoast.com\/wordpress\/plugins\/seo\/ -->\n<title>Pochette pour poin\u00e7on \u00e0 c\u00e2ble Ace | Porcupine Canvas<\/title>\n<meta name=\"robots\" content=\"index, follow, max-snippet:-1, max-image-preview:large, max-video-preview:-1\" \/>\n<link rel=\"canonical\" href=\"https:\/\/porcupine.agencehigh5.com\/fr\/products\/specialty-items\/pochette-pour-poincon-a-cable-ace\/\" \/>\n<meta property=\"og:locale\" content=\"fr_CA\" \/>\n<meta property=\"og:type\" content=\"article\" \/>\n<meta property=\"og:title\" content=\"Pochette pour poin\u00e7on \u00e0 c\u00e2ble Ace | Porcupine Canvas\" \/>\n<meta property=\"og:description\" content=\"Cette pochette pour poin\u00e7on \u00e0 c\u00e2ble Ace va vous permettre de rester organiser sur n&#039;importe quel site! Faite en vinyle de 18 oz avec bande r\u00e9fl\u00e9chissante pour une plus grande visibilit\u00e9. Con\u00e7ue pour contenir un poin\u00e7on \u00e0 c\u00e2ble. 6&quot; x 6&quot;\" \/>\n<meta property=\"og:url\" content=\"https:\/\/porcupine.agencehigh5.com\/fr\/products\/specialty-items\/pochette-pour-poincon-a-cable-ace\/\" \/>\n<meta property=\"og:site_name\" content=\"Porcupine Canvas\" \/>\n<meta property=\"article:modified_time\" content=\"2022-12-21T19:51:13+00:00\" \/>\n<meta property=\"og:image\" content=\"https:\/\/porcupine.agencehigh5.com\/wp-content\/uploads\/produit-1081-01-featured.jpg\" \/>\n\t<meta property=\"og:image:width\" content=\"1280\" \/>\n\t<meta property=\"og:image:height\" content=\"1280\" \/>\n\t<meta property=\"og:image:type\" content=\"image\/jpeg\" \/>\n<meta name=\"twitter:card\" content=\"summary_large_image\" \/>\n<script type=\"application\/ld+json\" class=\"yoast-schema-graph\">{\"@context\":\"https:\/\/schema.org\",\"@graph\":[{\"@type\":\"WebPage\",\"@id\":\"https:\/\/porcupine.agencehigh5.com\/fr\/products\/specialty-items\/pochette-pour-poincon-a-cable-ace\/\",\"url\":\"https:\/\/porcupine.agencehigh5.com\/fr\/products\/specialty-items\/pochette-pour-poincon-a-cable-ace\/\",\"name\":\"Pochette pour poin\u00e7on \u00e0 c\u00e2ble Ace | Porcupine Canvas\",\"isPartOf\":{\"@id\":\"https:\/\/porcupine.agencehigh5.com\/#website\"},\"datePublished\":\"2022-12-21T19:51:04+00:00\",\"dateModified\":\"2022-12-21T19:51:13+00:00\",\"breadcrumb\":{\"@id\":\"https:\/\/porcupine.agencehigh5.com\/fr\/products\/specialty-items\/pochette-pour-poincon-a-cable-ace\/#breadcrumb\"},\"inLanguage\":\"fr-CA\",\"potentialAction\":[{\"@type\":\"ReadAction\",\"target\":[\"https:\/\/porcupine.agencehigh5.com\/fr\/products\/specialty-items\/pochette-pour-poincon-a-cable-ace\/\"]}]},{\"@type\":\"BreadcrumbList\",\"@id\":\"https:\/\/porcupine.agencehigh5.com\/fr\/products\/specialty-items\/pochette-pour-poincon-a-cable-ace\/#breadcrumb\",\"itemListElement\":[{\"@type\":\"ListItem\",\"position\":1,\"name\":\"Home\",\"item\":\"https:\/\/porcupinecanvas.com\/fr\/\"},{\"@type\":\"ListItem\",\"position\":2,\"name\":\"Products\",\"item\":\"https:\/\/porcupine.agencehigh5.com\/shop\/\"},{\"@type\":\"ListItem\",\"position\":3,\"name\":\"Pochette pour poin\u00e7on \u00e0 c\u00e2ble Ace\"}]},{\"@type\":\"WebSite\",\"@id\":\"https:\/\/porcupine.agencehigh5.com\/#website\",\"url\":\"https:\/\/porcupine.agencehigh5.com\/\",\"name\":\"Porcupine Canvas\",\"description\":\"Gear for the mining industry and the outdoors\",\"publisher\":{\"@id\":\"https:\/\/porcupine.agencehigh5.com\/#organization\"},\"potentialAction\":[{\"@type\":\"SearchAction\",\"target\":{\"@type\":\"EntryPoint\",\"urlTemplate\":\"https:\/\/porcupine.agencehigh5.com\/?s={search_term_string}\"},\"query-input\":\"required name=search_term_string\"}],\"inLanguage\":\"fr-CA\"},{\"@type\":\"Organization\",\"@id\":\"https:\/\/porcupine.agencehigh5.com\/#organization\",\"name\":\"Porcupine Canvas\",\"url\":\"https:\/\/porcupine.agencehigh5.com\/\",\"logo\":{\"@type\":\"ImageObject\",\"inLanguage\":\"fr-CA\",\"@id\":\"https:\/\/porcupine.agencehigh5.com\/#\/schema\/logo\/image\/\",\"url\":\"https:\/\/porcupinecanvas.com\/wp-content\/uploads\/porcupine-canvas-logo.png\",\"contentUrl\":\"https:\/\/porcupinecanvas.com\/wp-content\/uploads\/porcupine-canvas-logo.png\",\"width\":912,\"height\":262,\"caption\":\"Porcupine Canvas\"},\"image\":{\"@id\":\"https:\/\/porcupine.agencehigh5.com\/#\/schema\/logo\/image\/\"}}]}<\/script>\n<!-- \/ Yoast SEO plugin. -->","yoast_head_json":{"title":"Pochette pour poin\u00e7on \u00e0 c\u00e2ble Ace | Porcupine Canvas","robots":{"index":"index","follow":"follow","max-snippet":"max-snippet:-1","max-image-preview":"max-image-preview:large","max-video-preview":"max-video-preview:-1"},"canonical":"https:\/\/porcupine.agencehigh5.com\/fr\/products\/specialty-items\/pochette-pour-poincon-a-cable-ace\/","og_locale":"fr_CA","og_type":"article","og_title":"Pochette pour poin\u00e7on \u00e0 c\u00e2ble Ace | Porcupine Canvas","og_description":"Cette pochette pour poin\u00e7on \u00e0 c\u00e2ble Ace va vous permettre de rester organiser sur n'importe quel site! Faite en vinyle de 18 oz avec bande r\u00e9fl\u00e9chissante pour une plus grande visibilit\u00e9. Con\u00e7ue pour contenir un poin\u00e7on \u00e0 c\u00e2ble. 6\" x 6\"","og_url":"https:\/\/porcupine.agencehigh5.com\/fr\/products\/specialty-items\/pochette-pour-poincon-a-cable-ace\/","og_site_name":"Porcupine Canvas","article_modified_time":"2022-12-21T19:51:13+00:00","og_image":[{"width":1280,"height":1280,"url":"https:\/\/porcupine.agencehigh5.com\/wp-content\/uploads\/produit-1081-01-featured.jpg","type":"image\/jpeg"}],"twitter_card":"summary_large_image","schema":{"@context":"https:\/\/schema.org","@graph":[{"@type":"WebPage","@id":"https:\/\/porcupine.agencehigh5.com\/fr\/products\/specialty-items\/pochette-pour-poincon-a-cable-ace\/","url":"https:\/\/porcupine.agencehigh5.com\/fr\/products\/specialty-items\/pochette-pour-poincon-a-cable-ace\/","name":"Pochette pour poin\u00e7on \u00e0 c\u00e2ble Ace | Porcupine Canvas","isPartOf":{"@id":"https:\/\/porcupine.agencehigh5.com\/#website"},"datePublished":"2022-12-21T19:51:04+00:00","dateModified":"2022-12-21T19:51:13+00:00","breadcrumb":{"@id":"https:\/\/porcupine.agencehigh5.com\/fr\/products\/specialty-items\/pochette-pour-poincon-a-cable-ace\/#breadcrumb"},"inLanguage":"fr-CA","potentialAction":[{"@type":"ReadAction","target":["https:\/\/porcupine.agencehigh5.com\/fr\/products\/specialty-items\/pochette-pour-poincon-a-cable-ace\/"]}]},{"@type":"BreadcrumbList","@id":"https:\/\/porcupine.agencehigh5.com\/fr\/products\/specialty-items\/pochette-pour-poincon-a-cable-ace\/#breadcrumb","itemListElement":[{"@type":"ListItem","position":1,"name":"Home","item":"https:\/\/porcupinecanvas.com\/fr\/"},{"@type":"ListItem","position":2,"name":"Products","item":"https:\/\/porcupine.agencehigh5.com\/shop\/"},{"@type":"ListItem","position":3,"name":"Pochette pour poin\u00e7on \u00e0 c\u00e2ble Ace"}]},{"@type":"WebSite","@id":"https:\/\/porcupine.agencehigh5.com\/#website","url":"https:\/\/porcupine.agencehigh5.com\/","name":"Porcupine Canvas","description":"Gear for the mining industry and the outdoors","publisher":{"@id":"https:\/\/porcupine.agencehigh5.com\/#organization"},"potentialAction":[{"@type":"SearchAction","target":{"@type":"EntryPoint","urlTemplate":"https:\/\/porcupine.agencehigh5.com\/?s={search_term_string}"},"query-input":"required name=search_term_string"}],"inLanguage":"fr-CA"},{"@type":"Organization","@id":"https:\/\/porcupine.agencehigh5.com\/#organization","name":"Porcupine Canvas","url":"https:\/\/porcupine.agencehigh5.com\/","logo":{"@type":"ImageObject","inLanguage":"fr-CA","@id":"https:\/\/porcupine.agencehigh5.com\/#\/schema\/logo\/image\/","url":"https:\/\/porcupinecanvas.com\/wp-content\/uploads\/porcupine-canvas-logo.png","contentUrl":"https:\/\/porcupinecanvas.com\/wp-content\/uploads\/porcupine-canvas-logo.png","width":912,"height":262,"caption":"Porcupine Canvas"},"image":{"@id":"https:\/\/porcupine.agencehigh5.com\/#\/schema\/logo\/image\/"}}]}},"_links":{"self":[{"href":"https:\/\/porcupinecanvas.com\/fr\/wp-json\/wp\/v2\/product\/1805","targetHints":{"allow":["GET"]}}],"collection":[{"href":"https:\/\/porcupinecanvas.com\/fr\/wp-json\/wp\/v2\/product"}],"about":[{"href":"https:\/\/porcupinecanvas.com\/fr\/wp-json\/wp\/v2\/types\/product"}],"wp:featuredmedia":[{"embeddable":true,"href":"https:\/\/porcupinecanvas.com\/fr\/wp-json\/wp\/v2\/media\/1252"}],"wp:attachment":[{"href":"https:\/\/porcupinecanvas.com\/fr\/wp-json\/wp\/v2\/media?parent=1805"}],"wp:term":[{"taxonomy":"product_cat","embeddable":true,"href":"https:\/\/porcupinecanvas.com\/fr\/wp-json\/wp\/v2\/product_cat?post=1805"},{"taxonomy":"product_tag","embeddable":true,"href":"https:\/\/porcupinecanvas.com\/fr\/wp-json\/wp\/v2\/product_tag?post=1805"}],"curies":[{"name":"wp","href":"https:\/\/api.w.org\/{rel}","templated":true}]}}