{"id":1796,"date":"2022-12-21T14:43:41","date_gmt":"2022-12-21T19:51:04","guid":{"rendered":"https:\/\/porcupinecanvas.com\/products\/uncategorized\/etui-pour-cle-anglaise\/"},"modified":"2024-06-19T14:11:55","modified_gmt":"2024-06-19T18:11:55","slug":"etui-pour-cle-anglaise","status":"publish","type":"product","link":"https:\/\/porcupinecanvas.com\/fr\/products\/produits-specialises\/etui-pour-cle-anglaise\/","title":{"rendered":"\u00c9tui pour cl\u00e9 anglaise"},"content":{"rendered":"","protected":false},"excerpt":{"rendered":"<p>Cet \u00e9tui pour cl\u00e9 anglaise est fait de toile r\u00e9fl\u00e9chissante \u00e0 toute \u00e9preuve. Il est cousu et rivet\u00e9 pour une solidit\u00e9 sup\u00e9rieure. Un incontournable pour votre collection d&#8217;outils. Boucle de 3&#8243; sur le dessus pour attacher \u00e0 la ceinture.<\/p>\n","protected":false},"featured_media":1195,"template":"","meta":[],"product_cat":[45],"product_tag":[],"class_list":["post-1796","product","type-product","status-publish","has-post-thumbnail","hentry","product_cat-produits-specialises"],"acf":[],"yoast_head":"<!-- This site is optimized with the Yoast SEO plugin v20.10 - https:\/\/yoast.com\/wordpress\/plugins\/seo\/ -->\n<title>\u00c9tui pour cl\u00e9 anglaise | Porcupine Canvas<\/title>\n<meta name=\"robots\" content=\"index, follow, max-snippet:-1, max-image-preview:large, max-video-preview:-1\" \/>\n<link rel=\"canonical\" href=\"https:\/\/porcupinecanvas.com\/fr\/products\/produits-specialises\/etui-pour-cle-anglaise\/\" \/>\n<meta property=\"og:locale\" content=\"fr_CA\" \/>\n<meta property=\"og:type\" content=\"article\" \/>\n<meta property=\"og:title\" content=\"\u00c9tui pour cl\u00e9 anglaise | Porcupine Canvas\" \/>\n<meta property=\"og:description\" content=\"Cet \u00e9tui pour cl\u00e9 anglaise est fait de toile r\u00e9fl\u00e9chissante \u00e0 toute \u00e9preuve. Il est cousu et rivet\u00e9 pour une solidit\u00e9 sup\u00e9rieure. Un incontournable pour votre collection d&#039;outils. Boucle de 3&quot; sur le dessus pour attacher \u00e0 la ceinture.\" \/>\n<meta property=\"og:url\" content=\"https:\/\/porcupinecanvas.com\/fr\/products\/produits-specialises\/etui-pour-cle-anglaise\/\" \/>\n<meta property=\"og:site_name\" content=\"Porcupine Canvas\" \/>\n<meta property=\"article:modified_time\" content=\"2024-06-19T18:11:55+00:00\" \/>\n<meta property=\"og:image\" content=\"https:\/\/porcupinecanvas.com\/wp-content\/uploads\/produit-1071-01-featured.jpg\" \/>\n\t<meta property=\"og:image:width\" content=\"1280\" \/>\n\t<meta property=\"og:image:height\" content=\"1280\" \/>\n\t<meta property=\"og:image:type\" content=\"image\/jpeg\" \/>\n<meta name=\"twitter:card\" content=\"summary_large_image\" \/>\n<script type=\"application\/ld+json\" class=\"yoast-schema-graph\">{\"@context\":\"https:\/\/schema.org\",\"@graph\":[{\"@type\":\"WebPage\",\"@id\":\"https:\/\/porcupinecanvas.com\/fr\/products\/produits-specialises\/etui-pour-cle-anglaise\/\",\"url\":\"https:\/\/porcupinecanvas.com\/fr\/products\/produits-specialises\/etui-pour-cle-anglaise\/\",\"name\":\"\u00c9tui pour cl\u00e9 anglaise | Porcupine Canvas\",\"isPartOf\":{\"@id\":\"https:\/\/porcupine.agencehigh5.com\/#website\"},\"datePublished\":\"2022-12-21T19:51:04+00:00\",\"dateModified\":\"2024-06-19T18:11:55+00:00\",\"breadcrumb\":{\"@id\":\"https:\/\/porcupinecanvas.com\/fr\/products\/produits-specialises\/etui-pour-cle-anglaise\/#breadcrumb\"},\"inLanguage\":\"fr-CA\",\"potentialAction\":[{\"@type\":\"ReadAction\",\"target\":[\"https:\/\/porcupinecanvas.com\/fr\/products\/produits-specialises\/etui-pour-cle-anglaise\/\"]}]},{\"@type\":\"BreadcrumbList\",\"@id\":\"https:\/\/porcupinecanvas.com\/fr\/products\/produits-specialises\/etui-pour-cle-anglaise\/#breadcrumb\",\"itemListElement\":[{\"@type\":\"ListItem\",\"position\":1,\"name\":\"Home\",\"item\":\"https:\/\/porcupinecanvas.com\/fr\/\"},{\"@type\":\"ListItem\",\"position\":2,\"name\":\"Products\",\"item\":\"https:\/\/porcupine.agencehigh5.com\/shop\/\"},{\"@type\":\"ListItem\",\"position\":3,\"name\":\"\u00c9tui pour cl\u00e9 anglaise\"}]},{\"@type\":\"WebSite\",\"@id\":\"https:\/\/porcupine.agencehigh5.com\/#website\",\"url\":\"https:\/\/porcupine.agencehigh5.com\/\",\"name\":\"Porcupine Canvas\",\"description\":\"Gear for the mining industry and the outdoors\",\"publisher\":{\"@id\":\"https:\/\/porcupine.agencehigh5.com\/#organization\"},\"potentialAction\":[{\"@type\":\"SearchAction\",\"target\":{\"@type\":\"EntryPoint\",\"urlTemplate\":\"https:\/\/porcupine.agencehigh5.com\/?s={search_term_string}\"},\"query-input\":\"required name=search_term_string\"}],\"inLanguage\":\"fr-CA\"},{\"@type\":\"Organization\",\"@id\":\"https:\/\/porcupine.agencehigh5.com\/#organization\",\"name\":\"Porcupine Canvas\",\"url\":\"https:\/\/porcupine.agencehigh5.com\/\",\"logo\":{\"@type\":\"ImageObject\",\"inLanguage\":\"fr-CA\",\"@id\":\"https:\/\/porcupine.agencehigh5.com\/#\/schema\/logo\/image\/\",\"url\":\"https:\/\/porcupinecanvas.com\/wp-content\/uploads\/porcupine-canvas-logo.png\",\"contentUrl\":\"https:\/\/porcupinecanvas.com\/wp-content\/uploads\/porcupine-canvas-logo.png\",\"width\":912,\"height\":262,\"caption\":\"Porcupine Canvas\"},\"image\":{\"@id\":\"https:\/\/porcupine.agencehigh5.com\/#\/schema\/logo\/image\/\"}}]}<\/script>\n<!-- \/ Yoast SEO plugin. -->","yoast_head_json":{"title":"\u00c9tui pour cl\u00e9 anglaise | Porcupine Canvas","robots":{"index":"index","follow":"follow","max-snippet":"max-snippet:-1","max-image-preview":"max-image-preview:large","max-video-preview":"max-video-preview:-1"},"canonical":"https:\/\/porcupinecanvas.com\/fr\/products\/produits-specialises\/etui-pour-cle-anglaise\/","og_locale":"fr_CA","og_type":"article","og_title":"\u00c9tui pour cl\u00e9 anglaise | Porcupine Canvas","og_description":"Cet \u00e9tui pour cl\u00e9 anglaise est fait de toile r\u00e9fl\u00e9chissante \u00e0 toute \u00e9preuve. Il est cousu et rivet\u00e9 pour une solidit\u00e9 sup\u00e9rieure. Un incontournable pour votre collection d'outils. Boucle de 3\" sur le dessus pour attacher \u00e0 la ceinture.","og_url":"https:\/\/porcupinecanvas.com\/fr\/products\/produits-specialises\/etui-pour-cle-anglaise\/","og_site_name":"Porcupine Canvas","article_modified_time":"2024-06-19T18:11:55+00:00","og_image":[{"width":1280,"height":1280,"url":"https:\/\/porcupinecanvas.com\/wp-content\/uploads\/produit-1071-01-featured.jpg","type":"image\/jpeg"}],"twitter_card":"summary_large_image","schema":{"@context":"https:\/\/schema.org","@graph":[{"@type":"WebPage","@id":"https:\/\/porcupinecanvas.com\/fr\/products\/produits-specialises\/etui-pour-cle-anglaise\/","url":"https:\/\/porcupinecanvas.com\/fr\/products\/produits-specialises\/etui-pour-cle-anglaise\/","name":"\u00c9tui pour cl\u00e9 anglaise | Porcupine Canvas","isPartOf":{"@id":"https:\/\/porcupine.agencehigh5.com\/#website"},"datePublished":"2022-12-21T19:51:04+00:00","dateModified":"2024-06-19T18:11:55+00:00","breadcrumb":{"@id":"https:\/\/porcupinecanvas.com\/fr\/products\/produits-specialises\/etui-pour-cle-anglaise\/#breadcrumb"},"inLanguage":"fr-CA","potentialAction":[{"@type":"ReadAction","target":["https:\/\/porcupinecanvas.com\/fr\/products\/produits-specialises\/etui-pour-cle-anglaise\/"]}]},{"@type":"BreadcrumbList","@id":"https:\/\/porcupinecanvas.com\/fr\/products\/produits-specialises\/etui-pour-cle-anglaise\/#breadcrumb","itemListElement":[{"@type":"ListItem","position":1,"name":"Home","item":"https:\/\/porcupinecanvas.com\/fr\/"},{"@type":"ListItem","position":2,"name":"Products","item":"https:\/\/porcupine.agencehigh5.com\/shop\/"},{"@type":"ListItem","position":3,"name":"\u00c9tui pour cl\u00e9 anglaise"}]},{"@type":"WebSite","@id":"https:\/\/porcupine.agencehigh5.com\/#website","url":"https:\/\/porcupine.agencehigh5.com\/","name":"Porcupine Canvas","description":"Gear for the mining industry and the outdoors","publisher":{"@id":"https:\/\/porcupine.agencehigh5.com\/#organization"},"potentialAction":[{"@type":"SearchAction","target":{"@type":"EntryPoint","urlTemplate":"https:\/\/porcupine.agencehigh5.com\/?s={search_term_string}"},"query-input":"required name=search_term_string"}],"inLanguage":"fr-CA"},{"@type":"Organization","@id":"https:\/\/porcupine.agencehigh5.com\/#organization","name":"Porcupine Canvas","url":"https:\/\/porcupine.agencehigh5.com\/","logo":{"@type":"ImageObject","inLanguage":"fr-CA","@id":"https:\/\/porcupine.agencehigh5.com\/#\/schema\/logo\/image\/","url":"https:\/\/porcupinecanvas.com\/wp-content\/uploads\/porcupine-canvas-logo.png","contentUrl":"https:\/\/porcupinecanvas.com\/wp-content\/uploads\/porcupine-canvas-logo.png","width":912,"height":262,"caption":"Porcupine Canvas"},"image":{"@id":"https:\/\/porcupine.agencehigh5.com\/#\/schema\/logo\/image\/"}}]}},"_links":{"self":[{"href":"https:\/\/porcupinecanvas.com\/fr\/wp-json\/wp\/v2\/product\/1796","targetHints":{"allow":["GET"]}}],"collection":[{"href":"https:\/\/porcupinecanvas.com\/fr\/wp-json\/wp\/v2\/product"}],"about":[{"href":"https:\/\/porcupinecanvas.com\/fr\/wp-json\/wp\/v2\/types\/product"}],"wp:featuredmedia":[{"embeddable":true,"href":"https:\/\/porcupinecanvas.com\/fr\/wp-json\/wp\/v2\/media\/1195"}],"wp:attachment":[{"href":"https:\/\/porcupinecanvas.com\/fr\/wp-json\/wp\/v2\/media?parent=1796"}],"wp:term":[{"taxonomy":"product_cat","embeddable":true,"href":"https:\/\/porcupinecanvas.com\/fr\/wp-json\/wp\/v2\/product_cat?post=1796"},{"taxonomy":"product_tag","embeddable":true,"href":"https:\/\/porcupinecanvas.com\/fr\/wp-json\/wp\/v2\/product_tag?post=1796"}],"curies":[{"name":"wp","href":"https:\/\/api.w.org\/{rel}","templated":true}]}}