{"id":1780,"date":"2022-12-21T16:11:07","date_gmt":"2022-12-21T19:50:49","guid":{"rendered":"https:\/\/porcupinecanvas.com\/products\/uncategorized\/etui-pour-journal-de-bord-2\/"},"modified":"2024-06-19T10:42:32","modified_gmt":"2024-06-19T14:42:32","slug":"etui-pour-journal-de-bord-2","status":"publish","type":"product","link":"https:\/\/porcupinecanvas.com\/fr\/products\/etuis-et-divers\/etui-pour-journal-de-bord-2\/","title":{"rendered":"\u00c9tui pour journal de bord"},"content":{"rendered":"","protected":false},"excerpt":{"rendered":"<p>Cet \u00e9tui en vinyle de 18 oz et 40 oz est con\u00e7u pour contenir votre bloc de liste de contr\u00f4le des op\u00e9rations. Fermeture \u00e0 velcro et pochette en PVC transparent pour l&#8217;\u00e9tiquetage. Dispose d&#8217;oeillets \u00e0 l&#8217;arri\u00e8re pour permettre d&#8217;attacher l&#8217;\u00e9tui de fa\u00e7on permanente \u00e0 votre \u00e9quipement. Disponible dans d&#8217;autres formats sur demande.<\/p>\n","protected":false},"featured_media":1120,"template":"","meta":[],"product_cat":[43],"product_tag":[],"class_list":["post-1780","product","type-product","status-publish","has-post-thumbnail","hentry","product_cat-etuis-et-divers"],"acf":[],"yoast_head":"<!-- This site is optimized with the Yoast SEO plugin v20.10 - https:\/\/yoast.com\/wordpress\/plugins\/seo\/ -->\n<title>\u00c9tui pour journal de bord | Porcupine Canvas<\/title>\n<meta name=\"robots\" content=\"index, follow, max-snippet:-1, max-image-preview:large, max-video-preview:-1\" \/>\n<link rel=\"canonical\" href=\"https:\/\/porcupinecanvas.com\/fr\/products\/etuis-et-divers\/etui-pour-journal-de-bord-2\/\" \/>\n<meta property=\"og:locale\" content=\"fr_CA\" \/>\n<meta property=\"og:type\" content=\"article\" \/>\n<meta property=\"og:title\" content=\"\u00c9tui pour journal de bord | Porcupine Canvas\" \/>\n<meta property=\"og:description\" content=\"Cet \u00e9tui en vinyle de 18 oz et 40 oz est con\u00e7u pour contenir votre bloc de liste de contr\u00f4le des op\u00e9rations. Fermeture \u00e0 velcro et pochette en PVC transparent pour l&#039;\u00e9tiquetage. Dispose d&#039;oeillets \u00e0 l&#039;arri\u00e8re pour permettre d&#039;attacher l&#039;\u00e9tui de fa\u00e7on permanente \u00e0 votre \u00e9quipement. Disponible dans d&#039;autres formats sur demande.\" \/>\n<meta property=\"og:url\" content=\"https:\/\/porcupinecanvas.com\/fr\/products\/etuis-et-divers\/etui-pour-journal-de-bord-2\/\" \/>\n<meta property=\"og:site_name\" content=\"Porcupine Canvas\" \/>\n<meta property=\"article:modified_time\" content=\"2024-06-19T14:42:32+00:00\" \/>\n<meta property=\"og:image\" content=\"https:\/\/porcupinecanvas.com\/wp-content\/uploads\/produit-1018a-01-featured.jpg\" \/>\n\t<meta property=\"og:image:width\" content=\"1280\" \/>\n\t<meta property=\"og:image:height\" content=\"1280\" \/>\n\t<meta property=\"og:image:type\" content=\"image\/jpeg\" \/>\n<meta name=\"twitter:card\" content=\"summary_large_image\" \/>\n<script type=\"application\/ld+json\" class=\"yoast-schema-graph\">{\"@context\":\"https:\/\/schema.org\",\"@graph\":[{\"@type\":\"WebPage\",\"@id\":\"https:\/\/porcupinecanvas.com\/fr\/products\/etuis-et-divers\/etui-pour-journal-de-bord-2\/\",\"url\":\"https:\/\/porcupinecanvas.com\/fr\/products\/etuis-et-divers\/etui-pour-journal-de-bord-2\/\",\"name\":\"\u00c9tui pour journal de bord | Porcupine Canvas\",\"isPartOf\":{\"@id\":\"https:\/\/porcupine.agencehigh5.com\/#website\"},\"datePublished\":\"2022-12-21T19:50:49+00:00\",\"dateModified\":\"2024-06-19T14:42:32+00:00\",\"breadcrumb\":{\"@id\":\"https:\/\/porcupinecanvas.com\/fr\/products\/etuis-et-divers\/etui-pour-journal-de-bord-2\/#breadcrumb\"},\"inLanguage\":\"fr-CA\",\"potentialAction\":[{\"@type\":\"ReadAction\",\"target\":[\"https:\/\/porcupinecanvas.com\/fr\/products\/etuis-et-divers\/etui-pour-journal-de-bord-2\/\"]}]},{\"@type\":\"BreadcrumbList\",\"@id\":\"https:\/\/porcupinecanvas.com\/fr\/products\/etuis-et-divers\/etui-pour-journal-de-bord-2\/#breadcrumb\",\"itemListElement\":[{\"@type\":\"ListItem\",\"position\":1,\"name\":\"Home\",\"item\":\"https:\/\/porcupinecanvas.com\/fr\/\"},{\"@type\":\"ListItem\",\"position\":2,\"name\":\"Products\",\"item\":\"https:\/\/porcupine.agencehigh5.com\/shop\/\"},{\"@type\":\"ListItem\",\"position\":3,\"name\":\"\u00c9tui pour journal de bord\"}]},{\"@type\":\"WebSite\",\"@id\":\"https:\/\/porcupine.agencehigh5.com\/#website\",\"url\":\"https:\/\/porcupine.agencehigh5.com\/\",\"name\":\"Porcupine Canvas\",\"description\":\"Gear for the mining industry and the outdoors\",\"publisher\":{\"@id\":\"https:\/\/porcupine.agencehigh5.com\/#organization\"},\"potentialAction\":[{\"@type\":\"SearchAction\",\"target\":{\"@type\":\"EntryPoint\",\"urlTemplate\":\"https:\/\/porcupine.agencehigh5.com\/?s={search_term_string}\"},\"query-input\":\"required name=search_term_string\"}],\"inLanguage\":\"fr-CA\"},{\"@type\":\"Organization\",\"@id\":\"https:\/\/porcupine.agencehigh5.com\/#organization\",\"name\":\"Porcupine Canvas\",\"url\":\"https:\/\/porcupine.agencehigh5.com\/\",\"logo\":{\"@type\":\"ImageObject\",\"inLanguage\":\"fr-CA\",\"@id\":\"https:\/\/porcupine.agencehigh5.com\/#\/schema\/logo\/image\/\",\"url\":\"https:\/\/porcupinecanvas.com\/wp-content\/uploads\/porcupine-canvas-logo.png\",\"contentUrl\":\"https:\/\/porcupinecanvas.com\/wp-content\/uploads\/porcupine-canvas-logo.png\",\"width\":912,\"height\":262,\"caption\":\"Porcupine Canvas\"},\"image\":{\"@id\":\"https:\/\/porcupine.agencehigh5.com\/#\/schema\/logo\/image\/\"}}]}<\/script>\n<!-- \/ Yoast SEO plugin. -->","yoast_head_json":{"title":"\u00c9tui pour journal de bord | Porcupine Canvas","robots":{"index":"index","follow":"follow","max-snippet":"max-snippet:-1","max-image-preview":"max-image-preview:large","max-video-preview":"max-video-preview:-1"},"canonical":"https:\/\/porcupinecanvas.com\/fr\/products\/etuis-et-divers\/etui-pour-journal-de-bord-2\/","og_locale":"fr_CA","og_type":"article","og_title":"\u00c9tui pour journal de bord | Porcupine Canvas","og_description":"Cet \u00e9tui en vinyle de 18 oz et 40 oz est con\u00e7u pour contenir votre bloc de liste de contr\u00f4le des op\u00e9rations. Fermeture \u00e0 velcro et pochette en PVC transparent pour l'\u00e9tiquetage. Dispose d'oeillets \u00e0 l'arri\u00e8re pour permettre d'attacher l'\u00e9tui de fa\u00e7on permanente \u00e0 votre \u00e9quipement. Disponible dans d'autres formats sur demande.","og_url":"https:\/\/porcupinecanvas.com\/fr\/products\/etuis-et-divers\/etui-pour-journal-de-bord-2\/","og_site_name":"Porcupine Canvas","article_modified_time":"2024-06-19T14:42:32+00:00","og_image":[{"width":1280,"height":1280,"url":"https:\/\/porcupinecanvas.com\/wp-content\/uploads\/produit-1018a-01-featured.jpg","type":"image\/jpeg"}],"twitter_card":"summary_large_image","schema":{"@context":"https:\/\/schema.org","@graph":[{"@type":"WebPage","@id":"https:\/\/porcupinecanvas.com\/fr\/products\/etuis-et-divers\/etui-pour-journal-de-bord-2\/","url":"https:\/\/porcupinecanvas.com\/fr\/products\/etuis-et-divers\/etui-pour-journal-de-bord-2\/","name":"\u00c9tui pour journal de bord | Porcupine Canvas","isPartOf":{"@id":"https:\/\/porcupine.agencehigh5.com\/#website"},"datePublished":"2022-12-21T19:50:49+00:00","dateModified":"2024-06-19T14:42:32+00:00","breadcrumb":{"@id":"https:\/\/porcupinecanvas.com\/fr\/products\/etuis-et-divers\/etui-pour-journal-de-bord-2\/#breadcrumb"},"inLanguage":"fr-CA","potentialAction":[{"@type":"ReadAction","target":["https:\/\/porcupinecanvas.com\/fr\/products\/etuis-et-divers\/etui-pour-journal-de-bord-2\/"]}]},{"@type":"BreadcrumbList","@id":"https:\/\/porcupinecanvas.com\/fr\/products\/etuis-et-divers\/etui-pour-journal-de-bord-2\/#breadcrumb","itemListElement":[{"@type":"ListItem","position":1,"name":"Home","item":"https:\/\/porcupinecanvas.com\/fr\/"},{"@type":"ListItem","position":2,"name":"Products","item":"https:\/\/porcupine.agencehigh5.com\/shop\/"},{"@type":"ListItem","position":3,"name":"\u00c9tui pour journal de bord"}]},{"@type":"WebSite","@id":"https:\/\/porcupine.agencehigh5.com\/#website","url":"https:\/\/porcupine.agencehigh5.com\/","name":"Porcupine Canvas","description":"Gear for the mining industry and the outdoors","publisher":{"@id":"https:\/\/porcupine.agencehigh5.com\/#organization"},"potentialAction":[{"@type":"SearchAction","target":{"@type":"EntryPoint","urlTemplate":"https:\/\/porcupine.agencehigh5.com\/?s={search_term_string}"},"query-input":"required name=search_term_string"}],"inLanguage":"fr-CA"},{"@type":"Organization","@id":"https:\/\/porcupine.agencehigh5.com\/#organization","name":"Porcupine Canvas","url":"https:\/\/porcupine.agencehigh5.com\/","logo":{"@type":"ImageObject","inLanguage":"fr-CA","@id":"https:\/\/porcupine.agencehigh5.com\/#\/schema\/logo\/image\/","url":"https:\/\/porcupinecanvas.com\/wp-content\/uploads\/porcupine-canvas-logo.png","contentUrl":"https:\/\/porcupinecanvas.com\/wp-content\/uploads\/porcupine-canvas-logo.png","width":912,"height":262,"caption":"Porcupine Canvas"},"image":{"@id":"https:\/\/porcupine.agencehigh5.com\/#\/schema\/logo\/image\/"}}]}},"_links":{"self":[{"href":"https:\/\/porcupinecanvas.com\/fr\/wp-json\/wp\/v2\/product\/1780","targetHints":{"allow":["GET"]}}],"collection":[{"href":"https:\/\/porcupinecanvas.com\/fr\/wp-json\/wp\/v2\/product"}],"about":[{"href":"https:\/\/porcupinecanvas.com\/fr\/wp-json\/wp\/v2\/types\/product"}],"wp:featuredmedia":[{"embeddable":true,"href":"https:\/\/porcupinecanvas.com\/fr\/wp-json\/wp\/v2\/media\/1120"}],"wp:attachment":[{"href":"https:\/\/porcupinecanvas.com\/fr\/wp-json\/wp\/v2\/media?parent=1780"}],"wp:term":[{"taxonomy":"product_cat","embeddable":true,"href":"https:\/\/porcupinecanvas.com\/fr\/wp-json\/wp\/v2\/product_cat?post=1780"},{"taxonomy":"product_tag","embeddable":true,"href":"https:\/\/porcupinecanvas.com\/fr\/wp-json\/wp\/v2\/product_tag?post=1780"}],"curies":[{"name":"wp","href":"https:\/\/api.w.org\/{rel}","templated":true}]}}