{"id":1779,"date":"2022-12-21T16:11:07","date_gmt":"2022-12-21T19:50:49","guid":{"rendered":"https:\/\/porcupinecanvas.com\/products\/uncategorized\/etui-pour-journal-de-bord\/"},"modified":"2022-12-21T14:50:54","modified_gmt":"2022-12-21T19:50:54","slug":"etui-pour-journal-de-bord","status":"publish","type":"product","link":"https:\/\/porcupinecanvas.com\/fr\/products\/etuis-et-divers\/etui-pour-journal-de-bord\/","title":{"rendered":"\u00c9tui pour journal de bord"},"content":{"rendered":"","protected":false},"excerpt":{"rendered":"<p>Prot\u00e9gez vos donn\u00e9es avec cet \u00e9tui de terrain pour journal de bord. Con\u00e7u pour vos besoins et abriter vos choses des \u00e9l\u00e9ments. Fait en vinyle jaune de 18 oz avec reliure renforc\u00e9e, fermeture \u00e0 velcro et pochette en PVC transparent pour l&#8217;\u00e9tiquetage. Dispose d&#8217;oeillets \u00e0 l&#8217;arri\u00e8re pour que l&#8217;\u00e9tui puisse \u00eatre attach\u00e9 directement \u00e0 un c\u00e2ble de contr\u00f4le. 6&#8243; x 10&#8243; x 2&#8243;<\/p>\n","protected":false},"featured_media":904,"template":"","meta":[],"product_cat":[43],"product_tag":[],"class_list":["post-1779","product","type-product","status-publish","has-post-thumbnail","hentry","product_cat-etuis-et-divers"],"acf":[],"yoast_head":"<!-- This site is optimized with the Yoast SEO plugin v20.10 - https:\/\/yoast.com\/wordpress\/plugins\/seo\/ -->\n<title>\u00c9tui pour journal de bord | Porcupine Canvas<\/title>\n<meta name=\"robots\" content=\"index, follow, max-snippet:-1, max-image-preview:large, max-video-preview:-1\" \/>\n<link rel=\"canonical\" href=\"https:\/\/porcupine.agencehigh5.com\/fr\/products\/etuis-et-divers\/etui-pour-journal-de-bord\/\" \/>\n<meta property=\"og:locale\" content=\"fr_CA\" \/>\n<meta property=\"og:type\" content=\"article\" \/>\n<meta property=\"og:title\" content=\"\u00c9tui pour journal de bord | Porcupine Canvas\" \/>\n<meta property=\"og:description\" content=\"Prot\u00e9gez vos donn\u00e9es avec cet \u00e9tui de terrain pour journal de bord. Con\u00e7u pour vos besoins et abriter vos choses des \u00e9l\u00e9ments. Fait en vinyle jaune de 18 oz avec reliure renforc\u00e9e, fermeture \u00e0 velcro et pochette en PVC transparent pour l&#039;\u00e9tiquetage. Dispose d&#039;oeillets \u00e0 l&#039;arri\u00e8re pour que l&#039;\u00e9tui puisse \u00eatre attach\u00e9 directement \u00e0 un c\u00e2ble de contr\u00f4le. 6&quot; x 10&quot; x 2&quot;\" \/>\n<meta property=\"og:url\" content=\"https:\/\/porcupine.agencehigh5.com\/fr\/products\/etuis-et-divers\/etui-pour-journal-de-bord\/\" \/>\n<meta property=\"og:site_name\" content=\"Porcupine Canvas\" \/>\n<meta property=\"article:modified_time\" content=\"2022-12-21T19:50:54+00:00\" \/>\n<meta property=\"og:image\" content=\"https:\/\/porcupine.agencehigh5.com\/wp-content\/uploads\/produit-1014-01-featured.jpg\" \/>\n\t<meta property=\"og:image:width\" content=\"1280\" \/>\n\t<meta property=\"og:image:height\" content=\"1280\" \/>\n\t<meta property=\"og:image:type\" content=\"image\/jpeg\" \/>\n<meta name=\"twitter:card\" content=\"summary_large_image\" \/>\n<script type=\"application\/ld+json\" class=\"yoast-schema-graph\">{\"@context\":\"https:\/\/schema.org\",\"@graph\":[{\"@type\":\"WebPage\",\"@id\":\"https:\/\/porcupine.agencehigh5.com\/fr\/products\/etuis-et-divers\/etui-pour-journal-de-bord\/\",\"url\":\"https:\/\/porcupine.agencehigh5.com\/fr\/products\/etuis-et-divers\/etui-pour-journal-de-bord\/\",\"name\":\"\u00c9tui pour journal de bord | Porcupine Canvas\",\"isPartOf\":{\"@id\":\"https:\/\/porcupine.agencehigh5.com\/#website\"},\"datePublished\":\"2022-12-21T19:50:49+00:00\",\"dateModified\":\"2022-12-21T19:50:54+00:00\",\"breadcrumb\":{\"@id\":\"https:\/\/porcupine.agencehigh5.com\/fr\/products\/etuis-et-divers\/etui-pour-journal-de-bord\/#breadcrumb\"},\"inLanguage\":\"fr-CA\",\"potentialAction\":[{\"@type\":\"ReadAction\",\"target\":[\"https:\/\/porcupine.agencehigh5.com\/fr\/products\/etuis-et-divers\/etui-pour-journal-de-bord\/\"]}]},{\"@type\":\"BreadcrumbList\",\"@id\":\"https:\/\/porcupine.agencehigh5.com\/fr\/products\/etuis-et-divers\/etui-pour-journal-de-bord\/#breadcrumb\",\"itemListElement\":[{\"@type\":\"ListItem\",\"position\":1,\"name\":\"Home\",\"item\":\"https:\/\/porcupinecanvas.com\/fr\/\"},{\"@type\":\"ListItem\",\"position\":2,\"name\":\"Products\",\"item\":\"https:\/\/porcupine.agencehigh5.com\/shop\/\"},{\"@type\":\"ListItem\",\"position\":3,\"name\":\"\u00c9tui pour journal de bord\"}]},{\"@type\":\"WebSite\",\"@id\":\"https:\/\/porcupine.agencehigh5.com\/#website\",\"url\":\"https:\/\/porcupine.agencehigh5.com\/\",\"name\":\"Porcupine Canvas\",\"description\":\"Gear for the mining industry and the outdoors\",\"publisher\":{\"@id\":\"https:\/\/porcupine.agencehigh5.com\/#organization\"},\"potentialAction\":[{\"@type\":\"SearchAction\",\"target\":{\"@type\":\"EntryPoint\",\"urlTemplate\":\"https:\/\/porcupine.agencehigh5.com\/?s={search_term_string}\"},\"query-input\":\"required name=search_term_string\"}],\"inLanguage\":\"fr-CA\"},{\"@type\":\"Organization\",\"@id\":\"https:\/\/porcupine.agencehigh5.com\/#organization\",\"name\":\"Porcupine Canvas\",\"url\":\"https:\/\/porcupine.agencehigh5.com\/\",\"logo\":{\"@type\":\"ImageObject\",\"inLanguage\":\"fr-CA\",\"@id\":\"https:\/\/porcupine.agencehigh5.com\/#\/schema\/logo\/image\/\",\"url\":\"https:\/\/porcupinecanvas.com\/wp-content\/uploads\/porcupine-canvas-logo.png\",\"contentUrl\":\"https:\/\/porcupinecanvas.com\/wp-content\/uploads\/porcupine-canvas-logo.png\",\"width\":912,\"height\":262,\"caption\":\"Porcupine Canvas\"},\"image\":{\"@id\":\"https:\/\/porcupine.agencehigh5.com\/#\/schema\/logo\/image\/\"}}]}<\/script>\n<!-- \/ Yoast SEO plugin. -->","yoast_head_json":{"title":"\u00c9tui pour journal de bord | Porcupine Canvas","robots":{"index":"index","follow":"follow","max-snippet":"max-snippet:-1","max-image-preview":"max-image-preview:large","max-video-preview":"max-video-preview:-1"},"canonical":"https:\/\/porcupine.agencehigh5.com\/fr\/products\/etuis-et-divers\/etui-pour-journal-de-bord\/","og_locale":"fr_CA","og_type":"article","og_title":"\u00c9tui pour journal de bord | Porcupine Canvas","og_description":"Prot\u00e9gez vos donn\u00e9es avec cet \u00e9tui de terrain pour journal de bord. Con\u00e7u pour vos besoins et abriter vos choses des \u00e9l\u00e9ments. Fait en vinyle jaune de 18 oz avec reliure renforc\u00e9e, fermeture \u00e0 velcro et pochette en PVC transparent pour l'\u00e9tiquetage. Dispose d'oeillets \u00e0 l'arri\u00e8re pour que l'\u00e9tui puisse \u00eatre attach\u00e9 directement \u00e0 un c\u00e2ble de contr\u00f4le. 6\" x 10\" x 2\"","og_url":"https:\/\/porcupine.agencehigh5.com\/fr\/products\/etuis-et-divers\/etui-pour-journal-de-bord\/","og_site_name":"Porcupine Canvas","article_modified_time":"2022-12-21T19:50:54+00:00","og_image":[{"width":1280,"height":1280,"url":"https:\/\/porcupine.agencehigh5.com\/wp-content\/uploads\/produit-1014-01-featured.jpg","type":"image\/jpeg"}],"twitter_card":"summary_large_image","schema":{"@context":"https:\/\/schema.org","@graph":[{"@type":"WebPage","@id":"https:\/\/porcupine.agencehigh5.com\/fr\/products\/etuis-et-divers\/etui-pour-journal-de-bord\/","url":"https:\/\/porcupine.agencehigh5.com\/fr\/products\/etuis-et-divers\/etui-pour-journal-de-bord\/","name":"\u00c9tui pour journal de bord | Porcupine Canvas","isPartOf":{"@id":"https:\/\/porcupine.agencehigh5.com\/#website"},"datePublished":"2022-12-21T19:50:49+00:00","dateModified":"2022-12-21T19:50:54+00:00","breadcrumb":{"@id":"https:\/\/porcupine.agencehigh5.com\/fr\/products\/etuis-et-divers\/etui-pour-journal-de-bord\/#breadcrumb"},"inLanguage":"fr-CA","potentialAction":[{"@type":"ReadAction","target":["https:\/\/porcupine.agencehigh5.com\/fr\/products\/etuis-et-divers\/etui-pour-journal-de-bord\/"]}]},{"@type":"BreadcrumbList","@id":"https:\/\/porcupine.agencehigh5.com\/fr\/products\/etuis-et-divers\/etui-pour-journal-de-bord\/#breadcrumb","itemListElement":[{"@type":"ListItem","position":1,"name":"Home","item":"https:\/\/porcupinecanvas.com\/fr\/"},{"@type":"ListItem","position":2,"name":"Products","item":"https:\/\/porcupine.agencehigh5.com\/shop\/"},{"@type":"ListItem","position":3,"name":"\u00c9tui pour journal de bord"}]},{"@type":"WebSite","@id":"https:\/\/porcupine.agencehigh5.com\/#website","url":"https:\/\/porcupine.agencehigh5.com\/","name":"Porcupine Canvas","description":"Gear for the mining industry and the outdoors","publisher":{"@id":"https:\/\/porcupine.agencehigh5.com\/#organization"},"potentialAction":[{"@type":"SearchAction","target":{"@type":"EntryPoint","urlTemplate":"https:\/\/porcupine.agencehigh5.com\/?s={search_term_string}"},"query-input":"required name=search_term_string"}],"inLanguage":"fr-CA"},{"@type":"Organization","@id":"https:\/\/porcupine.agencehigh5.com\/#organization","name":"Porcupine Canvas","url":"https:\/\/porcupine.agencehigh5.com\/","logo":{"@type":"ImageObject","inLanguage":"fr-CA","@id":"https:\/\/porcupine.agencehigh5.com\/#\/schema\/logo\/image\/","url":"https:\/\/porcupinecanvas.com\/wp-content\/uploads\/porcupine-canvas-logo.png","contentUrl":"https:\/\/porcupinecanvas.com\/wp-content\/uploads\/porcupine-canvas-logo.png","width":912,"height":262,"caption":"Porcupine Canvas"},"image":{"@id":"https:\/\/porcupine.agencehigh5.com\/#\/schema\/logo\/image\/"}}]}},"_links":{"self":[{"href":"https:\/\/porcupinecanvas.com\/fr\/wp-json\/wp\/v2\/product\/1779","targetHints":{"allow":["GET"]}}],"collection":[{"href":"https:\/\/porcupinecanvas.com\/fr\/wp-json\/wp\/v2\/product"}],"about":[{"href":"https:\/\/porcupinecanvas.com\/fr\/wp-json\/wp\/v2\/types\/product"}],"wp:featuredmedia":[{"embeddable":true,"href":"https:\/\/porcupinecanvas.com\/fr\/wp-json\/wp\/v2\/media\/904"}],"wp:attachment":[{"href":"https:\/\/porcupinecanvas.com\/fr\/wp-json\/wp\/v2\/media?parent=1779"}],"wp:term":[{"taxonomy":"product_cat","embeddable":true,"href":"https:\/\/porcupinecanvas.com\/fr\/wp-json\/wp\/v2\/product_cat?post=1779"},{"taxonomy":"product_tag","embeddable":true,"href":"https:\/\/porcupinecanvas.com\/fr\/wp-json\/wp\/v2\/product_tag?post=1779"}],"curies":[{"name":"wp","href":"https:\/\/api.w.org\/{rel}","templated":true}]}}