{"id":1775,"date":"2022-12-21T16:11:07","date_gmt":"2022-12-21T19:50:49","guid":{"rendered":"https:\/\/porcupinecanvas.com\/products\/uncategorized\/etui-protecteur-pour-vaporisateur-anti-ours\/"},"modified":"2022-12-21T14:50:51","modified_gmt":"2022-12-21T19:50:51","slug":"etui-protecteur-pour-vaporisateur-anti-ours","status":"publish","type":"product","link":"https:\/\/porcupinecanvas.com\/fr\/products\/etuis-et-divers\/etui-protecteur-pour-vaporisateur-anti-ours\/","title":{"rendered":"\u00c9tui protecteur pour vaporisateur anti-ours"},"content":{"rendered":"","protected":false},"excerpt":{"rendered":"<p>Conservez votre vaporisateur anti-ours tout pr\u00e8s et facilement accessible avec cet \u00e9tui en vinyle durable attach\u00e9 \u00e0 votre ceinture. Une fermeture \u00e0 velcro et une boucle en toile solide permet de garder le tout en place et de vous garder en s\u00e9curit\u00e9.<\/p>\n","protected":false},"featured_media":1081,"template":"","meta":[],"product_cat":[43],"product_tag":[],"class_list":["post-1775","product","type-product","status-publish","has-post-thumbnail","hentry","product_cat-etuis-et-divers"],"acf":[],"yoast_head":"<!-- This site is optimized with the Yoast SEO plugin v20.10 - https:\/\/yoast.com\/wordpress\/plugins\/seo\/ -->\n<title>\u00c9tui protecteur pour vaporisateur anti-ours | Porcupine Canvas<\/title>\n<meta name=\"robots\" content=\"index, follow, max-snippet:-1, max-image-preview:large, max-video-preview:-1\" \/>\n<link rel=\"canonical\" href=\"https:\/\/porcupine.agencehigh5.com\/fr\/products\/etuis-et-divers\/etui-protecteur-pour-vaporisateur-anti-ours\/\" \/>\n<meta property=\"og:locale\" content=\"fr_CA\" \/>\n<meta property=\"og:type\" content=\"article\" \/>\n<meta property=\"og:title\" content=\"\u00c9tui protecteur pour vaporisateur anti-ours | Porcupine Canvas\" \/>\n<meta property=\"og:description\" content=\"Conservez votre vaporisateur anti-ours tout pr\u00e8s et facilement accessible avec cet \u00e9tui en vinyle durable attach\u00e9 \u00e0 votre ceinture. Une fermeture \u00e0 velcro et une boucle en toile solide permet de garder le tout en place et de vous garder en s\u00e9curit\u00e9.\" \/>\n<meta property=\"og:url\" content=\"https:\/\/porcupine.agencehigh5.com\/fr\/products\/etuis-et-divers\/etui-protecteur-pour-vaporisateur-anti-ours\/\" \/>\n<meta property=\"og:site_name\" content=\"Porcupine Canvas\" \/>\n<meta property=\"article:modified_time\" content=\"2022-12-21T19:50:51+00:00\" \/>\n<meta property=\"og:image\" content=\"https:\/\/porcupine.agencehigh5.com\/wp-content\/uploads\/produit-1009-01-featured.jpg\" \/>\n\t<meta property=\"og:image:width\" content=\"1280\" \/>\n\t<meta property=\"og:image:height\" content=\"1280\" \/>\n\t<meta property=\"og:image:type\" content=\"image\/jpeg\" \/>\n<meta name=\"twitter:card\" content=\"summary_large_image\" \/>\n<script type=\"application\/ld+json\" class=\"yoast-schema-graph\">{\"@context\":\"https:\/\/schema.org\",\"@graph\":[{\"@type\":\"WebPage\",\"@id\":\"https:\/\/porcupine.agencehigh5.com\/fr\/products\/etuis-et-divers\/etui-protecteur-pour-vaporisateur-anti-ours\/\",\"url\":\"https:\/\/porcupine.agencehigh5.com\/fr\/products\/etuis-et-divers\/etui-protecteur-pour-vaporisateur-anti-ours\/\",\"name\":\"\u00c9tui protecteur pour vaporisateur anti-ours | Porcupine Canvas\",\"isPartOf\":{\"@id\":\"https:\/\/porcupine.agencehigh5.com\/#website\"},\"datePublished\":\"2022-12-21T19:50:49+00:00\",\"dateModified\":\"2022-12-21T19:50:51+00:00\",\"breadcrumb\":{\"@id\":\"https:\/\/porcupine.agencehigh5.com\/fr\/products\/etuis-et-divers\/etui-protecteur-pour-vaporisateur-anti-ours\/#breadcrumb\"},\"inLanguage\":\"fr-CA\",\"potentialAction\":[{\"@type\":\"ReadAction\",\"target\":[\"https:\/\/porcupine.agencehigh5.com\/fr\/products\/etuis-et-divers\/etui-protecteur-pour-vaporisateur-anti-ours\/\"]}]},{\"@type\":\"BreadcrumbList\",\"@id\":\"https:\/\/porcupine.agencehigh5.com\/fr\/products\/etuis-et-divers\/etui-protecteur-pour-vaporisateur-anti-ours\/#breadcrumb\",\"itemListElement\":[{\"@type\":\"ListItem\",\"position\":1,\"name\":\"Home\",\"item\":\"https:\/\/porcupinecanvas.com\/fr\/\"},{\"@type\":\"ListItem\",\"position\":2,\"name\":\"Products\",\"item\":\"https:\/\/porcupine.agencehigh5.com\/shop\/\"},{\"@type\":\"ListItem\",\"position\":3,\"name\":\"\u00c9tui protecteur pour vaporisateur anti-ours\"}]},{\"@type\":\"WebSite\",\"@id\":\"https:\/\/porcupine.agencehigh5.com\/#website\",\"url\":\"https:\/\/porcupine.agencehigh5.com\/\",\"name\":\"Porcupine Canvas\",\"description\":\"Gear for the mining industry and the outdoors\",\"publisher\":{\"@id\":\"https:\/\/porcupine.agencehigh5.com\/#organization\"},\"potentialAction\":[{\"@type\":\"SearchAction\",\"target\":{\"@type\":\"EntryPoint\",\"urlTemplate\":\"https:\/\/porcupine.agencehigh5.com\/?s={search_term_string}\"},\"query-input\":\"required name=search_term_string\"}],\"inLanguage\":\"fr-CA\"},{\"@type\":\"Organization\",\"@id\":\"https:\/\/porcupine.agencehigh5.com\/#organization\",\"name\":\"Porcupine Canvas\",\"url\":\"https:\/\/porcupine.agencehigh5.com\/\",\"logo\":{\"@type\":\"ImageObject\",\"inLanguage\":\"fr-CA\",\"@id\":\"https:\/\/porcupine.agencehigh5.com\/#\/schema\/logo\/image\/\",\"url\":\"https:\/\/porcupinecanvas.com\/wp-content\/uploads\/porcupine-canvas-logo.png\",\"contentUrl\":\"https:\/\/porcupinecanvas.com\/wp-content\/uploads\/porcupine-canvas-logo.png\",\"width\":912,\"height\":262,\"caption\":\"Porcupine Canvas\"},\"image\":{\"@id\":\"https:\/\/porcupine.agencehigh5.com\/#\/schema\/logo\/image\/\"}}]}<\/script>\n<!-- \/ Yoast SEO plugin. -->","yoast_head_json":{"title":"\u00c9tui protecteur pour vaporisateur anti-ours | Porcupine Canvas","robots":{"index":"index","follow":"follow","max-snippet":"max-snippet:-1","max-image-preview":"max-image-preview:large","max-video-preview":"max-video-preview:-1"},"canonical":"https:\/\/porcupine.agencehigh5.com\/fr\/products\/etuis-et-divers\/etui-protecteur-pour-vaporisateur-anti-ours\/","og_locale":"fr_CA","og_type":"article","og_title":"\u00c9tui protecteur pour vaporisateur anti-ours | Porcupine Canvas","og_description":"Conservez votre vaporisateur anti-ours tout pr\u00e8s et facilement accessible avec cet \u00e9tui en vinyle durable attach\u00e9 \u00e0 votre ceinture. Une fermeture \u00e0 velcro et une boucle en toile solide permet de garder le tout en place et de vous garder en s\u00e9curit\u00e9.","og_url":"https:\/\/porcupine.agencehigh5.com\/fr\/products\/etuis-et-divers\/etui-protecteur-pour-vaporisateur-anti-ours\/","og_site_name":"Porcupine Canvas","article_modified_time":"2022-12-21T19:50:51+00:00","og_image":[{"width":1280,"height":1280,"url":"https:\/\/porcupine.agencehigh5.com\/wp-content\/uploads\/produit-1009-01-featured.jpg","type":"image\/jpeg"}],"twitter_card":"summary_large_image","schema":{"@context":"https:\/\/schema.org","@graph":[{"@type":"WebPage","@id":"https:\/\/porcupine.agencehigh5.com\/fr\/products\/etuis-et-divers\/etui-protecteur-pour-vaporisateur-anti-ours\/","url":"https:\/\/porcupine.agencehigh5.com\/fr\/products\/etuis-et-divers\/etui-protecteur-pour-vaporisateur-anti-ours\/","name":"\u00c9tui protecteur pour vaporisateur anti-ours | Porcupine Canvas","isPartOf":{"@id":"https:\/\/porcupine.agencehigh5.com\/#website"},"datePublished":"2022-12-21T19:50:49+00:00","dateModified":"2022-12-21T19:50:51+00:00","breadcrumb":{"@id":"https:\/\/porcupine.agencehigh5.com\/fr\/products\/etuis-et-divers\/etui-protecteur-pour-vaporisateur-anti-ours\/#breadcrumb"},"inLanguage":"fr-CA","potentialAction":[{"@type":"ReadAction","target":["https:\/\/porcupine.agencehigh5.com\/fr\/products\/etuis-et-divers\/etui-protecteur-pour-vaporisateur-anti-ours\/"]}]},{"@type":"BreadcrumbList","@id":"https:\/\/porcupine.agencehigh5.com\/fr\/products\/etuis-et-divers\/etui-protecteur-pour-vaporisateur-anti-ours\/#breadcrumb","itemListElement":[{"@type":"ListItem","position":1,"name":"Home","item":"https:\/\/porcupinecanvas.com\/fr\/"},{"@type":"ListItem","position":2,"name":"Products","item":"https:\/\/porcupine.agencehigh5.com\/shop\/"},{"@type":"ListItem","position":3,"name":"\u00c9tui protecteur pour vaporisateur anti-ours"}]},{"@type":"WebSite","@id":"https:\/\/porcupine.agencehigh5.com\/#website","url":"https:\/\/porcupine.agencehigh5.com\/","name":"Porcupine Canvas","description":"Gear for the mining industry and the outdoors","publisher":{"@id":"https:\/\/porcupine.agencehigh5.com\/#organization"},"potentialAction":[{"@type":"SearchAction","target":{"@type":"EntryPoint","urlTemplate":"https:\/\/porcupine.agencehigh5.com\/?s={search_term_string}"},"query-input":"required name=search_term_string"}],"inLanguage":"fr-CA"},{"@type":"Organization","@id":"https:\/\/porcupine.agencehigh5.com\/#organization","name":"Porcupine Canvas","url":"https:\/\/porcupine.agencehigh5.com\/","logo":{"@type":"ImageObject","inLanguage":"fr-CA","@id":"https:\/\/porcupine.agencehigh5.com\/#\/schema\/logo\/image\/","url":"https:\/\/porcupinecanvas.com\/wp-content\/uploads\/porcupine-canvas-logo.png","contentUrl":"https:\/\/porcupinecanvas.com\/wp-content\/uploads\/porcupine-canvas-logo.png","width":912,"height":262,"caption":"Porcupine Canvas"},"image":{"@id":"https:\/\/porcupine.agencehigh5.com\/#\/schema\/logo\/image\/"}}]}},"_links":{"self":[{"href":"https:\/\/porcupinecanvas.com\/fr\/wp-json\/wp\/v2\/product\/1775","targetHints":{"allow":["GET"]}}],"collection":[{"href":"https:\/\/porcupinecanvas.com\/fr\/wp-json\/wp\/v2\/product"}],"about":[{"href":"https:\/\/porcupinecanvas.com\/fr\/wp-json\/wp\/v2\/types\/product"}],"wp:featuredmedia":[{"embeddable":true,"href":"https:\/\/porcupinecanvas.com\/fr\/wp-json\/wp\/v2\/media\/1081"}],"wp:attachment":[{"href":"https:\/\/porcupinecanvas.com\/fr\/wp-json\/wp\/v2\/media?parent=1775"}],"wp:term":[{"taxonomy":"product_cat","embeddable":true,"href":"https:\/\/porcupinecanvas.com\/fr\/wp-json\/wp\/v2\/product_cat?post=1775"},{"taxonomy":"product_tag","embeddable":true,"href":"https:\/\/porcupinecanvas.com\/fr\/wp-json\/wp\/v2\/product_tag?post=1775"}],"curies":[{"name":"wp","href":"https:\/\/api.w.org\/{rel}","templated":true}]}}