{"id":987,"date":"2022-11-10T21:34:02","date_gmt":"2022-11-10T21:34:02","guid":{"rendered":"https:\/\/porcupinecanvas.com\/about\/"},"modified":"2024-02-08T13:58:11","modified_gmt":"2024-02-08T18:58:11","slug":"a-propos","status":"publish","type":"page","link":"https:\/\/porcupinecanvas.com\/fr\/a-propos\/","title":{"rendered":"\u00c0 propos"},"content":{"rendered":"\n<div class=\"wp-block-cover is-light block cover-hero\">\n\t\t\t<span aria-hidden=\"true\" class=\"wp-block-cover__background has-background-dim\"><\/span>\n\t\t<img decoding=\"async\" loading=\"lazy\" class=\"wp-block-cover__image-background\" alt=\"\"\n\t\t     src=\"https:\/\/porcupinecanvas.com\/wp-content\/uploads\/2022\/11\/image-header-about-us.jpg\"\n\t\t     data-object-fit=\"cover\"\n\t\t     srcset=\"https:\/\/porcupinecanvas.com\/wp-content\/uploads\/2022\/11\/image-header-about-us-300x104.jpg 300w, https:\/\/porcupinecanvas.com\/wp-content\/uploads\/2022\/11\/image-header-about-us-600x208.jpg 600w, https:\/\/porcupinecanvas.com\/wp-content\/uploads\/2022\/11\/image-header-about-us-1024x355.jpg 1024w, https:\/\/porcupinecanvas.com\/wp-content\/uploads\/2022\/11\/image-header-about-us-768x266.jpg 768w, https:\/\/porcupinecanvas.com\/wp-content\/uploads\/2022\/11\/image-header-about-us-1536x533.jpg 1536w, https:\/\/porcupinecanvas.com\/wp-content\/uploads\/2022\/11\/image-header-about-us.jpg 1920w\"\n\t\t     sizes=\"auto, (max-width: 1920px) 100vw, 1920px\"\n\t\t     width=\"1920\"\n\t\t     height=\"666\">\n\t\t<div class=\"wp-block-cover__inner-container\">\n\t\t<div class=\"is-layout-flow wp-block-group\">\n\t\t\t<div>\n\t\t\t\t\n\n<h2 class=\"wp-block-heading has-white-color has-text-color\" style=\"padding-top:28rem;padding-bottom:10%\">\u00c0 propos de nous<\/h2>\n\n\n\t\t\t<\/div>\n\t\t<\/div>\n\t<\/div>\n<\/div>\n\n\n<div class=\"wp-block-cover is-light\">\n\n\n<div class=\"wp-block-cover__inner-container\">\n\n<div class=\"is-layout-flow wp-block-group image-text has-background-color has-black-background-color has-text-color has-white-color\">\n\n  \n\n<div class=\"wp-block-cover is-light\">\n\n\n<div class=\"wp-block-cover__inner-container\">\n\n<div class=\"is-layout-flow wp-block-group image-text has-background-color has-black-background-color has-text-color has-white-color\">\n\n  \n\n<div class=\"wp-block-columns is-not-stacked-on-mobile is-layout-flex wp-container-core-columns-is-layout-bea3bb61 wp-block-columns-is-layout-flex\" style=\"padding-top:10rem;padding-bottom:10rem\">\n<div class=\"wp-block-column is-layout-flow wp-block-column-is-layout-flow\" style=\"flex-basis:50%\">\n<div style=\"padding:100% 0 0 0;position:relative;\"><iframe src=\"https:\/\/player.vimeo.com\/video\/884086189?autoplay=1&#038;loop=1&#038;autopause=0&#038;background=1\" frameborder=\"0\" allow=\"autoplay; fullscreen; picture-in-picture\" style=\"position:absolute;top:0;left:0;width:100%;height:100%;\" title=\"Porcupine Canvas Products\"><\/iframe><\/div><script src=\"https:\/\/player.vimeo.com\/api\/player.js\"><\/script>\n<\/div>\n\n\n\n<div class=\"wp-block-column is-layout-flow wp-block-column-is-layout-flow\" style=\"flex-basis:50%\">\n<h2 class=\"wp-block-heading\">Une histoire courte, un engagement \u00e0 long terme<\/h2>\n\n\n\n<p class=\"is-style-subtitle\">Des \u00e9quipements de qualit\u00e9 sup\u00e9rieure pour l\u2019industrie mini\u00e8re et plus depuis 1983<\/p>\n\n\n\n<p class=\"has-small-font-size\">En 1983, Porcupine Canvas s\u2019\u00e9tablit au Timmins en Ontario et se lance dans la fabrication de produits pour l\u2019industrie mini\u00e8re et autres. En 2009, Brenda Hagerty se joint \u00e0 l\u2019\u00e9quipe. Avec nos d\u00e9cennies d\u2019exp\u00e9rience et l\u2019approche de Brenda en ce qui concerne le d\u00e9veloppement des produits, le service \u00e0 la client\u00e8le et l\u2019attention aux d\u00e9tails, Porcupine Canvas atteint de nouveaux sommets aujourd\u2019hui. Notre salle d\u2019exposition et notre si\u00e8ge social sont maintenant situ\u00e9s dans la charmante ville de Boucherville au Qu\u00e9bec.<\/p>\n<\/div>\n<\/div>\n\n\n\n<\/div>\n\n<\/div><\/div>\n\n\n<\/div>\n\n<\/div><\/div>\n\n\n<div class=\"wp-block-group has-white-background-color has-background is-layout-flow wp-block-group-is-layout-flow\" style=\"padding-top:5%;padding-bottom:5%\">\n<figure class=\"wp-block-embed alignfull is-type-video is-provider-vimeo wp-block-embed-vimeo wp-embed-aspect-16-9 wp-has-aspect-ratio\"><div class=\"wp-block-embed__wrapper\">\n<iframe loading=\"lazy\" title=\"About Porcupine Canvas\" src=\"https:\/\/player.vimeo.com\/video\/884083855?dnt=1&amp;app_id=122963\" width=\"500\" height=\"281\" frameborder=\"0\" allow=\"autoplay; fullscreen; picture-in-picture; clipboard-write\"><\/iframe>\n<\/div><\/figure>\n<\/div>\n\n\n\n<div class=\"wp-block-cover is-light\">\n\n\n<div class=\"wp-block-cover__inner-container\">\n\n<div class=\"is-layout-flow wp-block-group image-text has-background-color has-white-background-color\">\n\n  \n\n<div class=\"wp-block-media-text has-media-on-the-right is-vertically-aligned-center\" style=\"padding-top:5rem;padding-bottom:5rem\"><div class=\"wp-block-media-text__content\">\n<h2 class=\"wp-block-heading\">BRENDA<br>HAGERTY<\/h2>\n\n\n\n<p class=\"is-style-subtitle has-primary-color has-text-color\">Pr\u00e9sidente de Porcupine Canvas<\/p>\n\n\n\n<p class=\"has-small-font-size\">La passion de Brenda pour la couture n\u2019a d\u2019\u00e9gale que celle qui l\u2019anime pour Porcupine Canvas. Elle progresse rapidement dans l\u2019industrie en tant que repr\u00e9sentante aux ventes gr\u00e2ce \u00e0 son d\u00e9vouement \u00e0 la satisfaction des clients. Elle leur est tellement d\u00e9vou\u00e9e qu\u2019elle est reconnue pour tester elle-m\u00eame les produits sur le terrain afin de bien comprendre leur besoin pour des \u00e9quipements confortables, l\u00e9gers et fonctionnels pour les environnements les plus difficiles. Elle demeure ainsi toujours aussi passionn\u00e9e pour sa client\u00e8le. C\u2019est pourquoi, entre autres, elle voyage souvent dans les r\u00e9gions mini\u00e8res du Canada: Porcupine Canvas ne produit pas que des sacs et des \u00e9tuis, mais des \u00e9quipements de protection personnelle.<\/p>\n\n\n\n<p class=\"has-small-font-size\">Les produits de Porcupine Canvas se d\u00e9marquent par des caract\u00e9ristiques telles que des bandes r\u00e9fl\u00e9chissantes, des choix de couleurs et de teintures et des sp\u00e9cifications pour des \u00e9quipements l\u00e9gers. Avec son partenaire d\u2019affaires Dan Villgren, Brenda a fait \u00e9voluer la petite compagnie du Timmins vers l\u2019entreprise ax\u00e9e sur le client et r\u00e9compens\u00e9e que l\u2019on conna\u00eet aujourd\u2019hui. Ensemble, ils encouragent la bonne connaissance et utilisation des \u00e9quipements en visitant r\u00e9guli\u00e8rement les communaut\u00e9s mini\u00e8res. Ils privil\u00e9gient aussi les mat\u00e9riaux \u00e9quitables et assurent la gestion des cha\u00eenes d\u2019approvisionnement afin de garantir des prix raisonnables. Leur d\u00e9votion est \u00e0 l\u2019origine de notre succ\u00e8s, comme le d\u00e9montre les nombreuses r\u00e9compenses attribu\u00e9es \u00e0 Porcupine Canvas et nos clients r\u00e9guliers.<\/p>\n<\/div><figure class=\"wp-block-media-text__media\"><img loading=\"lazy\" decoding=\"async\" width=\"1024\" height=\"1024\" src=\"https:\/\/porcupinecanvas.com\/wp-content\/uploads\/porcupine-canvas-brenda-about-1024x1024.jpg\" alt=\"\" class=\"wp-image-778 size-full\" srcset=\"https:\/\/porcupinecanvas.com\/wp-content\/uploads\/porcupine-canvas-brenda-about-1024x1024.jpg 1024w, https:\/\/porcupinecanvas.com\/wp-content\/uploads\/porcupine-canvas-brenda-about-500x500.jpg 500w, https:\/\/porcupinecanvas.com\/wp-content\/uploads\/porcupine-canvas-brenda-about-100x100.jpg 100w, https:\/\/porcupinecanvas.com\/wp-content\/uploads\/porcupine-canvas-brenda-about-600x600.jpg 600w, https:\/\/porcupinecanvas.com\/wp-content\/uploads\/porcupine-canvas-brenda-about-300x300.jpg 300w, https:\/\/porcupinecanvas.com\/wp-content\/uploads\/porcupine-canvas-brenda-about-150x150.jpg 150w, https:\/\/porcupinecanvas.com\/wp-content\/uploads\/porcupine-canvas-brenda-about-768x768.jpg 768w, https:\/\/porcupinecanvas.com\/wp-content\/uploads\/porcupine-canvas-brenda-about-50x50.jpg 50w, https:\/\/porcupinecanvas.com\/wp-content\/uploads\/porcupine-canvas-brenda-about.jpg 1200w\" sizes=\"auto, (max-width: 1024px) 100vw, 1024px\" \/><\/figure><\/div>\n\n\n\n<\/div>\n\n<\/div><\/div>\n\n\n<div class=\"timeline-slider\">\n\n\t<div class=\"timeline-slider-background\">\n\t\t\t\t\t<div class=\"timeline-background\" style=\"background-image:url(https:\/\/porcupinecanvas.com\/wp-content\/uploads\/2022\/11\/image-background-timeline.jpg)\">\n\t\t\t\t<div class=\"gradient\"><\/div>\n\t\t\t<\/div>\n\t\t\t\t\t<div class=\"timeline-background\" style=\"background-image:url(https:\/\/porcupinecanvas.com\/wp-content\/uploads\/2022\/11\/image-header-contact.jpg)\">\n\t\t\t\t<div class=\"gradient\"><\/div>\n\t\t\t<\/div>\n\t\t\t\t\t<div class=\"timeline-background\" style=\"background-image:url(https:\/\/porcupinecanvas.com\/wp-content\/uploads\/2022\/11\/image-gallery-1.jpg)\">\n\t\t\t\t<div class=\"gradient\"><\/div>\n\t\t\t<\/div>\n\t\t\t\t\t<div class=\"timeline-background\" style=\"background-image:url(https:\/\/porcupinecanvas.com\/wp-content\/uploads\/2022\/11\/image-header-quote.jpg)\">\n\t\t\t\t<div class=\"gradient\"><\/div>\n\t\t\t<\/div>\n\t\t\t\t\t<div class=\"timeline-background\" style=\"background-image:url(https:\/\/porcupinecanvas.com\/wp-content\/uploads\/2022\/11\/header-page-produits.jpg)\">\n\t\t\t\t<div class=\"gradient\"><\/div>\n\t\t\t<\/div>\n\t\t\t<\/div>\n\n\t<div class=\"inner-timeline-slider-container container\">\n\t\t<div>\n\t\n\t\t\t<div class=\"timeline-slider-year\">\n\t\t\t\n\t\t\t\t\t\t\t\t\t<div class=\"timeline-year\">\n\t\t\t\t\t\t<h2>1983<\/h2>\n\t\t\t\t\t\t<div class=\"line\"><\/div>\n\t\t\t\t\t<\/div>\n\t\t\t\t\t\t\t\t\t<div class=\"timeline-year\">\n\t\t\t\t\t\t<h2>2008<\/h2>\n\t\t\t\t\t\t<div class=\"line\"><\/div>\n\t\t\t\t\t<\/div>\n\t\t\t\t\t\t\t\t\t<div class=\"timeline-year\">\n\t\t\t\t\t\t<h2>2009<\/h2>\n\t\t\t\t\t\t<div class=\"line\"><\/div>\n\t\t\t\t\t<\/div>\n\t\t\t\t\t\t\t\t\t<div class=\"timeline-year\">\n\t\t\t\t\t\t<h2>2012<\/h2>\n\t\t\t\t\t\t<div class=\"line\"><\/div>\n\t\t\t\t\t<\/div>\n\t\t\t\t\t\t\t\t\t<div class=\"timeline-year\">\n\t\t\t\t\t\t<h2>2015<\/h2>\n\t\t\t\t\t\t<div class=\"line\"><\/div>\n\t\t\t\t\t<\/div>\n\t\t\t\t\t\t\t\t\n\t\t\t<\/div>\n\t\t\t\t\n\t\t\t<div class=\"timeline-slider-info\">\n\t\t\t\t\n\t\t\t\t\t\t\t\t\t\t\t<div class=\"timeline-info\">\n\t\t\t\t\t\t\t<p class=\"is-style-subtitle\">Porcupine Canvas s&#8217;installe \u00e0 Timmins, en Ontario, et commence \u00e0 fournir aux clients des \u00e9quipements de toile de qualit\u00e9 pour l&#8217;industrie mini\u00e8re.<\/p>\n\t\t\t\t\t\t\t\t\t\t\t\t\t<\/div>\n\t\t\t\t\t\t\t\t\t\t\t<div class=\"timeline-info\">\n\t\t\t\t\t\t\t<p class=\"is-style-subtitle\">De 1983 \u00e0 2008, Porcupine Canvas devient un important fournisseur de sacs en toile, d&#8217;\u00e9quipement et d&#8217;\u00e9quipement \u00e0 travers le Canada.<\/p>\n\t\t\t\t\t\t\t\t\t\t\t\t\t<\/div>\n\t\t\t\t\t\t\t\t\t\t\t<div class=\"timeline-info\">\n\t\t\t\t\t\t\t<p class=\"is-style-subtitle\">Brenda Hagerty rejoint Porcupine Canvas en tant que vendeuse.<\/p>\n\t\t\t\t\t\t\t\t\t\t\t\t\t<\/div>\n\t\t\t\t\t\t\t\t\t\t\t<div class=\"timeline-info\">\n\t\t\t\t\t\t\t<p class=\"is-style-subtitle\">Au milieu d&#8217;une croissance commerciale massive, Porcupine Canvas ajoute des ventes de distribution pour r\u00e9pondre aux demandes d&#8217;approvisionnement et ajoute des tentes de luxe aux options de produits.<\/p>\n\t\t\t\t\t\t\t\t\t\t\t\t\t\t\t<p class=\"has-medium-font-size\">Brenda rencontre son futur partenaire commercial Dan Villgren lors d&#8217;une foire commerciale \u00e0 Vancouver.<\/p>\n\t\t\t\t\t\t\t\t\t\t\t\t\t<\/div>\n\t\t\t\t\t\t\t\t\t\t\t<div class=\"timeline-info\">\n\t\t\t\t\t\t\t<p class=\"is-style-subtitle\">Brenda Hagerty et Dan Villgren r\u00e9unissent Porcupine Canvas et Tenting in Luxury pour approvisionner les secteurs de l&#8217;exploitation mini\u00e8re, de l&#8217;exploration et du camping.<\/p>\n\t\t\t\t\t\t\t\t\t\t\t\t\t<\/div>\n\t\t\t\t\t\t\t\t\t\t\n\t\t\t<\/div>\n\t\t\t<div class=\"quiver\" id=\"timeline-quiver\"><\/div>\n\t\t<\/div>\n\t<\/div>\n<\/div>\n\n\n\n\n<div class=\"awards-slider container\">\n\t<div class=\"inner-container\">\n\t\t<div class=\"awards-slider-heading\">\n\t\t\t<h2>\n\t\t\t\tNos prix et publications\t\t\t<\/h2>\n\t\t<\/div>\n\t\t<div class=\"slides\">\n\t\t\t\t\t\t\t<div class=\"award-container\">\n\t\t\t\t\t\t\t\t\t\t<div class=\"award-info\">\n\t\t\t\t\t\t<h2 class=\"title-3\">2012<\/h2>\n\t\t\t\t\t\t<p class=\"is-style-subtitle\">Prix du choix des juges du Prix des entreprises du Nord de l&#8217;Ontario (NOBA)<\/p>\n\t\t\t\t\t<\/div>\n\n\t\t\t\t\t\n\t\t\t\t<\/div>\n\t\t\t\t\t\t\t<div class=\"award-container\">\n\t\t\t\t\t\t\t\t\t\t<div class=\"award-info\">\n\t\t\t\t\t\t<h2 class=\"title-3\">2014<\/h2>\n\t\t\t\t\t\t<p class=\"is-style-subtitle\">Prix Nova de la Chambre de commerce de Timmins, Ontario<\/p>\n\t\t\t\t\t<\/div>\n\n\t\t\t\t\t\n\t\t\t\t<\/div>\n\t\t\t\t\t\t\t<div class=\"award-container\">\n\t\t\t\t\t\t\t\t\t\t\t<div class=\"award-image\">\n\t\t\t\t\t\t\t\t\t<img decoding=\"async\" src=\"https:\/\/porcupinecanvas.com\/wp-content\/uploads\/cottage-country-connection-june-2016.jpg\" alt=\"\"\/>\n\t\t\t\t\t\t<\/div>\n\t\t\t\t\t\t\t\t\t\t<div class=\"award-info\">\n\t\t\t\t\t\t<h2 class=\"title-3\">2016<\/h2>\n\t\t\t\t\t\t<p class=\"is-style-subtitle\">En vedette sur la couverture du num\u00e9ro de juin de Cottage Country Connection<\/p>\n\t\t\t\t\t<\/div>\n\n\t\t\t\t\t\n\t\t\t\t<\/div>\n\t\t\t\t\t\t\t<div class=\"award-container\">\n\t\t\t\t\t\t\t\t\t\t\t<div class=\"award-image\">\n\t\t\t\t\t\t\t\t\t<img decoding=\"async\" src=\"https:\/\/porcupinecanvas.com\/wp-content\/uploads\/specialty-fabrics-review-july-2018.jpg\" alt=\"\"\/>\n\t\t\t\t\t\t<\/div>\n\t\t\t\t\t\t\t\t\t\t<div class=\"award-info\">\n\t\t\t\t\t\t<h2 class=\"title-3\">2018<\/h2>\n\t\t\t\t\t\t<p class=\"is-style-subtitle\">Pr\u00e9sent\u00e9 dans le num\u00e9ro de juillet de Specialty Fabrics Review<\/p>\n\t\t\t\t\t<\/div>\n\n\t\t\t\t\t\n\t\t\t\t<\/div>\n\t\t\t\t\t<\/div>\n\t\t<div class=\"quiver\" id=\"awards-quiver\"><\/div>\n\t<\/div>\n<\/div>\n\n","protected":false},"excerpt":{"rendered":"","protected":false},"author":1,"featured_media":0,"parent":0,"menu_order":21,"comment_status":"closed","ping_status":"closed","template":"","meta":{"footnotes":""},"class_list":["post-987","page","type-page","status-publish","hentry"],"acf":[],"yoast_head":"<!-- This site is optimized with the Yoast SEO plugin v20.10 - https:\/\/yoast.com\/wordpress\/plugins\/seo\/ -->\n<title>\u00c0 propos de Porcupine Canvas<\/title>\n<meta name=\"description\" content=\"Porcupine Canvas fabrique de l\u2019\u00e9quipement de qualit\u00e9 sup\u00e9rieure pour l\u2019industrie mini\u00e8re et les aventuriers depuis 1983. Travaillez et voyagez de fa\u00e7on s\u00e9curitaire!\" \/>\n<meta name=\"robots\" content=\"index, follow, max-snippet:-1, max-image-preview:large, max-video-preview:-1\" \/>\n<link rel=\"canonical\" href=\"https:\/\/porcupinecanvas.com\/fr\/a-propos\/\" \/>\n<meta property=\"og:locale\" content=\"fr_CA\" \/>\n<meta property=\"og:type\" content=\"article\" \/>\n<meta property=\"og:title\" content=\"\u00c0 propos de Porcupine Canvas\" \/>\n<meta property=\"og:description\" content=\"Porcupine Canvas fabrique de l\u2019\u00e9quipement de qualit\u00e9 sup\u00e9rieure pour l\u2019industrie mini\u00e8re et les aventuriers depuis 1983. Travaillez et voyagez de fa\u00e7on s\u00e9curitaire!\" \/>\n<meta property=\"og:url\" content=\"https:\/\/porcupinecanvas.com\/fr\/a-propos\/\" \/>\n<meta property=\"og:site_name\" content=\"Porcupine Canvas\" \/>\n<meta property=\"article:modified_time\" content=\"2024-02-08T18:58:11+00:00\" \/>\n<meta property=\"og:image\" content=\"https:\/\/porcupinecanvas.com\/wp-content\/uploads\/porcupine-canvas-brenda-about-1024x1024.jpg\" \/>\n<meta name=\"twitter:card\" content=\"summary_large_image\" \/>\n<meta name=\"twitter:label1\" content=\"Estimation du temps de lecture\" \/>\n\t<meta name=\"twitter:data1\" content=\"2 minutes\" \/>\n<script type=\"application\/ld+json\" class=\"yoast-schema-graph\">{\"@context\":\"https:\/\/schema.org\",\"@graph\":[{\"@type\":\"WebPage\",\"@id\":\"https:\/\/porcupinecanvas.com\/fr\/a-propos\/\",\"url\":\"https:\/\/porcupinecanvas.com\/fr\/a-propos\/\",\"name\":\"\u00c0 propos de Porcupine Canvas\",\"isPartOf\":{\"@id\":\"https:\/\/porcupine.agencehigh5.com\/#website\"},\"datePublished\":\"2022-11-10T21:34:02+00:00\",\"dateModified\":\"2024-02-08T18:58:11+00:00\",\"description\":\"Porcupine Canvas fabrique de l\u2019\u00e9quipement de qualit\u00e9 sup\u00e9rieure pour l\u2019industrie mini\u00e8re et les aventuriers depuis 1983. Travaillez et voyagez de fa\u00e7on s\u00e9curitaire!\",\"breadcrumb\":{\"@id\":\"https:\/\/porcupinecanvas.com\/fr\/a-propos\/#breadcrumb\"},\"inLanguage\":\"fr-CA\",\"potentialAction\":[{\"@type\":\"ReadAction\",\"target\":[\"https:\/\/porcupinecanvas.com\/fr\/a-propos\/\"]}]},{\"@type\":\"BreadcrumbList\",\"@id\":\"https:\/\/porcupinecanvas.com\/fr\/a-propos\/#breadcrumb\",\"itemListElement\":[{\"@type\":\"ListItem\",\"position\":1,\"name\":\"Home\",\"item\":\"https:\/\/porcupinecanvas.com\/fr\/\"},{\"@type\":\"ListItem\",\"position\":2,\"name\":\"\u00c0 propos\"}]},{\"@type\":\"WebSite\",\"@id\":\"https:\/\/porcupine.agencehigh5.com\/#website\",\"url\":\"https:\/\/porcupine.agencehigh5.com\/\",\"name\":\"Porcupine Canvas\",\"description\":\"Gear for the mining industry and the outdoors\",\"publisher\":{\"@id\":\"https:\/\/porcupine.agencehigh5.com\/#organization\"},\"potentialAction\":[{\"@type\":\"SearchAction\",\"target\":{\"@type\":\"EntryPoint\",\"urlTemplate\":\"https:\/\/porcupine.agencehigh5.com\/?s={search_term_string}\"},\"query-input\":\"required name=search_term_string\"}],\"inLanguage\":\"fr-CA\"},{\"@type\":\"Organization\",\"@id\":\"https:\/\/porcupine.agencehigh5.com\/#organization\",\"name\":\"Porcupine Canvas\",\"url\":\"https:\/\/porcupine.agencehigh5.com\/\",\"logo\":{\"@type\":\"ImageObject\",\"inLanguage\":\"fr-CA\",\"@id\":\"https:\/\/porcupine.agencehigh5.com\/#\/schema\/logo\/image\/\",\"url\":\"https:\/\/porcupinecanvas.com\/wp-content\/uploads\/porcupine-canvas-logo.png\",\"contentUrl\":\"https:\/\/porcupinecanvas.com\/wp-content\/uploads\/porcupine-canvas-logo.png\",\"width\":912,\"height\":262,\"caption\":\"Porcupine Canvas\"},\"image\":{\"@id\":\"https:\/\/porcupine.agencehigh5.com\/#\/schema\/logo\/image\/\"}}]}<\/script>\n<!-- \/ Yoast SEO plugin. -->","yoast_head_json":{"title":"\u00c0 propos de Porcupine Canvas","description":"Porcupine Canvas fabrique de l\u2019\u00e9quipement de qualit\u00e9 sup\u00e9rieure pour l\u2019industrie mini\u00e8re et les aventuriers depuis 1983. Travaillez et voyagez de fa\u00e7on s\u00e9curitaire!","robots":{"index":"index","follow":"follow","max-snippet":"max-snippet:-1","max-image-preview":"max-image-preview:large","max-video-preview":"max-video-preview:-1"},"canonical":"https:\/\/porcupinecanvas.com\/fr\/a-propos\/","og_locale":"fr_CA","og_type":"article","og_title":"\u00c0 propos de Porcupine Canvas","og_description":"Porcupine Canvas fabrique de l\u2019\u00e9quipement de qualit\u00e9 sup\u00e9rieure pour l\u2019industrie mini\u00e8re et les aventuriers depuis 1983. Travaillez et voyagez de fa\u00e7on s\u00e9curitaire!","og_url":"https:\/\/porcupinecanvas.com\/fr\/a-propos\/","og_site_name":"Porcupine Canvas","article_modified_time":"2024-02-08T18:58:11+00:00","og_image":[{"url":"https:\/\/porcupinecanvas.com\/wp-content\/uploads\/porcupine-canvas-brenda-about-1024x1024.jpg"}],"twitter_card":"summary_large_image","twitter_misc":{"Estimation du temps de lecture":"2 minutes"},"schema":{"@context":"https:\/\/schema.org","@graph":[{"@type":"WebPage","@id":"https:\/\/porcupinecanvas.com\/fr\/a-propos\/","url":"https:\/\/porcupinecanvas.com\/fr\/a-propos\/","name":"\u00c0 propos de Porcupine Canvas","isPartOf":{"@id":"https:\/\/porcupine.agencehigh5.com\/#website"},"datePublished":"2022-11-10T21:34:02+00:00","dateModified":"2024-02-08T18:58:11+00:00","description":"Porcupine Canvas fabrique de l\u2019\u00e9quipement de qualit\u00e9 sup\u00e9rieure pour l\u2019industrie mini\u00e8re et les aventuriers depuis 1983. Travaillez et voyagez de fa\u00e7on s\u00e9curitaire!","breadcrumb":{"@id":"https:\/\/porcupinecanvas.com\/fr\/a-propos\/#breadcrumb"},"inLanguage":"fr-CA","potentialAction":[{"@type":"ReadAction","target":["https:\/\/porcupinecanvas.com\/fr\/a-propos\/"]}]},{"@type":"BreadcrumbList","@id":"https:\/\/porcupinecanvas.com\/fr\/a-propos\/#breadcrumb","itemListElement":[{"@type":"ListItem","position":1,"name":"Home","item":"https:\/\/porcupinecanvas.com\/fr\/"},{"@type":"ListItem","position":2,"name":"\u00c0 propos"}]},{"@type":"WebSite","@id":"https:\/\/porcupine.agencehigh5.com\/#website","url":"https:\/\/porcupine.agencehigh5.com\/","name":"Porcupine Canvas","description":"Gear for the mining industry and the outdoors","publisher":{"@id":"https:\/\/porcupine.agencehigh5.com\/#organization"},"potentialAction":[{"@type":"SearchAction","target":{"@type":"EntryPoint","urlTemplate":"https:\/\/porcupine.agencehigh5.com\/?s={search_term_string}"},"query-input":"required name=search_term_string"}],"inLanguage":"fr-CA"},{"@type":"Organization","@id":"https:\/\/porcupine.agencehigh5.com\/#organization","name":"Porcupine Canvas","url":"https:\/\/porcupine.agencehigh5.com\/","logo":{"@type":"ImageObject","inLanguage":"fr-CA","@id":"https:\/\/porcupine.agencehigh5.com\/#\/schema\/logo\/image\/","url":"https:\/\/porcupinecanvas.com\/wp-content\/uploads\/porcupine-canvas-logo.png","contentUrl":"https:\/\/porcupinecanvas.com\/wp-content\/uploads\/porcupine-canvas-logo.png","width":912,"height":262,"caption":"Porcupine Canvas"},"image":{"@id":"https:\/\/porcupine.agencehigh5.com\/#\/schema\/logo\/image\/"}}]}},"_links":{"self":[{"href":"https:\/\/porcupinecanvas.com\/fr\/wp-json\/wp\/v2\/pages\/987","targetHints":{"allow":["GET"]}}],"collection":[{"href":"https:\/\/porcupinecanvas.com\/fr\/wp-json\/wp\/v2\/pages"}],"about":[{"href":"https:\/\/porcupinecanvas.com\/fr\/wp-json\/wp\/v2\/types\/page"}],"author":[{"embeddable":true,"href":"https:\/\/porcupinecanvas.com\/fr\/wp-json\/wp\/v2\/users\/1"}],"replies":[{"embeddable":true,"href":"https:\/\/porcupinecanvas.com\/fr\/wp-json\/wp\/v2\/comments?post=987"}],"version-history":[{"count":0,"href":"https:\/\/porcupinecanvas.com\/fr\/wp-json\/wp\/v2\/pages\/987\/revisions"}],"wp:attachment":[{"href":"https:\/\/porcupinecanvas.com\/fr\/wp-json\/wp\/v2\/media?parent=987"}],"curies":[{"name":"wp","href":"https:\/\/api.w.org\/{rel}","templated":true}]}}