{"id":970,"date":"2022-11-11T15:42:19","date_gmt":"2022-11-11T15:42:19","guid":{"rendered":"https:\/\/porcupinecanvas.com\/products\/"},"modified":"2022-12-22T13:44:13","modified_gmt":"2022-12-22T18:44:13","slug":"produits","status":"publish","type":"page","link":"https:\/\/porcupinecanvas.com\/fr\/produits\/","title":{"rendered":"Produits"},"content":{"rendered":"\n<div class=\"wp-block-cover is-light block cover-hero\">\n\t\t\t<span aria-hidden=\"true\" class=\"wp-block-cover__background has-background-dim\"><\/span>\n\t\t<img decoding=\"async\" loading=\"lazy\" class=\"wp-block-cover__image-background\" alt=\"\"\n\t\t     src=\"https:\/\/porcupinecanvas.com\/wp-content\/uploads\/2022\/11\/header-page-produits.jpg\"\n\t\t     data-object-fit=\"cover\"\n\t\t     srcset=\"https:\/\/porcupinecanvas.com\/wp-content\/uploads\/2022\/11\/header-page-produits-300x104.jpg 300w, https:\/\/porcupinecanvas.com\/wp-content\/uploads\/2022\/11\/header-page-produits-600x208.jpg 600w, https:\/\/porcupinecanvas.com\/wp-content\/uploads\/2022\/11\/header-page-produits-1024x355.jpg 1024w, https:\/\/porcupinecanvas.com\/wp-content\/uploads\/2022\/11\/header-page-produits-768x266.jpg 768w, https:\/\/porcupinecanvas.com\/wp-content\/uploads\/2022\/11\/header-page-produits-1536x533.jpg 1536w, https:\/\/porcupinecanvas.com\/wp-content\/uploads\/2022\/11\/header-page-produits.jpg 1920w\"\n\t\t     sizes=\"auto, (max-width: 1920px) 100vw, 1920px\"\n\t\t     width=\"1920\"\n\t\t     height=\"666\">\n\t\t<div class=\"wp-block-cover__inner-container\">\n\t\t<div class=\"is-layout-flow wp-block-group\">\n\t\t\t<div>\n\t\t\t\t\n\n<h2 class=\"has-white-color has-text-color wp-block-heading\" style=\"padding-top:28rem;padding-bottom:15rem\">Produits<\/h2>\n\n\n\t\t\t<\/div>\n\t\t<\/div>\n\t<\/div>\n<\/div>\n\n\n<div class=\"wp-block-cover is-light\">\n\n\n<div class=\"wp-block-cover__inner-container\">\n\n<div class=\"is-layout-flow wp-block-group image-text has-background-color has-black-background-color\">\n\n  \n\n<div class=\"wp-block-media-text alignwide is-image-fill has-white-color has-text-color\" style=\"padding-top:15rem;padding-bottom:15rem\"><figure class=\"wp-block-media-text__media\" style=\"background-image:url(https:\/\/porcupinecanvas.com\/wp-content\/uploads\/2022\/11\/image-page-produits.jpg);background-position:50% 50%\"><img loading=\"lazy\" decoding=\"async\" width=\"814\" height=\"814\" src=\"https:\/\/porcupinecanvas.com\/wp-content\/uploads\/2022\/11\/image-page-produits.jpg\" alt=\"\" class=\"wp-image-274 size-full\" srcset=\"https:\/\/porcupinecanvas.com\/wp-content\/uploads\/2022\/11\/image-page-produits.jpg 814w, https:\/\/porcupinecanvas.com\/wp-content\/uploads\/2022\/11\/image-page-produits-500x500.jpg 500w, https:\/\/porcupinecanvas.com\/wp-content\/uploads\/2022\/11\/image-page-produits-100x100.jpg 100w, https:\/\/porcupinecanvas.com\/wp-content\/uploads\/2022\/11\/image-page-produits-600x600.jpg 600w, https:\/\/porcupinecanvas.com\/wp-content\/uploads\/2022\/11\/image-page-produits-300x300.jpg 300w, https:\/\/porcupinecanvas.com\/wp-content\/uploads\/2022\/11\/image-page-produits-150x150.jpg 150w, https:\/\/porcupinecanvas.com\/wp-content\/uploads\/2022\/11\/image-page-produits-768x768.jpg 768w, https:\/\/porcupinecanvas.com\/wp-content\/uploads\/2022\/11\/image-page-produits-50x50.jpg 50w\" sizes=\"auto, (max-width: 814px) 100vw, 814px\" \/><\/figure><div class=\"wp-block-media-text__content\">\n<div style=\"height:10vw\" aria-hidden=\"true\" class=\"wp-block-spacer\"><\/div>\n\n\n\n<h2 class=\"wp-block-heading\">\u00c9quipez-vous pour le travail et le plaisir<\/h2>\n\n\n\n<p class=\"is-style-subtitle\">Produits de qualit\u00e9 et \u00e9coresponsables pour l\u2019industrie mini\u00e8re et le plein air<\/p>\n\n\n\n<p class=\"has-small-font-size\">Le but num\u00e9ro 1 de Porcupine Canvas: r\u00e9duire les risques dans les r\u00e9gions \u00e9loign\u00e9es et inexplor\u00e9es en fabricant de l\u2019\u00e9quipement de haute performance pour les exp\u00e9ditions les plus difficiles. C\u2019est pourquoi chacun de nos produits est fait avec grand soin pour durer et vous prot\u00e9ger. Nous prot\u00e9geons \u00e9galement l\u2019environnement en cr\u00e9ant des produits \u00e0 l\u2019aide de mat\u00e9riaux durables et renouvelables.<\/p>\n\n\n\n<p class=\"has-small-font-size\">Que ce soit pour le travail, les voyages ou le plaisir, nous avons ce qu\u2019il vous faut!<\/p>\n\n\n\n<p class=\"has-small-font-size\">Parcourez notre s\u00e9lection de produits, incluant descriptions, d\u00e9tails et sp\u00e9cifications de conception. Ajoutez des items \u00e0 votre demande de soumission et contactez-nous pour obtenir des informations sur les prix et les disponibilit\u00e9s.<\/p>\n\n\n\n<div style=\"height:10vw\" aria-hidden=\"true\" class=\"wp-block-spacer\"><\/div>\n<\/div><\/div>\n\n\n\n<\/div>\n\n<\/div><\/div>\n\n\n<div class=\"wp-block-group category-grid has-black-background-color\">\n\n<div class=\"wp-block-group__inner-container\">\n\n  <div class=\"product-category-grid\">\n          <a class=\"product-category\" href=\"https:\/\/porcupinecanvas.com\/fr\/products\/etuis-et-divers\/\">\n                <img decoding=\"async\" href=\"https:\/\/porcupinecanvas.com\/fr\/etuis-et-divers\/\" src=\"https:\/\/porcupinecanvas.com\/wp-content\/uploads\/produit-1014-01-featured.jpg\"\/>\n        <div class=\"wp-block-button is-style-primary-button\">\n\t\t\t\t\t<div class=\"wp-block-button__link wp-element-button title-6\">\u00c9tuis et divers<\/div>\n\t\t\t\t<\/div>\n      <\/a>\n          <a class=\"product-category\" href=\"https:\/\/porcupinecanvas.com\/fr\/products\/sacs\/\">\n                <img decoding=\"async\" href=\"https:\/\/porcupinecanvas.com\/fr\/sacs\/\" src=\"https:\/\/porcupinecanvas.com\/wp-content\/uploads\/produit-1205-01-featured.jpg\"\/>\n        <div class=\"wp-block-button is-style-primary-button\">\n\t\t\t\t\t<div class=\"wp-block-button__link wp-element-button title-6\">Sacs<\/div>\n\t\t\t\t<\/div>\n      <\/a>\n          <a class=\"product-category\" href=\"https:\/\/porcupinecanvas.com\/fr\/products\/produits-specialises\/\">\n                <img decoding=\"async\" href=\"https:\/\/porcupinecanvas.com\/fr\/produits-specialises\/\" src=\"https:\/\/porcupinecanvas.com\/wp-content\/uploads\/produit-1272-01-featured.jpg\"\/>\n        <div class=\"wp-block-button is-style-primary-button\">\n\t\t\t\t\t<div class=\"wp-block-button__link wp-element-button title-6\">Produits sp\u00e9cialis\u00e9s<\/div>\n\t\t\t\t<\/div>\n      <\/a>\n          <a class=\"product-category\" href=\"https:\/\/porcupinecanvas.com\/fr\/products\/sante-et-securite\/\">\n                <img decoding=\"async\" href=\"https:\/\/porcupinecanvas.com\/fr\/sante-et-securite\/\" src=\"https:\/\/porcupinecanvas.com\/wp-content\/uploads\/produit-1019-01-featured.jpg\"\/>\n        <div class=\"wp-block-button is-style-primary-button\">\n\t\t\t\t\t<div class=\"wp-block-button__link wp-element-button title-6\">Sant\u00e9 &amp; s\u00e9curit\u00e9<\/div>\n\t\t\t\t<\/div>\n      <\/a>\n          <a class=\"product-category\" href=\"https:\/\/porcupinecanvas.com\/fr\/products\/seaux\/\">\n                <img decoding=\"async\" href=\"https:\/\/porcupinecanvas.com\/fr\/seaux\/\" src=\"https:\/\/porcupinecanvas.com\/wp-content\/uploads\/produit-1219-01-featured.jpg\"\/>\n        <div class=\"wp-block-button is-style-primary-button\">\n\t\t\t\t\t<div class=\"wp-block-button__link wp-element-button title-6\">Seaux<\/div>\n\t\t\t\t<\/div>\n      <\/a>\n          <a class=\"product-category\" href=\"https:\/\/porcupinecanvas.com\/fr\/products\/echantillon\/\">\n                <img decoding=\"async\" href=\"https:\/\/porcupinecanvas.com\/fr\/echantillon\/\" src=\"https:\/\/porcupinecanvas.com\/wp-content\/uploads\/produit-1084-01-featured.jpg\"\/>\n        <div class=\"wp-block-button is-style-primary-button\">\n\t\t\t\t\t<div class=\"wp-block-button__link wp-element-button title-6\">\u00c9chantillon<\/div>\n\t\t\t\t<\/div>\n      <\/a>\n          <a class=\"product-category\" href=\"https:\/\/porcupinecanvas.com\/fr\/products\/tipis-fr\/\">\n                <img decoding=\"async\" href=\"https:\/\/porcupinecanvas.com\/fr\/tipis-fr\/\" src=\"https:\/\/porcupinecanvas.com\/wp-content\/uploads\/porcupine-canvas-tipi-options-product.jpg\"\/>\n        <div class=\"wp-block-button is-style-primary-button\">\n\t\t\t\t\t<div class=\"wp-block-button__link wp-element-button title-6\">Tipis<\/div>\n\t\t\t\t<\/div>\n      <\/a>\n        <!-- <div class=\"product-category\">\n        <img decoding=\"async\" href=\"https:\/\/tentinginluxury.com\" src=\"http:\/\/porcupine.localhost\/wp-content\/uploads\/2022\/12\/image-categorie-tents.jpg\"\/>\n        <div class=\"wp-block-button is-style-primary-button\">\n\t\t\t\t\t\t<a class=\"wp-block-button__link wp-element-button title-6\" href=\"https:\/\/tentinginluxury.com\">Tentes<\/a>\n\t\t\t\t\t<\/div>\n      <\/div> -->\n  <\/div>\n\n<\/div>\n\n<\/div>\n\n<div class=\"wp-block-cover is-light block cover-cta right\">\n<span aria-hidden=\"true\" class=\"wp-block-cover__background has-background-dim\"><\/span>\n<img decoding=\"async\" loading=\"lazy\" class=\"wp-block-cover__image-background\" alt=\"\" \nsrc=\"https:\/\/porcupinecanvas.com\/wp-content\/uploads\/2022\/11\/image-cta-page-produits.jpg\" \ndata-object-fit=\"cover\"\nsrcset=\"https:\/\/porcupinecanvas.com\/wp-content\/uploads\/2022\/11\/image-cta-page-produits-300x153.jpg 300w, https:\/\/porcupinecanvas.com\/wp-content\/uploads\/2022\/11\/image-cta-page-produits-600x305.jpg 600w, https:\/\/porcupinecanvas.com\/wp-content\/uploads\/2022\/11\/image-cta-page-produits-1024x521.jpg 1024w, https:\/\/porcupinecanvas.com\/wp-content\/uploads\/2022\/11\/image-cta-page-produits-768x390.jpg 768w, https:\/\/porcupinecanvas.com\/wp-content\/uploads\/2022\/11\/image-cta-page-produits-1536x781.jpg 1536w, https:\/\/porcupinecanvas.com\/wp-content\/uploads\/2022\/11\/image-cta-page-produits.jpg 1920w\"\nsizes=\"auto, (max-width: 1920px) 100vw, 1920px\"\nwidth=\"1920\" \nheight=\"976\"\n>\n<div class=\"wp-block-cover__inner-container\">\n<div class=\"is-layout-flow wp-block-group\">\n\n    <div>\n        \n\n<div style=\"height:10vw\" aria-hidden=\"true\" class=\"wp-block-spacer\"><\/div>\n\n\n\n<h2 class=\"has-white-color has-text-color wp-block-heading\" style=\"margin-top:0%;margin-right:0%;margin-bottom:0%;margin-left:0%\">Des questions?<\/h2>\n\n\n\n<p class=\"is-style-subtitle has-white-color has-text-color\">Nous sommes toujours heureux de vous parler.<\/p>\n\n\n\n<div class=\"wp-block-buttons is-layout-flex wp-block-buttons-is-layout-flex\">\n<div class=\"wp-block-button is-style-animated-large-button\"><a class=\"wp-block-button__link wp-element-button\" href=\"https:\/\/porcupinecanvas.com\/fr\/contact\/\">Nous contacter<\/a><\/div>\n<\/div>\n\n\n\n<div style=\"height:10vw\" aria-hidden=\"true\" class=\"wp-block-spacer\"><\/div>\n\n\n    <\/div>\n\n\n<\/div>\n<\/div><\/div>","protected":false},"excerpt":{"rendered":"","protected":false},"author":1,"featured_media":0,"parent":0,"menu_order":25,"comment_status":"closed","ping_status":"closed","template":"","meta":{"footnotes":""},"class_list":["post-970","page","type-page","status-publish","hentry"],"acf":[],"yoast_head":"<!-- This site is optimized with the Yoast SEO plugin v20.10 - https:\/\/yoast.com\/wordpress\/plugins\/seo\/ -->\n<title>Porcupine Canvas | Produits | Sacs, tentes, tipis, etc.<\/title>\n<meta name=\"description\" content=\"Sacs de toile, tentes, tipis, \u00e9tuis, trousses de survie et autres \u00e9quipements de qualit\u00e9 sup\u00e9rieure pour l\u2019industrie mini\u00e8re, le camping et les amateurs de plein air.\" \/>\n<meta name=\"robots\" content=\"index, follow, max-snippet:-1, max-image-preview:large, max-video-preview:-1\" \/>\n<link rel=\"canonical\" href=\"https:\/\/porcupine.agencehigh5.com\/fr\/produits\/\" \/>\n<meta property=\"og:locale\" content=\"fr_CA\" \/>\n<meta property=\"og:type\" content=\"article\" \/>\n<meta property=\"og:title\" content=\"Porcupine Canvas | Produits | Sacs, tentes, tipis, etc.\" \/>\n<meta property=\"og:description\" content=\"Sacs de toile, tentes, tipis, \u00e9tuis, trousses de survie et autres \u00e9quipements de qualit\u00e9 sup\u00e9rieure pour l\u2019industrie mini\u00e8re, le camping et les amateurs de plein air.\" \/>\n<meta property=\"og:url\" content=\"https:\/\/porcupine.agencehigh5.com\/fr\/produits\/\" \/>\n<meta property=\"og:site_name\" content=\"Porcupine Canvas\" \/>\n<meta property=\"article:modified_time\" content=\"2022-12-22T18:44:13+00:00\" \/>\n<meta property=\"og:image\" content=\"http:\/\/porcupine.agencehigh5.com\/wp-content\/uploads\/2022\/11\/image-page-produits.jpg\" \/>\n<meta name=\"twitter:card\" content=\"summary_large_image\" \/>\n<meta name=\"twitter:label1\" content=\"Estimation du temps de lecture\" \/>\n\t<meta name=\"twitter:data1\" content=\"1 minute\" \/>\n<script type=\"application\/ld+json\" class=\"yoast-schema-graph\">{\"@context\":\"https:\/\/schema.org\",\"@graph\":[{\"@type\":\"WebPage\",\"@id\":\"https:\/\/porcupine.agencehigh5.com\/fr\/produits\/\",\"url\":\"https:\/\/porcupine.agencehigh5.com\/fr\/produits\/\",\"name\":\"Porcupine Canvas | Produits | Sacs, tentes, tipis, etc.\",\"isPartOf\":{\"@id\":\"https:\/\/porcupine.agencehigh5.com\/#website\"},\"datePublished\":\"2022-11-11T15:42:19+00:00\",\"dateModified\":\"2022-12-22T18:44:13+00:00\",\"description\":\"Sacs de toile, tentes, tipis, \u00e9tuis, trousses de survie et autres \u00e9quipements de qualit\u00e9 sup\u00e9rieure pour l\u2019industrie mini\u00e8re, le camping et les amateurs de plein air.\",\"breadcrumb\":{\"@id\":\"https:\/\/porcupine.agencehigh5.com\/fr\/produits\/#breadcrumb\"},\"inLanguage\":\"fr-CA\",\"potentialAction\":[{\"@type\":\"ReadAction\",\"target\":[\"https:\/\/porcupine.agencehigh5.com\/fr\/produits\/\"]}]},{\"@type\":\"BreadcrumbList\",\"@id\":\"https:\/\/porcupine.agencehigh5.com\/fr\/produits\/#breadcrumb\",\"itemListElement\":[{\"@type\":\"ListItem\",\"position\":1,\"name\":\"Home\",\"item\":\"https:\/\/porcupinecanvas.com\/fr\/\"},{\"@type\":\"ListItem\",\"position\":2,\"name\":\"Produits\"}]},{\"@type\":\"WebSite\",\"@id\":\"https:\/\/porcupine.agencehigh5.com\/#website\",\"url\":\"https:\/\/porcupine.agencehigh5.com\/\",\"name\":\"Porcupine Canvas\",\"description\":\"Gear for the mining industry and the outdoors\",\"publisher\":{\"@id\":\"https:\/\/porcupine.agencehigh5.com\/#organization\"},\"potentialAction\":[{\"@type\":\"SearchAction\",\"target\":{\"@type\":\"EntryPoint\",\"urlTemplate\":\"https:\/\/porcupine.agencehigh5.com\/?s={search_term_string}\"},\"query-input\":\"required name=search_term_string\"}],\"inLanguage\":\"fr-CA\"},{\"@type\":\"Organization\",\"@id\":\"https:\/\/porcupine.agencehigh5.com\/#organization\",\"name\":\"Porcupine Canvas\",\"url\":\"https:\/\/porcupine.agencehigh5.com\/\",\"logo\":{\"@type\":\"ImageObject\",\"inLanguage\":\"fr-CA\",\"@id\":\"https:\/\/porcupine.agencehigh5.com\/#\/schema\/logo\/image\/\",\"url\":\"https:\/\/porcupinecanvas.com\/wp-content\/uploads\/porcupine-canvas-logo.png\",\"contentUrl\":\"https:\/\/porcupinecanvas.com\/wp-content\/uploads\/porcupine-canvas-logo.png\",\"width\":912,\"height\":262,\"caption\":\"Porcupine Canvas\"},\"image\":{\"@id\":\"https:\/\/porcupine.agencehigh5.com\/#\/schema\/logo\/image\/\"}}]}<\/script>\n<!-- \/ Yoast SEO plugin. -->","yoast_head_json":{"title":"Porcupine Canvas | Produits | Sacs, tentes, tipis, etc.","description":"Sacs de toile, tentes, tipis, \u00e9tuis, trousses de survie et autres \u00e9quipements de qualit\u00e9 sup\u00e9rieure pour l\u2019industrie mini\u00e8re, le camping et les amateurs de plein air.","robots":{"index":"index","follow":"follow","max-snippet":"max-snippet:-1","max-image-preview":"max-image-preview:large","max-video-preview":"max-video-preview:-1"},"canonical":"https:\/\/porcupine.agencehigh5.com\/fr\/produits\/","og_locale":"fr_CA","og_type":"article","og_title":"Porcupine Canvas | Produits | Sacs, tentes, tipis, etc.","og_description":"Sacs de toile, tentes, tipis, \u00e9tuis, trousses de survie et autres \u00e9quipements de qualit\u00e9 sup\u00e9rieure pour l\u2019industrie mini\u00e8re, le camping et les amateurs de plein air.","og_url":"https:\/\/porcupine.agencehigh5.com\/fr\/produits\/","og_site_name":"Porcupine Canvas","article_modified_time":"2022-12-22T18:44:13+00:00","og_image":[{"url":"http:\/\/porcupine.agencehigh5.com\/wp-content\/uploads\/2022\/11\/image-page-produits.jpg"}],"twitter_card":"summary_large_image","twitter_misc":{"Estimation du temps de lecture":"1 minute"},"schema":{"@context":"https:\/\/schema.org","@graph":[{"@type":"WebPage","@id":"https:\/\/porcupine.agencehigh5.com\/fr\/produits\/","url":"https:\/\/porcupine.agencehigh5.com\/fr\/produits\/","name":"Porcupine Canvas | Produits | Sacs, tentes, tipis, etc.","isPartOf":{"@id":"https:\/\/porcupine.agencehigh5.com\/#website"},"datePublished":"2022-11-11T15:42:19+00:00","dateModified":"2022-12-22T18:44:13+00:00","description":"Sacs de toile, tentes, tipis, \u00e9tuis, trousses de survie et autres \u00e9quipements de qualit\u00e9 sup\u00e9rieure pour l\u2019industrie mini\u00e8re, le camping et les amateurs de plein air.","breadcrumb":{"@id":"https:\/\/porcupine.agencehigh5.com\/fr\/produits\/#breadcrumb"},"inLanguage":"fr-CA","potentialAction":[{"@type":"ReadAction","target":["https:\/\/porcupine.agencehigh5.com\/fr\/produits\/"]}]},{"@type":"BreadcrumbList","@id":"https:\/\/porcupine.agencehigh5.com\/fr\/produits\/#breadcrumb","itemListElement":[{"@type":"ListItem","position":1,"name":"Home","item":"https:\/\/porcupinecanvas.com\/fr\/"},{"@type":"ListItem","position":2,"name":"Produits"}]},{"@type":"WebSite","@id":"https:\/\/porcupine.agencehigh5.com\/#website","url":"https:\/\/porcupine.agencehigh5.com\/","name":"Porcupine Canvas","description":"Gear for the mining industry and the outdoors","publisher":{"@id":"https:\/\/porcupine.agencehigh5.com\/#organization"},"potentialAction":[{"@type":"SearchAction","target":{"@type":"EntryPoint","urlTemplate":"https:\/\/porcupine.agencehigh5.com\/?s={search_term_string}"},"query-input":"required name=search_term_string"}],"inLanguage":"fr-CA"},{"@type":"Organization","@id":"https:\/\/porcupine.agencehigh5.com\/#organization","name":"Porcupine Canvas","url":"https:\/\/porcupine.agencehigh5.com\/","logo":{"@type":"ImageObject","inLanguage":"fr-CA","@id":"https:\/\/porcupine.agencehigh5.com\/#\/schema\/logo\/image\/","url":"https:\/\/porcupinecanvas.com\/wp-content\/uploads\/porcupine-canvas-logo.png","contentUrl":"https:\/\/porcupinecanvas.com\/wp-content\/uploads\/porcupine-canvas-logo.png","width":912,"height":262,"caption":"Porcupine Canvas"},"image":{"@id":"https:\/\/porcupine.agencehigh5.com\/#\/schema\/logo\/image\/"}}]}},"_links":{"self":[{"href":"https:\/\/porcupinecanvas.com\/fr\/wp-json\/wp\/v2\/pages\/970","targetHints":{"allow":["GET"]}}],"collection":[{"href":"https:\/\/porcupinecanvas.com\/fr\/wp-json\/wp\/v2\/pages"}],"about":[{"href":"https:\/\/porcupinecanvas.com\/fr\/wp-json\/wp\/v2\/types\/page"}],"author":[{"embeddable":true,"href":"https:\/\/porcupinecanvas.com\/fr\/wp-json\/wp\/v2\/users\/1"}],"replies":[{"embeddable":true,"href":"https:\/\/porcupinecanvas.com\/fr\/wp-json\/wp\/v2\/comments?post=970"}],"version-history":[{"count":0,"href":"https:\/\/porcupinecanvas.com\/fr\/wp-json\/wp\/v2\/pages\/970\/revisions"}],"wp:attachment":[{"href":"https:\/\/porcupinecanvas.com\/fr\/wp-json\/wp\/v2\/media?parent=970"}],"curies":[{"name":"wp","href":"https:\/\/api.w.org\/{rel}","templated":true}]}}