{"id":962,"date":"2022-11-10T21:34:41","date_gmt":"2022-11-10T21:34:41","guid":{"rendered":"https:\/\/porcupinecanvas.com\/faq\/"},"modified":"2022-12-22T14:40:18","modified_gmt":"2022-12-22T19:40:18","slug":"faq","status":"publish","type":"page","link":"https:\/\/porcupinecanvas.com\/fr\/faq\/","title":{"rendered":"FAQ"},"content":{"rendered":"\n<div class=\"wp-block-cover is-light block cover-hero\">\n\t\t\t<span aria-hidden=\"true\" class=\"wp-block-cover__background has-background-dim\"><\/span>\n\t\t<img decoding=\"async\" loading=\"lazy\" class=\"wp-block-cover__image-background\" alt=\"\"\n\t\t     src=\"https:\/\/porcupinecanvas.com\/wp-content\/uploads\/2022\/11\/image-header-faq.jpg\"\n\t\t     data-object-fit=\"cover\"\n\t\t     srcset=\"https:\/\/porcupinecanvas.com\/wp-content\/uploads\/2022\/11\/image-header-faq-300x104.jpg 300w, https:\/\/porcupinecanvas.com\/wp-content\/uploads\/2022\/11\/image-header-faq-600x208.jpg 600w, https:\/\/porcupinecanvas.com\/wp-content\/uploads\/2022\/11\/image-header-faq-1024x355.jpg 1024w, https:\/\/porcupinecanvas.com\/wp-content\/uploads\/2022\/11\/image-header-faq-768x266.jpg 768w, https:\/\/porcupinecanvas.com\/wp-content\/uploads\/2022\/11\/image-header-faq-1536x533.jpg 1536w, https:\/\/porcupinecanvas.com\/wp-content\/uploads\/2022\/11\/image-header-faq.jpg 1920w\"\n\t\t     sizes=\"auto, (max-width: 1920px) 100vw, 1920px\"\n\t\t     width=\"1920\"\n\t\t     height=\"666\">\n\t\t<div class=\"wp-block-cover__inner-container\">\n\t\t<div class=\"is-layout-flow wp-block-group\">\n\t\t\t<div>\n\t\t\t\t\n\n<h2 class=\"has-white-color has-text-color wp-block-heading\" style=\"padding-top:28rem;padding-bottom:15rem\">FAQ<\/h2>\n\n\n\t\t\t<\/div>\n\t\t<\/div>\n\t<\/div>\n<\/div>\n\n\n<div class=\"wp-block-cover is-light\">\n\n\n  <span aria-hidden=\"true\" class=\"wp-block-cover__background has-background-dim\"><\/span>\n  <img decoding=\"async\" loading=\"lazy\" class=\"wp-block-cover__image-background\" alt=\"\" \n  src=\"https:\/\/porcupinecanvas.com\/wp-content\/uploads\/2022\/11\/artboard-1.png\" \n  data-object-fit=\"cover\"\n  sizes=\"auto, (max-width: 1920px) 100vw, 1920px\"\n  width=\"1920\" \n  height=\"1080\"\n  >\n\n\n<div class=\"wp-block-cover__inner-container\">\n\n<div class=\"is-layout-flow wp-block-group image-text\">\n\n  \n\n<div class=\"wp-block-media-text alignwide is-vertically-aligned-center has-white-color has-text-color\" style=\"padding-top:15rem;padding-bottom:15rem\"><figure class=\"wp-block-media-text__media\"><img loading=\"lazy\" decoding=\"async\" width=\"814\" height=\"814\" src=\"https:\/\/porcupinecanvas.com\/wp-content\/uploads\/2022\/11\/image-page-faq.jpg\" alt=\"\" class=\"wp-image-271 size-full\" srcset=\"https:\/\/porcupinecanvas.com\/wp-content\/uploads\/2022\/11\/image-page-faq.jpg 814w, https:\/\/porcupinecanvas.com\/wp-content\/uploads\/2022\/11\/image-page-faq-500x500.jpg 500w, https:\/\/porcupinecanvas.com\/wp-content\/uploads\/2022\/11\/image-page-faq-100x100.jpg 100w, https:\/\/porcupinecanvas.com\/wp-content\/uploads\/2022\/11\/image-page-faq-600x600.jpg 600w, https:\/\/porcupinecanvas.com\/wp-content\/uploads\/2022\/11\/image-page-faq-300x300.jpg 300w, https:\/\/porcupinecanvas.com\/wp-content\/uploads\/2022\/11\/image-page-faq-150x150.jpg 150w, https:\/\/porcupinecanvas.com\/wp-content\/uploads\/2022\/11\/image-page-faq-768x768.jpg 768w, https:\/\/porcupinecanvas.com\/wp-content\/uploads\/2022\/11\/image-page-faq-50x50.jpg 50w\" sizes=\"auto, (max-width: 814px) 100vw, 814px\" \/><\/figure><div class=\"wp-block-media-text__content\">\n<h2 class=\"wp-block-heading\">Foire aux questions<\/h2>\n\n\n\n<p class=\"is-style-subtitle\">Vous avez des questions? Nous avons des r\u00e9ponses.<\/p>\n\n\n\n<p class=\"is-style-default has-small-font-size\">La qualit\u00e9 est notre priorit\u00e9 num\u00e9ro 1 chez Porcupine Canvas. Pour avoir davantage d\u2019informations sur nos produits ainsi que sur leur maintenance, nous vous invitons \u00e0 parcourir les pages individuelles des produits ou \u00e0 contacter notre service \u00e0 la client\u00e8le. Voyez ci-dessous si nous avons d\u00e9j\u00e0 une r\u00e9ponse pour vous.<\/p>\n\n\n\n<div class=\"wp-block-buttons is-layout-flex wp-block-buttons-is-layout-flex\">\n<div class=\"wp-block-button is-style-animated-large-button\"><a class=\"wp-block-button__link wp-element-button\" href=\"https:\/\/porcupinecanvas.com\/fr\/contact\/\">Nous contacter<\/a><\/div>\n<\/div>\n<\/div><\/div>\n\n\n\n<\/div>\n\n<\/div><\/div>\n\n\n<div class=\"wp-block-group accordion has-black-background-color\">\n\n<div class=\"wp-block-group__inner-container\">\n  \n<div class=\"is-layout-flow wp-block-group\">\n  <h3 class=\"section-title\">G\u00e9n\u00e9rales<\/h3>\n      <div class=\"accordion-item has-white-background-color closed\">\n      <p class=\"accordion-question is-style-subtitle\"> Pourquoi les prix ne sont-ils pas indiqu\u00e9s sur votre site?<\/p>\n      <div class=\"accordion-answer\">\n        <p class=\"answer has-small-font-style\"> En tant que fournisseur premium, Porcupine Canvas souhaite \u00e9tablir un contact direct avec tous ses clients. Cela nous permet de mieux vous r\u00e9pondre et de nous assurer que vous magasiner pour les bons produits correspondant \u00e0 vos besoins.<\/p>\n        <div class=\"wp-block-button is-style-animated-large-button\">\n          <a class=\"wp-block-button__link wp-element-button\" href=\"https:\/\/porcupinecanvas.com\/fr\/contact\/\">Contact Us<\/a>\n        <\/div>\n      <\/div>\n    <\/div>\n      <div class=\"accordion-item has-white-background-color closed\">\n      <p class=\"accordion-question is-style-subtitle\"> Combien de temps faut-il pour pr\u00e9parer une commande?<\/p>\n      <div class=\"accordion-answer\">\n        <p class=\"answer has-small-font-style\"> Le temps varie selon les disponibilit\u00e9s en inventaire. Contactez-nous ou faites une demande de soumission pour conna\u00eetre la disponibilit\u00e9 des produits.<\/p>\n        <div class=\"wp-block-button is-style-animated-large-button\">\n          <a class=\"wp-block-button__link wp-element-button\" href=\"https:\/\/porcupinecanvas.com\/fr\/contact\/\">Contact Us<\/a>\n        <\/div>\n      <\/div>\n    <\/div>\n      <div class=\"accordion-item has-white-background-color closed\">\n      <p class=\"accordion-question is-style-subtitle\"> Avez-vous des garanties?<\/p>\n      <div class=\"accordion-answer\">\n        <p class=\"answer has-small-font-style\"> Nos produits sont con\u00e7us pour durer. Cependant, si un produit ou un de ses \u00e9l\u00e9ments est d\u00e9fectueux, nous pouvons le r\u00e9parer ou le remplacer. Nous sommes fiers de nos produits et nous avons de nombreux clients r\u00e9guliers. Si vous \u00eates insatisfait de votre achat, SVP nous contacter.<\/p>\n        <div class=\"wp-block-button is-style-animated-large-button\">\n          <a class=\"wp-block-button__link wp-element-button\" href=\"https:\/\/porcupinecanvas.com\/fr\/contact\/\">Contact Us<\/a>\n        <\/div>\n      <\/div>\n    <\/div>\n  <\/div>\n<\/div><\/div>\n\n\n<div class=\"wp-block-group accordion has-black-background-color\">\n\n<div class=\"wp-block-group__inner-container\">\n  \n<div class=\"is-layout-flow wp-block-group\">\n  <h3 class=\"section-title\">Livraison<\/h3>\n      <div class=\"accordion-item has-white-background-color closed\">\n      <p class=\"accordion-question is-style-subtitle\"> Effectuez-vous la livraison hors du Canada?<\/p>\n      <div class=\"accordion-answer\">\n        <p class=\"answer has-small-font-style\"> Oui, nous livrons aux \u00c9tats-Unis et ailleurs \u00e0 l\u2019international. Les taxes et les frais de livraison sont d\u00e9termin\u00e9s en fonction de l\u2019endroit o\u00f9 les produits sont livr\u00e9s.<\/p>\n        <div class=\"wp-block-button is-style-animated-large-button\">\n          <a class=\"wp-block-button__link wp-element-button\" href=\"https:\/\/porcupinecanvas.com\/fr\/contact\/\">Contact Us<\/a>\n        <\/div>\n      <\/div>\n    <\/div>\n      <div class=\"accordion-item has-white-background-color closed\">\n      <p class=\"accordion-question is-style-subtitle\"> Est-ce que les prix indiqu\u00e9s en soumission incluent les frais de livraison?<\/p>\n      <div class=\"accordion-answer\">\n        <p class=\"answer has-small-font-style\"> SVP inclure votre demande d&#8217;information sur la livraison en envoyant votre demande de soumission.<\/p>\n        <div class=\"wp-block-button is-style-animated-large-button\">\n          <a class=\"wp-block-button__link wp-element-button\" href=\"https:\/\/porcupinecanvas.com\/fr\/contact\/\">Contact Us<\/a>\n        <\/div>\n      <\/div>\n    <\/div>\n      <div class=\"accordion-item has-white-background-color closed\">\n      <p class=\"accordion-question is-style-subtitle\"> Quelles m\u00e9thodes de livraison utilisez-vous?<\/p>\n      <div class=\"accordion-answer\">\n        <p class=\"answer has-small-font-style\"> Nous faisons appel \u00e0 la poste ou \u00e0 un service de transport d\u00e9pendamment de la taille de la commande, le tout pour vous offrir le meilleur prix selon votre commande.<\/p>\n        <div class=\"wp-block-button is-style-animated-large-button\">\n          <a class=\"wp-block-button__link wp-element-button\" href=\"https:\/\/porcupinecanvas.com\/fr\/contact\/\">Contact Us<\/a>\n        <\/div>\n      <\/div>\n    <\/div>\n      <div class=\"accordion-item has-white-background-color closed\">\n      <p class=\"accordion-question is-style-subtitle\"> Exportez-vous vos produits?<\/p>\n      <div class=\"accordion-answer\">\n        <p class=\"answer has-small-font-style\"> Oui, nous exportons nos produits partout dans le monde, sauf en Russie. Contactez-nous pour plus d\u2019informations.<\/p>\n        <div class=\"wp-block-button is-style-animated-large-button\">\n          <a class=\"wp-block-button__link wp-element-button\" href=\"https:\/\/porcupinecanvas.com\/fr\/contact\/\">Contact Us<\/a>\n        <\/div>\n      <\/div>\n    <\/div>\n      <div class=\"accordion-item has-white-background-color closed\">\n      <p class=\"accordion-question is-style-subtitle\"> Quel est le d\u00e9lai de livraison?<\/p>\n      <div class=\"accordion-answer\">\n        <p class=\"answer has-small-font-style\"> Le d\u00e9lai de livraison varie selon la disponibilit\u00e9 des produits. SVP communiquer avec nous pour en savoir plus.<\/p>\n        <div class=\"wp-block-button is-style-animated-large-button\">\n          <a class=\"wp-block-button__link wp-element-button\" href=\"https:\/\/porcupinecanvas.com\/fr\/contact\/\">Contact Us<\/a>\n        <\/div>\n      <\/div>\n    <\/div>\n  <\/div>\n<\/div><\/div>\n\n\n<div class=\"wp-block-group accordion has-black-background-color\">\n\n<div class=\"wp-block-group__inner-container\">\n  \n<div class=\"is-layout-flow wp-block-group\">\n  <h3 class=\"section-title\">Produits<\/h3>\n      <div class=\"accordion-item has-white-background-color closed\">\n      <p class=\"accordion-question is-style-subtitle\"> Vendez-vous des patchs?<\/p>\n      <div class=\"accordion-answer\">\n        <p class=\"answer has-small-font-style\"> Oui, nous avons des patchs pour certains de nos produits. Communiquez avez nous pour plus d\u2019information.<\/p>\n        <div class=\"wp-block-button is-style-animated-large-button\">\n          <a class=\"wp-block-button__link wp-element-button\" href=\"https:\/\/porcupinecanvas.com\/fr\/contact\/\">Contact Us<\/a>\n        <\/div>\n      <\/div>\n    <\/div>\n      <div class=\"accordion-item has-white-background-color closed\">\n      <p class=\"accordion-question is-style-subtitle\"> Fabriquez-vous des produits personnalis\u00e9s?<\/p>\n      <div class=\"accordion-answer\">\n        <p class=\"answer has-small-font-style\"> Oui. N\u2019h\u00e9sitez pas \u00e0 nous contacter pour que nous puissions concevoir et fabriquer votre produit personnalis\u00e9.<\/p>\n        <div class=\"wp-block-button is-style-animated-large-button\">\n          <a class=\"wp-block-button__link wp-element-button\" href=\"https:\/\/porcupinecanvas.com\/fr\/contact\/\">Contact Us<\/a>\n        <\/div>\n      <\/div>\n    <\/div>\n      <div class=\"accordion-item has-white-background-color closed\">\n      <p class=\"accordion-question is-style-subtitle\"> Est-ce que les produits peuvent \u00eatre modifi\u00e9s?<\/p>\n      <div class=\"accordion-answer\">\n        <p class=\"answer has-small-font-style\"> Oui, quelques modifications sont possibles. Par exemple, la couleur et les options de fermeture.<\/p>\n        <div class=\"wp-block-button is-style-animated-large-button\">\n          <a class=\"wp-block-button__link wp-element-button\" href=\"https:\/\/porcupinecanvas.com\/fr\/contact\/\">Contact Us<\/a>\n        <\/div>\n      <\/div>\n    <\/div>\n      <div class=\"accordion-item has-white-background-color closed\">\n      <p class=\"accordion-question is-style-subtitle\"> Pouvez-vous ajouter des images ou des noms et logos d\u2019entreprise sur vos produits?<\/p>\n      <div class=\"accordion-answer\">\n        <p class=\"answer has-small-font-style\"> Oui. Nous travaillons avec des fournisseurs de service d\u2019impression qui peuvent ajouter des logos et\/ou du texte sur certains de nos produits<\/p>\n        <div class=\"wp-block-button is-style-animated-large-button\">\n          <a class=\"wp-block-button__link wp-element-button\" href=\"https:\/\/porcupinecanvas.com\/fr\/contact\/\">Contact Us<\/a>\n        <\/div>\n      <\/div>\n    <\/div>\n      <div class=\"accordion-item has-white-background-color closed\">\n      <p class=\"accordion-question is-style-subtitle\"> Vendez-vous du tissu brut?<\/p>\n      <div class=\"accordion-answer\">\n        <p class=\"answer has-small-font-style\"> Oui. Veuillez communiquer avec nous pour conna\u00eetre les prix et savoir comment passer votre commande.<\/p>\n        <div class=\"wp-block-button is-style-animated-large-button\">\n          <a class=\"wp-block-button__link wp-element-button\" href=\"https:\/\/porcupinecanvas.com\/fr\/contact\/\">Contact Us<\/a>\n        <\/div>\n      <\/div>\n    <\/div>\n  <\/div>\n<\/div><\/div>\n\n<div class=\"wp-block-cover is-light block cover-cta right\">\n<span aria-hidden=\"true\" class=\"wp-block-cover__background has-background-dim\"><\/span>\n<img decoding=\"async\" loading=\"lazy\" class=\"wp-block-cover__image-background\" alt=\"\" \nsrc=\"https:\/\/porcupinecanvas.com\/wp-content\/uploads\/2022\/11\/image-cta-faq.jpg\" \ndata-object-fit=\"cover\"\nsrcset=\"https:\/\/porcupinecanvas.com\/wp-content\/uploads\/2022\/11\/image-cta-faq-300x153.jpg 300w, https:\/\/porcupinecanvas.com\/wp-content\/uploads\/2022\/11\/image-cta-faq-600x305.jpg 600w, https:\/\/porcupinecanvas.com\/wp-content\/uploads\/2022\/11\/image-cta-faq-1024x521.jpg 1024w, https:\/\/porcupinecanvas.com\/wp-content\/uploads\/2022\/11\/image-cta-faq-768x390.jpg 768w, https:\/\/porcupinecanvas.com\/wp-content\/uploads\/2022\/11\/image-cta-faq-1536x781.jpg 1536w, https:\/\/porcupinecanvas.com\/wp-content\/uploads\/2022\/11\/image-cta-faq.jpg 1920w\"\nsizes=\"auto, (max-width: 1920px) 100vw, 1920px\"\nwidth=\"1920\" \nheight=\"976\"\n>\n<div class=\"wp-block-cover__inner-container\">\n<div class=\"is-layout-flow wp-block-group\">\n\n    <div>\n        \n\n<div style=\"height:10vw\" aria-hidden=\"true\" class=\"wp-block-spacer\"><\/div>\n\n\n\n<h2 class=\"has-white-color has-text-color wp-block-heading\" style=\"margin-top:0rem;margin-right:0%;margin-bottom:0%;margin-left:0%\">D\u2019autres questions?<\/h2>\n\n\n\n<p class=\"is-style-subtitle has-white-color has-text-color\">N\u2019h\u00e9sitez pas \u00e0 nous rejoindre directement si votre question n\u2019a pas \u00e9t\u00e9 adress\u00e9e ici.<\/p>\n\n\n\n<div class=\"wp-block-buttons is-layout-flex wp-block-buttons-is-layout-flex\">\n<div class=\"wp-block-button is-style-animated-large-button\"><a class=\"wp-block-button__link wp-element-button\" href=\"\/fr\/contact\/\">Nous contacter<\/a><\/div>\n<\/div>\n\n\n\n<div style=\"height:10vw\" aria-hidden=\"true\" class=\"wp-block-spacer\"><\/div>\n\n\n    <\/div>\n\n\n<\/div>\n<\/div><\/div>","protected":false},"excerpt":{"rendered":"","protected":false},"author":1,"featured_media":0,"parent":0,"menu_order":34,"comment_status":"closed","ping_status":"closed","template":"","meta":{"footnotes":""},"class_list":["post-962","page","type-page","status-publish","hentry"],"acf":[],"yoast_head":"<!-- This site is optimized with the Yoast SEO plugin v20.10 - https:\/\/yoast.com\/wordpress\/plugins\/seo\/ -->\n<title>Porcupine Canvas | Foire aux questions (FAQ)<\/title>\n<meta name=\"description\" content=\"Vous trouverez ici les r\u00e9ponses aux questions qui nous sont le plus fr\u00e9quemment pos\u00e9es \u00e0 propos de notre entreprise, de nos produits, de la livraison ou autres.\" \/>\n<meta name=\"robots\" content=\"index, follow, max-snippet:-1, max-image-preview:large, max-video-preview:-1\" \/>\n<link rel=\"canonical\" href=\"https:\/\/porcupine.agencehigh5.com\/fr\/faq\/\" \/>\n<meta property=\"og:locale\" content=\"fr_CA\" \/>\n<meta property=\"og:type\" content=\"article\" \/>\n<meta property=\"og:title\" content=\"Porcupine Canvas | Foire aux questions (FAQ)\" \/>\n<meta property=\"og:description\" content=\"Vous trouverez ici les r\u00e9ponses aux questions qui nous sont le plus fr\u00e9quemment pos\u00e9es \u00e0 propos de notre entreprise, de nos produits, de la livraison ou autres.\" \/>\n<meta property=\"og:url\" content=\"https:\/\/porcupine.agencehigh5.com\/fr\/faq\/\" \/>\n<meta property=\"og:site_name\" content=\"Porcupine Canvas\" \/>\n<meta property=\"article:modified_time\" content=\"2022-12-22T19:40:18+00:00\" \/>\n<meta property=\"og:image\" content=\"http:\/\/porcupine.agencehigh5.com\/wp-content\/uploads\/2022\/11\/image-page-faq.jpg\" \/>\n<meta name=\"twitter:card\" content=\"summary_large_image\" \/>\n<meta name=\"twitter:label1\" content=\"Estimation du temps de lecture\" \/>\n\t<meta name=\"twitter:data1\" content=\"1 minute\" \/>\n<script type=\"application\/ld+json\" class=\"yoast-schema-graph\">{\"@context\":\"https:\/\/schema.org\",\"@graph\":[{\"@type\":\"WebPage\",\"@id\":\"https:\/\/porcupine.agencehigh5.com\/fr\/faq\/\",\"url\":\"https:\/\/porcupine.agencehigh5.com\/fr\/faq\/\",\"name\":\"Porcupine Canvas | Foire aux questions (FAQ)\",\"isPartOf\":{\"@id\":\"https:\/\/porcupine.agencehigh5.com\/#website\"},\"datePublished\":\"2022-11-10T21:34:41+00:00\",\"dateModified\":\"2022-12-22T19:40:18+00:00\",\"description\":\"Vous trouverez ici les r\u00e9ponses aux questions qui nous sont le plus fr\u00e9quemment pos\u00e9es \u00e0 propos de notre entreprise, de nos produits, de la livraison ou autres.\",\"breadcrumb\":{\"@id\":\"https:\/\/porcupine.agencehigh5.com\/fr\/faq\/#breadcrumb\"},\"inLanguage\":\"fr-CA\",\"potentialAction\":[{\"@type\":\"ReadAction\",\"target\":[\"https:\/\/porcupine.agencehigh5.com\/fr\/faq\/\"]}]},{\"@type\":\"BreadcrumbList\",\"@id\":\"https:\/\/porcupine.agencehigh5.com\/fr\/faq\/#breadcrumb\",\"itemListElement\":[{\"@type\":\"ListItem\",\"position\":1,\"name\":\"Home\",\"item\":\"https:\/\/porcupinecanvas.com\/fr\/\"},{\"@type\":\"ListItem\",\"position\":2,\"name\":\"FAQ\"}]},{\"@type\":\"WebSite\",\"@id\":\"https:\/\/porcupine.agencehigh5.com\/#website\",\"url\":\"https:\/\/porcupine.agencehigh5.com\/\",\"name\":\"Porcupine Canvas\",\"description\":\"Gear for the mining industry and the outdoors\",\"publisher\":{\"@id\":\"https:\/\/porcupine.agencehigh5.com\/#organization\"},\"potentialAction\":[{\"@type\":\"SearchAction\",\"target\":{\"@type\":\"EntryPoint\",\"urlTemplate\":\"https:\/\/porcupine.agencehigh5.com\/?s={search_term_string}\"},\"query-input\":\"required name=search_term_string\"}],\"inLanguage\":\"fr-CA\"},{\"@type\":\"Organization\",\"@id\":\"https:\/\/porcupine.agencehigh5.com\/#organization\",\"name\":\"Porcupine Canvas\",\"url\":\"https:\/\/porcupine.agencehigh5.com\/\",\"logo\":{\"@type\":\"ImageObject\",\"inLanguage\":\"fr-CA\",\"@id\":\"https:\/\/porcupine.agencehigh5.com\/#\/schema\/logo\/image\/\",\"url\":\"https:\/\/porcupinecanvas.com\/wp-content\/uploads\/porcupine-canvas-logo.png\",\"contentUrl\":\"https:\/\/porcupinecanvas.com\/wp-content\/uploads\/porcupine-canvas-logo.png\",\"width\":912,\"height\":262,\"caption\":\"Porcupine Canvas\"},\"image\":{\"@id\":\"https:\/\/porcupine.agencehigh5.com\/#\/schema\/logo\/image\/\"}}]}<\/script>\n<!-- \/ Yoast SEO plugin. -->","yoast_head_json":{"title":"Porcupine Canvas | Foire aux questions (FAQ)","description":"Vous trouverez ici les r\u00e9ponses aux questions qui nous sont le plus fr\u00e9quemment pos\u00e9es \u00e0 propos de notre entreprise, de nos produits, de la livraison ou autres.","robots":{"index":"index","follow":"follow","max-snippet":"max-snippet:-1","max-image-preview":"max-image-preview:large","max-video-preview":"max-video-preview:-1"},"canonical":"https:\/\/porcupine.agencehigh5.com\/fr\/faq\/","og_locale":"fr_CA","og_type":"article","og_title":"Porcupine Canvas | Foire aux questions (FAQ)","og_description":"Vous trouverez ici les r\u00e9ponses aux questions qui nous sont le plus fr\u00e9quemment pos\u00e9es \u00e0 propos de notre entreprise, de nos produits, de la livraison ou autres.","og_url":"https:\/\/porcupine.agencehigh5.com\/fr\/faq\/","og_site_name":"Porcupine Canvas","article_modified_time":"2022-12-22T19:40:18+00:00","og_image":[{"url":"http:\/\/porcupine.agencehigh5.com\/wp-content\/uploads\/2022\/11\/image-page-faq.jpg"}],"twitter_card":"summary_large_image","twitter_misc":{"Estimation du temps de lecture":"1 minute"},"schema":{"@context":"https:\/\/schema.org","@graph":[{"@type":"WebPage","@id":"https:\/\/porcupine.agencehigh5.com\/fr\/faq\/","url":"https:\/\/porcupine.agencehigh5.com\/fr\/faq\/","name":"Porcupine Canvas | Foire aux questions (FAQ)","isPartOf":{"@id":"https:\/\/porcupine.agencehigh5.com\/#website"},"datePublished":"2022-11-10T21:34:41+00:00","dateModified":"2022-12-22T19:40:18+00:00","description":"Vous trouverez ici les r\u00e9ponses aux questions qui nous sont le plus fr\u00e9quemment pos\u00e9es \u00e0 propos de notre entreprise, de nos produits, de la livraison ou autres.","breadcrumb":{"@id":"https:\/\/porcupine.agencehigh5.com\/fr\/faq\/#breadcrumb"},"inLanguage":"fr-CA","potentialAction":[{"@type":"ReadAction","target":["https:\/\/porcupine.agencehigh5.com\/fr\/faq\/"]}]},{"@type":"BreadcrumbList","@id":"https:\/\/porcupine.agencehigh5.com\/fr\/faq\/#breadcrumb","itemListElement":[{"@type":"ListItem","position":1,"name":"Home","item":"https:\/\/porcupinecanvas.com\/fr\/"},{"@type":"ListItem","position":2,"name":"FAQ"}]},{"@type":"WebSite","@id":"https:\/\/porcupine.agencehigh5.com\/#website","url":"https:\/\/porcupine.agencehigh5.com\/","name":"Porcupine Canvas","description":"Gear for the mining industry and the outdoors","publisher":{"@id":"https:\/\/porcupine.agencehigh5.com\/#organization"},"potentialAction":[{"@type":"SearchAction","target":{"@type":"EntryPoint","urlTemplate":"https:\/\/porcupine.agencehigh5.com\/?s={search_term_string}"},"query-input":"required name=search_term_string"}],"inLanguage":"fr-CA"},{"@type":"Organization","@id":"https:\/\/porcupine.agencehigh5.com\/#organization","name":"Porcupine Canvas","url":"https:\/\/porcupine.agencehigh5.com\/","logo":{"@type":"ImageObject","inLanguage":"fr-CA","@id":"https:\/\/porcupine.agencehigh5.com\/#\/schema\/logo\/image\/","url":"https:\/\/porcupinecanvas.com\/wp-content\/uploads\/porcupine-canvas-logo.png","contentUrl":"https:\/\/porcupinecanvas.com\/wp-content\/uploads\/porcupine-canvas-logo.png","width":912,"height":262,"caption":"Porcupine Canvas"},"image":{"@id":"https:\/\/porcupine.agencehigh5.com\/#\/schema\/logo\/image\/"}}]}},"_links":{"self":[{"href":"https:\/\/porcupinecanvas.com\/fr\/wp-json\/wp\/v2\/pages\/962","targetHints":{"allow":["GET"]}}],"collection":[{"href":"https:\/\/porcupinecanvas.com\/fr\/wp-json\/wp\/v2\/pages"}],"about":[{"href":"https:\/\/porcupinecanvas.com\/fr\/wp-json\/wp\/v2\/types\/page"}],"author":[{"embeddable":true,"href":"https:\/\/porcupinecanvas.com\/fr\/wp-json\/wp\/v2\/users\/1"}],"replies":[{"embeddable":true,"href":"https:\/\/porcupinecanvas.com\/fr\/wp-json\/wp\/v2\/comments?post=962"}],"version-history":[{"count":0,"href":"https:\/\/porcupinecanvas.com\/fr\/wp-json\/wp\/v2\/pages\/962\/revisions"}],"wp:attachment":[{"href":"https:\/\/porcupinecanvas.com\/fr\/wp-json\/wp\/v2\/media?parent=962"}],"curies":[{"name":"wp","href":"https:\/\/api.w.org\/{rel}","templated":true}]}}