{"id":1962,"date":"2022-12-20T15:50:33","date_gmt":"2022-12-20T20:50:33","guid":{"rendered":"https:\/\/porcupinecanvas.com\/produits\/health-and-safety\/"},"modified":"2022-12-22T15:09:57","modified_gmt":"2022-12-22T20:09:57","slug":"sante-et-securite","status":"publish","type":"page","link":"https:\/\/porcupinecanvas.com\/fr\/produits\/sante-et-securite\/","title":{"rendered":"Sant\u00e9 &#038; s\u00e9curit\u00e9"},"content":{"rendered":"\n<div class=\"wp-block-cover is-light block cover-hero\">\n\t\t\t<span aria-hidden=\"true\" class=\"wp-block-cover__background has-background-dim\"><\/span>\n\t\t<img decoding=\"async\" loading=\"lazy\" class=\"wp-block-cover__image-background\" alt=\"\"\n\t\t     src=\"https:\/\/porcupinecanvas.com\/wp-content\/uploads\/2022\/11\/image-header-listing-bags.jpg\"\n\t\t     data-object-fit=\"cover\"\n\t\t     srcset=\"https:\/\/porcupinecanvas.com\/wp-content\/uploads\/2022\/11\/image-header-listing-bags-300x104.jpg 300w, https:\/\/porcupinecanvas.com\/wp-content\/uploads\/2022\/11\/image-header-listing-bags-600x208.jpg 600w, https:\/\/porcupinecanvas.com\/wp-content\/uploads\/2022\/11\/image-header-listing-bags-1024x355.jpg 1024w, https:\/\/porcupinecanvas.com\/wp-content\/uploads\/2022\/11\/image-header-listing-bags-768x266.jpg 768w, https:\/\/porcupinecanvas.com\/wp-content\/uploads\/2022\/11\/image-header-listing-bags-1536x533.jpg 1536w, https:\/\/porcupinecanvas.com\/wp-content\/uploads\/2022\/11\/image-header-listing-bags.jpg 1920w\"\n\t\t     sizes=\"auto, (max-width: 1920px) 100vw, 1920px\"\n\t\t     width=\"1920\"\n\t\t     height=\"666\">\n\t\t<div class=\"wp-block-cover__inner-container\">\n\t\t<div class=\"is-layout-flow wp-block-group\">\n\t\t\t<div>\n\t\t\t\t\n\n<h2 class=\"has-white-color has-text-color wp-block-heading\">Sant\u00e9 &amp; s\u00e9curit\u00e9<\/h2>\n\n\n\t\t\t<\/div>\n\t\t<\/div>\n\t<\/div>\n<\/div>\n\n\n<div class=\"wp-block-group product-grid has-black-background-color\">\n\n<div class=\"wp-block-group__inner-container\">\n\n  <div class=\"products-grid\">\n          <div class=\"product\" id=\"product-2728\">\n        <img loading=\"lazy\" decoding=\"async\" width=\"500\" height=\"500\" src=\"https:\/\/porcupinecanvas.com\/wp-content\/uploads\/dsc_0008-500x500.jpg\" class=\"attachment-woocommerce_thumbnail size-woocommerce_thumbnail\" alt=\"\" srcset=\"https:\/\/porcupinecanvas.com\/wp-content\/uploads\/dsc_0008-500x500.jpg 500w, https:\/\/porcupinecanvas.com\/wp-content\/uploads\/dsc_0008-150x150.jpg 150w, https:\/\/porcupinecanvas.com\/wp-content\/uploads\/dsc_0008-100x100.jpg 100w, https:\/\/porcupinecanvas.com\/wp-content\/uploads\/dsc_0008-50x50.jpg 50w\" sizes=\"auto, (max-width: 500px) 100vw, 500px\" \/>        <div class=\"wp-block-button is-style-primary-button\">\n\t\t\t\t\t\t<a class=\"wp-block-button__link wp-element-button title-6 product-name\" href=\"https:\/\/porcupinecanvas.com\/fr\/products\/sante-et-securite\/sac-trauma\/\">\n              Sac Trauma &#8211; 1411            <\/a>\n\t\t\t\t\t\t<a class=\"wp-block-button__link wp-element-button title-6 learn-more\" href=\"https:\/\/porcupinecanvas.com\/fr\/products\/sante-et-securite\/sac-trauma\/\">\n              En savoir plus            <\/a>\n\t\t\t\t<\/div>\n      <\/div>\n          <div class=\"product\" id=\"product-1855\">\n        <img loading=\"lazy\" decoding=\"async\" width=\"500\" height=\"500\" src=\"https:\/\/porcupinecanvas.com\/wp-content\/uploads\/produit-1252-01-featured-500x500.jpg\" class=\"attachment-woocommerce_thumbnail size-woocommerce_thumbnail\" alt=\"\" srcset=\"https:\/\/porcupinecanvas.com\/wp-content\/uploads\/produit-1252-01-featured-500x500.jpg 500w, https:\/\/porcupinecanvas.com\/wp-content\/uploads\/produit-1252-01-featured-100x100.jpg 100w, https:\/\/porcupinecanvas.com\/wp-content\/uploads\/produit-1252-01-featured-600x600.jpg 600w, https:\/\/porcupinecanvas.com\/wp-content\/uploads\/produit-1252-01-featured-300x300.jpg 300w, https:\/\/porcupinecanvas.com\/wp-content\/uploads\/produit-1252-01-featured-1024x1024.jpg 1024w, https:\/\/porcupinecanvas.com\/wp-content\/uploads\/produit-1252-01-featured-150x150.jpg 150w, https:\/\/porcupinecanvas.com\/wp-content\/uploads\/produit-1252-01-featured-768x768.jpg 768w, https:\/\/porcupinecanvas.com\/wp-content\/uploads\/produit-1252-01-featured-50x50.jpg 50w, https:\/\/porcupinecanvas.com\/wp-content\/uploads\/produit-1252-01-featured.jpg 1280w\" sizes=\"auto, (max-width: 500px) 100vw, 500px\" \/>        <div class=\"wp-block-button is-style-primary-button\">\n\t\t\t\t\t\t<a class=\"wp-block-button__link wp-element-button title-6 product-name\" href=\"https:\/\/porcupinecanvas.com\/fr\/products\/sante-et-securite\/sac-pour-appareil-respiratoire-bg-4\/\">\n              Sac pour appareil respiratoire BG-4 &#8211; 1252            <\/a>\n\t\t\t\t\t\t<a class=\"wp-block-button__link wp-element-button title-6 learn-more\" href=\"https:\/\/porcupinecanvas.com\/fr\/products\/sante-et-securite\/sac-pour-appareil-respiratoire-bg-4\/\">\n              En savoir plus            <\/a>\n\t\t\t\t<\/div>\n      <\/div>\n          <div class=\"product\" id=\"product-1867\">\n        <img loading=\"lazy\" decoding=\"async\" width=\"500\" height=\"500\" src=\"https:\/\/porcupinecanvas.com\/wp-content\/uploads\/produit-shelter-1383-01-featured-500x500.jpg\" class=\"attachment-woocommerce_thumbnail size-woocommerce_thumbnail\" alt=\"\" srcset=\"https:\/\/porcupinecanvas.com\/wp-content\/uploads\/produit-shelter-1383-01-featured-500x500.jpg 500w, https:\/\/porcupinecanvas.com\/wp-content\/uploads\/produit-shelter-1383-01-featured-100x100.jpg 100w, https:\/\/porcupinecanvas.com\/wp-content\/uploads\/produit-shelter-1383-01-featured-600x600.jpg 600w, https:\/\/porcupinecanvas.com\/wp-content\/uploads\/produit-shelter-1383-01-featured-300x300.jpg 300w, https:\/\/porcupinecanvas.com\/wp-content\/uploads\/produit-shelter-1383-01-featured-1024x1024.jpg 1024w, https:\/\/porcupinecanvas.com\/wp-content\/uploads\/produit-shelter-1383-01-featured-150x150.jpg 150w, https:\/\/porcupinecanvas.com\/wp-content\/uploads\/produit-shelter-1383-01-featured-768x768.jpg 768w, https:\/\/porcupinecanvas.com\/wp-content\/uploads\/produit-shelter-1383-01-featured-50x50.jpg 50w, https:\/\/porcupinecanvas.com\/wp-content\/uploads\/produit-shelter-1383-01-featured.jpg 1280w\" sizes=\"auto, (max-width: 500px) 100vw, 500px\" \/>        <div class=\"wp-block-button is-style-primary-button\">\n\t\t\t\t\t\t<a class=\"wp-block-button__link wp-element-button title-6 product-name\" href=\"https:\/\/porcupinecanvas.com\/fr\/products\/sante-et-securite\/refuge-portable-4\/\">\n              Refuge portable &#8211; 1383            <\/a>\n\t\t\t\t\t\t<a class=\"wp-block-button__link wp-element-button title-6 learn-more\" href=\"https:\/\/porcupinecanvas.com\/fr\/products\/sante-et-securite\/refuge-portable-4\/\">\n              En savoir plus            <\/a>\n\t\t\t\t<\/div>\n      <\/div>\n          <div class=\"product\" id=\"product-1783\">\n        <img loading=\"lazy\" decoding=\"async\" width=\"500\" height=\"500\" src=\"https:\/\/porcupinecanvas.com\/wp-content\/uploads\/produit-1019-01-featured-500x500.jpg\" class=\"attachment-woocommerce_thumbnail size-woocommerce_thumbnail\" alt=\"\" srcset=\"https:\/\/porcupinecanvas.com\/wp-content\/uploads\/produit-1019-01-featured-500x500.jpg 500w, https:\/\/porcupinecanvas.com\/wp-content\/uploads\/produit-1019-01-featured-100x100.jpg 100w, https:\/\/porcupinecanvas.com\/wp-content\/uploads\/produit-1019-01-featured-600x600.jpg 600w, https:\/\/porcupinecanvas.com\/wp-content\/uploads\/produit-1019-01-featured-300x300.jpg 300w, https:\/\/porcupinecanvas.com\/wp-content\/uploads\/produit-1019-01-featured-1024x1024.jpg 1024w, https:\/\/porcupinecanvas.com\/wp-content\/uploads\/produit-1019-01-featured-150x150.jpg 150w, https:\/\/porcupinecanvas.com\/wp-content\/uploads\/produit-1019-01-featured-768x768.jpg 768w, https:\/\/porcupinecanvas.com\/wp-content\/uploads\/produit-1019-01-featured-50x50.jpg 50w, https:\/\/porcupinecanvas.com\/wp-content\/uploads\/produit-1019-01-featured.jpg 1280w\" sizes=\"auto, (max-width: 500px) 100vw, 500px\" \/>        <div class=\"wp-block-button is-style-primary-button\">\n\t\t\t\t\t\t<a class=\"wp-block-button__link wp-element-button title-6 product-name\" href=\"https:\/\/porcupinecanvas.com\/fr\/products\/sante-et-securite\/pochette-de-premier-secours\/\">\n              Pochette de premier secours &#8211; 1019            <\/a>\n\t\t\t\t\t\t<a class=\"wp-block-button__link wp-element-button title-6 learn-more\" href=\"https:\/\/porcupinecanvas.com\/fr\/products\/sante-et-securite\/pochette-de-premier-secours\/\">\n              En savoir plus            <\/a>\n\t\t\t\t<\/div>\n      <\/div>\n          <div class=\"product\" id=\"product-1882\">\n        <img loading=\"lazy\" decoding=\"async\" width=\"500\" height=\"500\" src=\"https:\/\/porcupinecanvas.com\/wp-content\/uploads\/produit-1517-01-featured-500x500.jpg\" class=\"attachment-woocommerce_thumbnail size-woocommerce_thumbnail\" alt=\"\" srcset=\"https:\/\/porcupinecanvas.com\/wp-content\/uploads\/produit-1517-01-featured-500x500.jpg 500w, https:\/\/porcupinecanvas.com\/wp-content\/uploads\/produit-1517-01-featured-100x100.jpg 100w, https:\/\/porcupinecanvas.com\/wp-content\/uploads\/produit-1517-01-featured-600x600.jpg 600w, https:\/\/porcupinecanvas.com\/wp-content\/uploads\/produit-1517-01-featured-300x300.jpg 300w, https:\/\/porcupinecanvas.com\/wp-content\/uploads\/produit-1517-01-featured-1024x1024.jpg 1024w, https:\/\/porcupinecanvas.com\/wp-content\/uploads\/produit-1517-01-featured-150x150.jpg 150w, https:\/\/porcupinecanvas.com\/wp-content\/uploads\/produit-1517-01-featured-768x768.jpg 768w, https:\/\/porcupinecanvas.com\/wp-content\/uploads\/produit-1517-01-featured-50x50.jpg 50w, https:\/\/porcupinecanvas.com\/wp-content\/uploads\/produit-1517-01-featured.jpg 1280w\" sizes=\"auto, (max-width: 500px) 100vw, 500px\" \/>        <div class=\"wp-block-button is-style-primary-button\">\n\t\t\t\t\t\t<a class=\"wp-block-button__link wp-element-button title-6 product-name\" href=\"https:\/\/porcupinecanvas.com\/fr\/products\/sante-et-securite\/etui-pour-detecteur-a-gaz-3\/\">\n              \u00c9tui pour d\u00e9tecteur \u00e0 gaz &#8211; 1517            <\/a>\n\t\t\t\t\t\t<a class=\"wp-block-button__link wp-element-button title-6 learn-more\" href=\"https:\/\/porcupinecanvas.com\/fr\/products\/sante-et-securite\/etui-pour-detecteur-a-gaz-3\/\">\n              En savoir plus            <\/a>\n\t\t\t\t<\/div>\n      <\/div>\n          <div class=\"product\" id=\"product-1883\">\n        <img loading=\"lazy\" decoding=\"async\" width=\"500\" height=\"500\" src=\"https:\/\/porcupinecanvas.com\/wp-content\/uploads\/produit-1529-01-featured-500x500.jpg\" class=\"attachment-woocommerce_thumbnail size-woocommerce_thumbnail\" alt=\"\" srcset=\"https:\/\/porcupinecanvas.com\/wp-content\/uploads\/produit-1529-01-featured-500x500.jpg 500w, https:\/\/porcupinecanvas.com\/wp-content\/uploads\/produit-1529-01-featured-100x100.jpg 100w, https:\/\/porcupinecanvas.com\/wp-content\/uploads\/produit-1529-01-featured-600x600.jpg 600w, https:\/\/porcupinecanvas.com\/wp-content\/uploads\/produit-1529-01-featured-300x300.jpg 300w, https:\/\/porcupinecanvas.com\/wp-content\/uploads\/produit-1529-01-featured-1024x1024.jpg 1024w, https:\/\/porcupinecanvas.com\/wp-content\/uploads\/produit-1529-01-featured-150x150.jpg 150w, https:\/\/porcupinecanvas.com\/wp-content\/uploads\/produit-1529-01-featured-768x768.jpg 768w, https:\/\/porcupinecanvas.com\/wp-content\/uploads\/produit-1529-01-featured-50x50.jpg 50w, https:\/\/porcupinecanvas.com\/wp-content\/uploads\/produit-1529-01-featured.jpg 1280w\" sizes=\"auto, (max-width: 500px) 100vw, 500px\" \/>        <div class=\"wp-block-button is-style-primary-button\">\n\t\t\t\t\t\t<a class=\"wp-block-button__link wp-element-button title-6 product-name\" href=\"https:\/\/porcupinecanvas.com\/fr\/products\/sante-et-securite\/sac-pour-douche-oculaire\/\">\n              Sac pour douche oculaire &#8211; 1529            <\/a>\n\t\t\t\t\t\t<a class=\"wp-block-button__link wp-element-button title-6 learn-more\" href=\"https:\/\/porcupinecanvas.com\/fr\/products\/sante-et-securite\/sac-pour-douche-oculaire\/\">\n              En savoir plus            <\/a>\n\t\t\t\t<\/div>\n      <\/div>\n          <div class=\"product\" id=\"product-1868\">\n        <img loading=\"lazy\" decoding=\"async\" width=\"500\" height=\"500\" src=\"https:\/\/porcupinecanvas.com\/wp-content\/uploads\/produit-shelter-double-01-featured-500x500.jpg\" class=\"attachment-woocommerce_thumbnail size-woocommerce_thumbnail\" alt=\"\" srcset=\"https:\/\/porcupinecanvas.com\/wp-content\/uploads\/produit-shelter-double-01-featured-500x500.jpg 500w, https:\/\/porcupinecanvas.com\/wp-content\/uploads\/produit-shelter-double-01-featured-100x100.jpg 100w, https:\/\/porcupinecanvas.com\/wp-content\/uploads\/produit-shelter-double-01-featured-600x600.jpg 600w, https:\/\/porcupinecanvas.com\/wp-content\/uploads\/produit-shelter-double-01-featured-300x300.jpg 300w, https:\/\/porcupinecanvas.com\/wp-content\/uploads\/produit-shelter-double-01-featured-1024x1024.jpg 1024w, https:\/\/porcupinecanvas.com\/wp-content\/uploads\/produit-shelter-double-01-featured-150x150.jpg 150w, https:\/\/porcupinecanvas.com\/wp-content\/uploads\/produit-shelter-double-01-featured-768x768.jpg 768w, https:\/\/porcupinecanvas.com\/wp-content\/uploads\/produit-shelter-double-01-featured-50x50.jpg 50w, https:\/\/porcupinecanvas.com\/wp-content\/uploads\/produit-shelter-double-01-featured.jpg 1280w\" sizes=\"auto, (max-width: 500px) 100vw, 500px\" \/>        <div class=\"wp-block-button is-style-primary-button\">\n\t\t\t\t\t\t<a class=\"wp-block-button__link wp-element-button title-6 product-name\" href=\"https:\/\/porcupinecanvas.com\/fr\/products\/sante-et-securite\/refuge-portable-5\/\">\n              Refuge portable &#8211; 1384            <\/a>\n\t\t\t\t\t\t<a class=\"wp-block-button__link wp-element-button title-6 learn-more\" href=\"https:\/\/porcupinecanvas.com\/fr\/products\/sante-et-securite\/refuge-portable-5\/\">\n              En savoir plus            <\/a>\n\t\t\t\t<\/div>\n      <\/div>\n          <div class=\"product\" id=\"product-1869\">\n        <img loading=\"lazy\" decoding=\"async\" width=\"500\" height=\"500\" src=\"https:\/\/porcupinecanvas.com\/wp-content\/uploads\/1400-500x500.jpg\" class=\"attachment-woocommerce_thumbnail size-woocommerce_thumbnail\" alt=\"\" srcset=\"https:\/\/porcupinecanvas.com\/wp-content\/uploads\/1400-500x500.jpg 500w, https:\/\/porcupinecanvas.com\/wp-content\/uploads\/1400-150x150.jpg 150w, https:\/\/porcupinecanvas.com\/wp-content\/uploads\/1400-100x100.jpg 100w, https:\/\/porcupinecanvas.com\/wp-content\/uploads\/1400-50x50.jpg 50w\" sizes=\"auto, (max-width: 500px) 100vw, 500px\" \/>        <div class=\"wp-block-button is-style-primary-button\">\n\t\t\t\t\t\t<a class=\"wp-block-button__link wp-element-button title-6 product-name\" href=\"https:\/\/porcupinecanvas.com\/fr\/products\/sante-et-securite\/civiere-durgence\/\">\n              Civi\u00e8re d&#8217;urgence &#8211; 1400            <\/a>\n\t\t\t\t\t\t<a class=\"wp-block-button__link wp-element-button title-6 learn-more\" href=\"https:\/\/porcupinecanvas.com\/fr\/products\/sante-et-securite\/civiere-durgence\/\">\n              En savoir plus            <\/a>\n\t\t\t\t<\/div>\n      <\/div>\n      <\/div>\n\n<\/div>\n\n<\/div>\n\n<div class=\"wp-block-cover is-light block cover-cta\">\n<span aria-hidden=\"true\" class=\"wp-block-cover__background has-background-dim\"><\/span>\n<img decoding=\"async\" loading=\"lazy\" class=\"wp-block-cover__image-background\" alt=\"\" \nsrc=\"https:\/\/porcupinecanvas.com\/wp-content\/uploads\/2022\/11\/image-cta-listing-bags.jpg\" \ndata-object-fit=\"cover\"\nsrcset=\"https:\/\/porcupinecanvas.com\/wp-content\/uploads\/2022\/11\/image-cta-listing-bags-300x153.jpg 300w, https:\/\/porcupinecanvas.com\/wp-content\/uploads\/2022\/11\/image-cta-listing-bags-600x305.jpg 600w, https:\/\/porcupinecanvas.com\/wp-content\/uploads\/2022\/11\/image-cta-listing-bags-1024x521.jpg 1024w, https:\/\/porcupinecanvas.com\/wp-content\/uploads\/2022\/11\/image-cta-listing-bags-768x390.jpg 768w, https:\/\/porcupinecanvas.com\/wp-content\/uploads\/2022\/11\/image-cta-listing-bags-1536x781.jpg 1536w, https:\/\/porcupinecanvas.com\/wp-content\/uploads\/2022\/11\/image-cta-listing-bags.jpg 1920w\"\nsizes=\"auto, (max-width: 1920px) 100vw, 1920px\"\nwidth=\"1920\" \nheight=\"976\"\n>\n<div class=\"wp-block-cover__inner-container\">\n<div class=\"is-layout-flow wp-block-group\">\n\n    <div>\n        \n\n<div style=\"height:10vw\" aria-hidden=\"true\" class=\"wp-block-spacer\"><\/div>\n\n\n\n<h2 class=\"has-white-color has-text-color wp-block-heading\">HAVE A QUESTION ABOUT OUR PRODUCTS ?<\/h2>\n\n\n\n<p class=\"is-style-subtitle has-white-color has-text-color\">PLEASE CONTACT US FOR PRICING AND AVAILABILITY.<\/p>\n\n\n\n<div class=\"wp-block-buttons is-layout-flex wp-block-buttons-is-layout-flex\">\n<div class=\"wp-block-button is-style-animated-large-button\"><a class=\"wp-block-button__link wp-element-button\" href=\"https:\/\/porcupinecanvas.com\/contact\/\">contact us<\/a><\/div>\n<\/div>\n\n\n\n<div style=\"height:10vw\" aria-hidden=\"true\" class=\"wp-block-spacer\"><\/div>\n\n\n    <\/div>\n\n\n<\/div>\n<\/div><\/div>","protected":false},"excerpt":{"rendered":"","protected":false},"author":1,"featured_media":0,"parent":970,"menu_order":6,"comment_status":"closed","ping_status":"closed","template":"","meta":{"footnotes":""},"class_list":["post-1962","page","type-page","status-publish","hentry"],"acf":[],"yoast_head":"<!-- This site is optimized with the Yoast SEO plugin v20.10 - https:\/\/yoast.com\/wordpress\/plugins\/seo\/ -->\n<title>Sant\u00e9 &amp; s\u00e9curit\u00e9 | Porcupine Canvas<\/title>\n<meta name=\"description\" content=\"Porcupine Canvas is a nationally sought- after manufacturing company specializing in canvas goods and products serving the mining, exploration and glamping industries.\" \/>\n<meta name=\"robots\" content=\"index, follow, max-snippet:-1, max-image-preview:large, max-video-preview:-1\" \/>\n<link rel=\"canonical\" href=\"https:\/\/porcupine.agencehigh5.com\/fr\/produits\/sante-et-securite\/\" \/>\n<meta property=\"og:locale\" content=\"fr_CA\" \/>\n<meta property=\"og:type\" content=\"article\" \/>\n<meta property=\"og:title\" content=\"Sant\u00e9 &amp; s\u00e9curit\u00e9 | Porcupine Canvas\" \/>\n<meta property=\"og:description\" content=\"Porcupine Canvas is a nationally sought- after manufacturing company specializing in canvas goods and products serving the mining, exploration and glamping industries.\" \/>\n<meta property=\"og:url\" content=\"https:\/\/porcupine.agencehigh5.com\/fr\/produits\/sante-et-securite\/\" \/>\n<meta property=\"og:site_name\" content=\"Porcupine Canvas\" \/>\n<meta property=\"article:modified_time\" content=\"2022-12-22T20:09:57+00:00\" \/>\n<meta property=\"og:image\" content=\"https:\/\/porcupinecanvas.com\/wp-content\/uploads\/porcupine-canvas-og-image2.jpg\" \/>\n\t<meta property=\"og:image:width\" content=\"1200\" \/>\n\t<meta property=\"og:image:height\" content=\"630\" \/>\n\t<meta property=\"og:image:type\" content=\"image\/jpeg\" \/>\n<meta name=\"twitter:card\" content=\"summary_large_image\" \/>\n<meta name=\"twitter:label1\" content=\"Estimation du temps de lecture\" \/>\n\t<meta name=\"twitter:data1\" content=\"1 minute\" \/>\n<script type=\"application\/ld+json\" class=\"yoast-schema-graph\">{\"@context\":\"https:\/\/schema.org\",\"@graph\":[{\"@type\":\"WebPage\",\"@id\":\"https:\/\/porcupine.agencehigh5.com\/fr\/produits\/sante-et-securite\/\",\"url\":\"https:\/\/porcupine.agencehigh5.com\/fr\/produits\/sante-et-securite\/\",\"name\":\"Sant\u00e9 & s\u00e9curit\u00e9 | Porcupine Canvas\",\"isPartOf\":{\"@id\":\"https:\/\/porcupine.agencehigh5.com\/#website\"},\"datePublished\":\"2022-12-20T20:50:33+00:00\",\"dateModified\":\"2022-12-22T20:09:57+00:00\",\"description\":\"Porcupine Canvas is a nationally sought- after manufacturing company specializing in canvas goods and products serving the mining, exploration and glamping industries.\",\"breadcrumb\":{\"@id\":\"https:\/\/porcupine.agencehigh5.com\/fr\/produits\/sante-et-securite\/#breadcrumb\"},\"inLanguage\":\"fr-CA\",\"potentialAction\":[{\"@type\":\"ReadAction\",\"target\":[\"https:\/\/porcupine.agencehigh5.com\/fr\/produits\/sante-et-securite\/\"]}]},{\"@type\":\"BreadcrumbList\",\"@id\":\"https:\/\/porcupine.agencehigh5.com\/fr\/produits\/sante-et-securite\/#breadcrumb\",\"itemListElement\":[{\"@type\":\"ListItem\",\"position\":1,\"name\":\"Home\",\"item\":\"https:\/\/porcupinecanvas.com\/fr\/\"},{\"@type\":\"ListItem\",\"position\":2,\"name\":\"Produits\",\"item\":\"https:\/\/porcupine.agencehigh5.com\/fr\/produits\/\"},{\"@type\":\"ListItem\",\"position\":3,\"name\":\"Sant\u00e9 &#038; s\u00e9curit\u00e9\"}]},{\"@type\":\"WebSite\",\"@id\":\"https:\/\/porcupine.agencehigh5.com\/#website\",\"url\":\"https:\/\/porcupine.agencehigh5.com\/\",\"name\":\"Porcupine Canvas\",\"description\":\"Gear for the mining industry and the outdoors\",\"publisher\":{\"@id\":\"https:\/\/porcupine.agencehigh5.com\/#organization\"},\"potentialAction\":[{\"@type\":\"SearchAction\",\"target\":{\"@type\":\"EntryPoint\",\"urlTemplate\":\"https:\/\/porcupine.agencehigh5.com\/?s={search_term_string}\"},\"query-input\":\"required name=search_term_string\"}],\"inLanguage\":\"fr-CA\"},{\"@type\":\"Organization\",\"@id\":\"https:\/\/porcupine.agencehigh5.com\/#organization\",\"name\":\"Porcupine Canvas\",\"url\":\"https:\/\/porcupine.agencehigh5.com\/\",\"logo\":{\"@type\":\"ImageObject\",\"inLanguage\":\"fr-CA\",\"@id\":\"https:\/\/porcupine.agencehigh5.com\/#\/schema\/logo\/image\/\",\"url\":\"https:\/\/porcupinecanvas.com\/wp-content\/uploads\/porcupine-canvas-logo.png\",\"contentUrl\":\"https:\/\/porcupinecanvas.com\/wp-content\/uploads\/porcupine-canvas-logo.png\",\"width\":912,\"height\":262,\"caption\":\"Porcupine Canvas\"},\"image\":{\"@id\":\"https:\/\/porcupine.agencehigh5.com\/#\/schema\/logo\/image\/\"}}]}<\/script>\n<!-- \/ Yoast SEO plugin. -->","yoast_head_json":{"title":"Sant\u00e9 & s\u00e9curit\u00e9 | Porcupine Canvas","description":"Porcupine Canvas is a nationally sought- after manufacturing company specializing in canvas goods and products serving the mining, exploration and glamping industries.","robots":{"index":"index","follow":"follow","max-snippet":"max-snippet:-1","max-image-preview":"max-image-preview:large","max-video-preview":"max-video-preview:-1"},"canonical":"https:\/\/porcupine.agencehigh5.com\/fr\/produits\/sante-et-securite\/","og_locale":"fr_CA","og_type":"article","og_title":"Sant\u00e9 & s\u00e9curit\u00e9 | Porcupine Canvas","og_description":"Porcupine Canvas is a nationally sought- after manufacturing company specializing in canvas goods and products serving the mining, exploration and glamping industries.","og_url":"https:\/\/porcupine.agencehigh5.com\/fr\/produits\/sante-et-securite\/","og_site_name":"Porcupine Canvas","article_modified_time":"2022-12-22T20:09:57+00:00","og_image":[{"width":1200,"height":630,"url":"https:\/\/porcupinecanvas.com\/wp-content\/uploads\/porcupine-canvas-og-image2.jpg","type":"image\/jpeg"}],"twitter_card":"summary_large_image","twitter_misc":{"Estimation du temps de lecture":"1 minute"},"schema":{"@context":"https:\/\/schema.org","@graph":[{"@type":"WebPage","@id":"https:\/\/porcupine.agencehigh5.com\/fr\/produits\/sante-et-securite\/","url":"https:\/\/porcupine.agencehigh5.com\/fr\/produits\/sante-et-securite\/","name":"Sant\u00e9 & s\u00e9curit\u00e9 | Porcupine Canvas","isPartOf":{"@id":"https:\/\/porcupine.agencehigh5.com\/#website"},"datePublished":"2022-12-20T20:50:33+00:00","dateModified":"2022-12-22T20:09:57+00:00","description":"Porcupine Canvas is a nationally sought- after manufacturing company specializing in canvas goods and products serving the mining, exploration and glamping industries.","breadcrumb":{"@id":"https:\/\/porcupine.agencehigh5.com\/fr\/produits\/sante-et-securite\/#breadcrumb"},"inLanguage":"fr-CA","potentialAction":[{"@type":"ReadAction","target":["https:\/\/porcupine.agencehigh5.com\/fr\/produits\/sante-et-securite\/"]}]},{"@type":"BreadcrumbList","@id":"https:\/\/porcupine.agencehigh5.com\/fr\/produits\/sante-et-securite\/#breadcrumb","itemListElement":[{"@type":"ListItem","position":1,"name":"Home","item":"https:\/\/porcupinecanvas.com\/fr\/"},{"@type":"ListItem","position":2,"name":"Produits","item":"https:\/\/porcupine.agencehigh5.com\/fr\/produits\/"},{"@type":"ListItem","position":3,"name":"Sant\u00e9 &#038; s\u00e9curit\u00e9"}]},{"@type":"WebSite","@id":"https:\/\/porcupine.agencehigh5.com\/#website","url":"https:\/\/porcupine.agencehigh5.com\/","name":"Porcupine Canvas","description":"Gear for the mining industry and the outdoors","publisher":{"@id":"https:\/\/porcupine.agencehigh5.com\/#organization"},"potentialAction":[{"@type":"SearchAction","target":{"@type":"EntryPoint","urlTemplate":"https:\/\/porcupine.agencehigh5.com\/?s={search_term_string}"},"query-input":"required name=search_term_string"}],"inLanguage":"fr-CA"},{"@type":"Organization","@id":"https:\/\/porcupine.agencehigh5.com\/#organization","name":"Porcupine Canvas","url":"https:\/\/porcupine.agencehigh5.com\/","logo":{"@type":"ImageObject","inLanguage":"fr-CA","@id":"https:\/\/porcupine.agencehigh5.com\/#\/schema\/logo\/image\/","url":"https:\/\/porcupinecanvas.com\/wp-content\/uploads\/porcupine-canvas-logo.png","contentUrl":"https:\/\/porcupinecanvas.com\/wp-content\/uploads\/porcupine-canvas-logo.png","width":912,"height":262,"caption":"Porcupine Canvas"},"image":{"@id":"https:\/\/porcupine.agencehigh5.com\/#\/schema\/logo\/image\/"}}]}},"_links":{"self":[{"href":"https:\/\/porcupinecanvas.com\/fr\/wp-json\/wp\/v2\/pages\/1962","targetHints":{"allow":["GET"]}}],"collection":[{"href":"https:\/\/porcupinecanvas.com\/fr\/wp-json\/wp\/v2\/pages"}],"about":[{"href":"https:\/\/porcupinecanvas.com\/fr\/wp-json\/wp\/v2\/types\/page"}],"author":[{"embeddable":true,"href":"https:\/\/porcupinecanvas.com\/fr\/wp-json\/wp\/v2\/users\/1"}],"replies":[{"embeddable":true,"href":"https:\/\/porcupinecanvas.com\/fr\/wp-json\/wp\/v2\/comments?post=1962"}],"version-history":[{"count":0,"href":"https:\/\/porcupinecanvas.com\/fr\/wp-json\/wp\/v2\/pages\/1962\/revisions"}],"up":[{"embeddable":true,"href":"https:\/\/porcupinecanvas.com\/fr\/wp-json\/wp\/v2\/pages\/970"}],"wp:attachment":[{"href":"https:\/\/porcupinecanvas.com\/fr\/wp-json\/wp\/v2\/media?parent=1962"}],"curies":[{"name":"wp","href":"https:\/\/api.w.org\/{rel}","templated":true}]}}