{"id":1003,"date":"2022-11-10T21:33:53","date_gmt":"2022-11-10T21:33:53","guid":{"rendered":"https:\/\/porcupinecanvas.com\/home\/"},"modified":"2023-06-29T11:18:23","modified_gmt":"2023-06-29T15:18:23","slug":"accueil","status":"publish","type":"page","link":"https:\/\/porcupinecanvas.com\/fr\/","title":{"rendered":"Accueil"},"content":{"rendered":"\n<div class=\"hero-slider\">\n\n\t<div class=\"hero-slider-background\">\n\t\t\t\t\t<div class=\"hero-background\" style=\"background-image:url(https:\/\/porcupinecanvas.com\/wp-content\/uploads\/porcupine-canvas-header-home-slider02.jpg)\"><\/div>\n\t\t\t\t\t<div class=\"hero-background\" style=\"background-image:url(https:\/\/porcupinecanvas.com\/wp-content\/uploads\/2022\/11\/header-background-2.jpg)\"><\/div>\n\t\t\t<\/div>\n\n\t<div class=\"inner-hero-slider-container container\">\n\t\t<div>\n\t\n\t\t\t\t\t\t<div class=\"hero-slider-info\">\n\t\t\t\n\t\t\t\t\t\t\t\t\t\t\t\t\t\t<div class=\"hero-info\">\n\t\t\t\t\t\t<h2>L\u2019affaire est dans le sac!<\/h2>\n\t\t\t\t\t\t<p class=\"is-style-subtitle has-large-font-size\">Des produits durables con\u00e7us pour une vari\u00e9t\u00e9 de circonstances<\/p>\n\t\t\t\t\t\t<div class=\"wp-block-button is-style-primary-button is-style-animated-large-button\">\n\t\t\t\t\t\t\t<a class=\"wp-block-button__link wp-element-button\" href=\"https:\/\/porcupinecanvas.com\/fr\/produits\/\">Demander une soumission<\/a>\n\t\t\t\t\t\t<\/div>\n\t\t\t\t\t<\/div>\n\t\t\t\t\t\t\t\t\t\t\t\t\t\t\t<div class=\"hero-info\">\n\t\t\t\t\t\t<h2>Ni une, ni deux, ni trois!<\/h2>\n\t\t\t\t\t\t<p class=\"is-style-subtitle has-large-font-size\">S\u00e9curit\u00e9 + commodit\u00e9 + confort<\/p>\n\t\t\t\t\t\t<div class=\"wp-block-button is-style-primary-button is-style-animated-large-button\">\n\t\t\t\t\t\t\t<a class=\"wp-block-button__link wp-element-button\" href=\"https:\/\/porcupinecanvas.com\/fr\/produits\/\">Obtenir un prix<\/a>\n\t\t\t\t\t\t<\/div>\n\t\t\t\t\t<\/div>\n\t\t\t\t\t\t\t\t\t\n\t\t\t<\/div>\n\t\t\t\t\n\t\t\t\t\n\t\t\t<div class=\"hero-slider-product\" dir=\"rtl\">\n\t\t\t\t\n\t\t\t\t\t\t\t\t\t\t\t<div class=\"hero-product\">\n\t\t\t\t\t\t\t<img decoding=\"async\" src=\"https:\/\/porcupinecanvas.com\/wp-content\/uploads\/porcupine-canvas-product-1239-01-home-slider.png\" alt=\"\"\/>\n\t\t\t\t\t\t<\/div>\n\t\t\t\t\t\t\t\t\t\t\t<div class=\"hero-product\">\n\t\t\t\t\t\t\t<img decoding=\"async\" src=\"https:\/\/porcupinecanvas.com\/wp-content\/uploads\/porcupine-canvas-product-1211-01-home-slider.png\" alt=\"\"\/>\n\t\t\t\t\t\t<\/div>\n\t\t\t\t\t\t\t\t\t\t\n\t\t\t<\/div>\n\t\t<\/div>\n\t<\/div>\n\n\t<div class=\"slider-button-overlay\">\n\t<div class=\"wp-block-button our-products\">\n        <a class=\"wp-block-button__link wp-element-button\" href=\"https:\/\/porcupinecanvas.com\/fr\/produits\/\">D\u00c9COUVREZ NOS PRODUITS<\/a>\n\t\t\t<\/div>\n\t\t\t<div class=\"wp-block-button linkedin\">\n        <a class=\"wp-block-button__link wp-element-button linkedin-button\" target=\"_blank\" href=\"https:\/\/www.linkedin.com\"><?xml version=\"1.0\"?><svg fill=\"#000000\" xmlns=\"http:\/\/www.w3.org\/2000\/svg\"  viewBox=\"0 0 30 30\" width=\"30px\" height=\"30px\">    <path d=\"M9,25H4V10h5V25z M6.501,8C5.118,8,4,6.879,4,5.499S5.12,3,6.501,3C7.879,3,9,4.121,9,5.499C9,6.879,7.879,8,6.501,8z M27,25h-4.807v-7.3c0-1.741-0.033-3.98-2.499-3.98c-2.503,0-2.888,1.896-2.888,3.854V25H12V9.989h4.614v2.051h0.065 c0.642-1.18,2.211-2.424,4.551-2.424c4.87,0,5.77,3.109,5.77,7.151C27,16.767,27,25,27,25z\"\/><\/svg><\/a>\n\t\t\t<\/div>\n\t<\/div>\n<\/div>\n\n\n\n\n<div class=\"wp-block-cover is-light\">\n\n\n<div class=\"wp-block-cover__inner-container\">\n\n<div class=\"is-layout-flow wp-block-group image-text has-background-color has-black-background-color has-text-color has-white-color\">\n\n  \n\n<div class=\"wp-block-media-text is-vertically-aligned-center\" style=\"padding-top:3rem;padding-bottom:15rem\"><figure class=\"wp-block-media-text__media\"><img loading=\"lazy\" decoding=\"async\" width=\"814\" height=\"814\" src=\"https:\/\/porcupinecanvas.com\/wp-content\/uploads\/2022\/11\/image-about-products-accueil.jpg\" alt=\"\" class=\"wp-image-181 size-full\" srcset=\"https:\/\/porcupinecanvas.com\/wp-content\/uploads\/2022\/11\/image-about-products-accueil.jpg 814w, https:\/\/porcupinecanvas.com\/wp-content\/uploads\/2022\/11\/image-about-products-accueil-500x500.jpg 500w, https:\/\/porcupinecanvas.com\/wp-content\/uploads\/2022\/11\/image-about-products-accueil-100x100.jpg 100w, https:\/\/porcupinecanvas.com\/wp-content\/uploads\/2022\/11\/image-about-products-accueil-600x600.jpg 600w, https:\/\/porcupinecanvas.com\/wp-content\/uploads\/2022\/11\/image-about-products-accueil-300x300.jpg 300w, https:\/\/porcupinecanvas.com\/wp-content\/uploads\/2022\/11\/image-about-products-accueil-150x150.jpg 150w, https:\/\/porcupinecanvas.com\/wp-content\/uploads\/2022\/11\/image-about-products-accueil-768x768.jpg 768w, https:\/\/porcupinecanvas.com\/wp-content\/uploads\/2022\/11\/image-about-products-accueil-50x50.jpg 50w\" sizes=\"auto, (max-width: 814px) 100vw, 814px\" \/><\/figure><div class=\"wp-block-media-text__content\">\n<h2 class=\"wp-block-heading\">Durable, flexible, abordable<\/h2>\n\n\n\n<p class=\"is-style-subtitle\">La diff\u00e9rence entre voyager l\u00e9ger et voyager l\u2019esprit l\u00e9ger<\/p>\n\n\n\n<p class=\"has-small-font-size\">Porcupine Canvas est le leader de l&#8217;industrie pour ceux qui veulent des produits en toile cousus, durables, \u00e0 toute \u00e9preuve et fabriqu\u00e9s pour le long terme.<\/p>\n\n\n\n<p class=\"has-small-font-size\">Nos tentes, tipis, pochettes, sacs et \u00e9quipements cousus incluent des renforcements contre l\u2019eau et la moisissure de m\u00eame que des attaches s\u00e9curis\u00e9es ajustables. Nous nous assurons ainsi que votre \u00e9quipement est bien prot\u00e9g\u00e9 pour qu&#8217;il puisse bien <em>vous<\/em> prot\u00e9ger.<\/p>\n\n\n\n<div class=\"wp-block-buttons is-layout-flex wp-block-buttons-is-layout-flex\">\n<div class=\"wp-block-button is-style-animated-large-button\"><a class=\"wp-block-button__link wp-element-button\" href=\"https:\/\/porcupinecanvas.com\/fr\/produits\/\">Voir notre s\u00e9lection<\/a><\/div>\n<\/div>\n<\/div><\/div>\n\n\n\n<\/div>\n\n<\/div><\/div>\n\n\n<div class=\"category-slider container has-white-background-color\">\n\t<div class=\"inner-container\">\n\t\t<div class=\"category-slider-info\">\n\t\t\t<h2 class=\"category-slider-title title-4\">\n\t\t\t\tMagasiner par cat\u00e9gorie\t\t\t<\/h2>\n\t\t\t<p class=\"category-slider-description\">\n\t\t\t\tDes tentes, tipis, sacs et autres \u00e9quipements en toile de premi\u00e8re qualit\u00e9 et faits dans une optique de d\u00e9veloppement durable.\t\t\t<\/p>\n\t\t\t<div class=\"quiver\" id=\"category-quiver\"><\/div>\n\t\t<\/div>\n\t\t<div class=\"slides\">\n\t\t\t\t\t\t\t<a class=\"product-container\" href=\"https:\/\/porcupinecanvas.com\/fr\/products\/sacs\/\">\n\t\t\t\t\t<div class=\"product\">\n\t\t\t\t\t\t\t<img decoding=\"async\" src=\"https:\/\/porcupinecanvas.com\/wp-content\/uploads\/produit-1205-01-featured.jpg\" alt=\"\"\/>\n\t\t\t\t\t<\/div>\n\t\t\t\t\t<div class=\"wp-block-button is-style-primary-button\">\n\t\t\t\t\t\t<div class=\"wp-block-button__link wp-element-button\">Sacs<\/div>\n\t\t\t\t\t<\/div>\n\t\t\t\t<\/a>\n\t\t\t\t\t\t\t<a class=\"product-container\" href=\"https:\/\/porcupinecanvas.com\/fr\/products\/sante-et-securite\/\">\n\t\t\t\t\t<div class=\"product\">\n\t\t\t\t\t\t\t<img decoding=\"async\" src=\"https:\/\/porcupinecanvas.com\/wp-content\/uploads\/produit-1019-01-featured.jpg\" alt=\"\"\/>\n\t\t\t\t\t<\/div>\n\t\t\t\t\t<div class=\"wp-block-button is-style-primary-button\">\n\t\t\t\t\t\t<div class=\"wp-block-button__link wp-element-button\">Sant\u00e9 &amp; s\u00e9curit\u00e9<\/div>\n\t\t\t\t\t<\/div>\n\t\t\t\t<\/a>\n\t\t\t\t\t\t\t<a class=\"product-container\" href=\"https:\/\/porcupinecanvas.com\/fr\/products\/etuis-et-divers\/\">\n\t\t\t\t\t<div class=\"product\">\n\t\t\t\t\t\t\t<img decoding=\"async\" src=\"https:\/\/porcupinecanvas.com\/wp-content\/uploads\/produit-1014-01-featured.jpg\" alt=\"\"\/>\n\t\t\t\t\t<\/div>\n\t\t\t\t\t<div class=\"wp-block-button is-style-primary-button\">\n\t\t\t\t\t\t<div class=\"wp-block-button__link wp-element-button\">\u00c9tuis et divers<\/div>\n\t\t\t\t\t<\/div>\n\t\t\t\t<\/a>\n\t\t\t\t\t\t\t<a class=\"product-container\" href=\"https:\/\/porcupinecanvas.com\/fr\/products\/seaux\/\">\n\t\t\t\t\t<div class=\"product\">\n\t\t\t\t\t\t\t<img decoding=\"async\" src=\"https:\/\/porcupinecanvas.com\/wp-content\/uploads\/produit-1219-01-featured.jpg\" alt=\"\"\/>\n\t\t\t\t\t<\/div>\n\t\t\t\t\t<div class=\"wp-block-button is-style-primary-button\">\n\t\t\t\t\t\t<div class=\"wp-block-button__link wp-element-button\">Seaux<\/div>\n\t\t\t\t\t<\/div>\n\t\t\t\t<\/a>\n\t\t\t\t\t\t\t<a class=\"product-container\" href=\"https:\/\/porcupinecanvas.com\/fr\/products\/produits-specialises\/\">\n\t\t\t\t\t<div class=\"product\">\n\t\t\t\t\t\t\t<img decoding=\"async\" src=\"https:\/\/porcupinecanvas.com\/wp-content\/uploads\/produit-1272-01-featured.jpg\" alt=\"\"\/>\n\t\t\t\t\t<\/div>\n\t\t\t\t\t<div class=\"wp-block-button is-style-primary-button\">\n\t\t\t\t\t\t<div class=\"wp-block-button__link wp-element-button\">Produits sp\u00e9cialis\u00e9s<\/div>\n\t\t\t\t\t<\/div>\n\t\t\t\t<\/a>\n\t\t\t\t\t\t\t<a class=\"product-container\" href=\"https:\/\/porcupinecanvas.com\/fr\/products\/echantillon\/\">\n\t\t\t\t\t<div class=\"product\">\n\t\t\t\t\t\t\t<img decoding=\"async\" src=\"https:\/\/porcupinecanvas.com\/wp-content\/uploads\/produit-1084-01-featured.jpg\" alt=\"\"\/>\n\t\t\t\t\t<\/div>\n\t\t\t\t\t<div class=\"wp-block-button is-style-primary-button\">\n\t\t\t\t\t\t<div class=\"wp-block-button__link wp-element-button\">\u00c9chantillon<\/div>\n\t\t\t\t\t<\/div>\n\t\t\t\t<\/a>\n\t\t\t\t\t\t\t<a class=\"product-container\" href=\"https:\/\/porcupinecanvas.com\/fr\/products\/tipis-fr\/\">\n\t\t\t\t\t<div class=\"product\">\n\t\t\t\t\t\t\t<img decoding=\"async\" src=\"https:\/\/porcupinecanvas.com\/wp-content\/uploads\/porcupine-canvas-tipi-options-product.jpg\" alt=\"\"\/>\n\t\t\t\t\t<\/div>\n\t\t\t\t\t<div class=\"wp-block-button is-style-primary-button\">\n\t\t\t\t\t\t<div class=\"wp-block-button__link wp-element-button\">Tipis<\/div>\n\t\t\t\t\t<\/div>\n\t\t\t\t<\/a>\n\t\t\t\t\t<\/div>\n\t<\/div>\n<\/div>\n\n\n\n\n<div class=\"wp-block-cover is-light\">\n\n\n  <span aria-hidden=\"true\" class=\"wp-block-cover__background has-background-dim\"><\/span>\n  <img decoding=\"async\" loading=\"lazy\" class=\"wp-block-cover__image-background\" alt=\"\" \n  src=\"https:\/\/porcupinecanvas.com\/wp-content\/uploads\/2022\/11\/artboard-1.png\" \n  data-object-fit=\"cover\"\n  sizes=\"auto, (max-width: 1920px) 100vw, 1920px\"\n  width=\"1920\" \n  height=\"1080\"\n  >\n\n\n<div class=\"wp-block-cover__inner-container\">\n\n<div class=\"is-layout-flow wp-block-group image-text has-text-color has-white-color\">\n\n  \n\n<div class=\"wp-block-media-text alignwide has-media-on-the-right is-vertically-aligned-center is-image-fill\" style=\"padding-top:15rem;padding-bottom:15rem;grid-template-columns:auto 44%\"><div class=\"wp-block-media-text__content\">\n<div style=\"height:10vh\" aria-hidden=\"true\" class=\"wp-block-spacer\"><\/div>\n\n\n\n<h2 class=\"wp-block-heading\">\u00c0 propos de nous<\/h2>\n\n\n\n<p class=\"is-style-subtitle\">La qualit\u00e9 depuis toujours, pour toujours<\/p>\n\n\n\n<p class=\"has-small-font-size\">Depuis sa fondation en 1983, Porcupine Canvas se d\u00e9voue \u00e0 la fabrication de produits de toile et autres \u00e9quipements de la plus haute qualit\u00e9 pour l\u2019industrie mini\u00e8re et les amoureux de plein air.<\/p>\n\n\n\n<div class=\"wp-block-buttons is-layout-flex wp-block-buttons-is-layout-flex\">\n<div class=\"wp-block-button is-style-animated-large-button\"><a class=\"wp-block-button__link wp-element-button\" href=\"https:\/\/porcupinecanvas.com\/fr\/a-propos\/\">En savoir plus<\/a><\/div>\n<\/div>\n\n\n\n<div style=\"height:10vh\" aria-hidden=\"true\" class=\"wp-block-spacer\"><\/div>\n<\/div><figure class=\"wp-block-media-text__media\" style=\"background-image:url(https:\/\/porcupinecanvas.com\/wp-content\/uploads\/2022\/11\/image-a-propos-accueil.jpg);background-position:50% 50%\"><img loading=\"lazy\" decoding=\"async\" width=\"814\" height=\"814\" src=\"https:\/\/porcupinecanvas.com\/wp-content\/uploads\/2022\/11\/image-a-propos-accueil.jpg\" alt=\"\" class=\"wp-image-187 size-full\" srcset=\"https:\/\/porcupinecanvas.com\/wp-content\/uploads\/2022\/11\/image-a-propos-accueil.jpg 814w, https:\/\/porcupinecanvas.com\/wp-content\/uploads\/2022\/11\/image-a-propos-accueil-500x500.jpg 500w, https:\/\/porcupinecanvas.com\/wp-content\/uploads\/2022\/11\/image-a-propos-accueil-100x100.jpg 100w, https:\/\/porcupinecanvas.com\/wp-content\/uploads\/2022\/11\/image-a-propos-accueil-600x600.jpg 600w, https:\/\/porcupinecanvas.com\/wp-content\/uploads\/2022\/11\/image-a-propos-accueil-300x300.jpg 300w, https:\/\/porcupinecanvas.com\/wp-content\/uploads\/2022\/11\/image-a-propos-accueil-150x150.jpg 150w, https:\/\/porcupinecanvas.com\/wp-content\/uploads\/2022\/11\/image-a-propos-accueil-768x768.jpg 768w, https:\/\/porcupinecanvas.com\/wp-content\/uploads\/2022\/11\/image-a-propos-accueil-50x50.jpg 50w\" sizes=\"auto, (max-width: 814px) 100vw, 814px\" \/><\/figure><\/div>\n\n\n\n<\/div>\n\n<\/div><\/div>\n\n<div class=\"wp-block-cover is-light block cover-cta\">\n<span aria-hidden=\"true\" class=\"wp-block-cover__background has-background-dim\"><\/span>\n<img decoding=\"async\" loading=\"lazy\" class=\"wp-block-cover__image-background\" alt=\"\" \nsrc=\"https:\/\/porcupinecanvas.com\/wp-content\/uploads\/2022\/11\/image-cta-accueil.jpg\" \ndata-object-fit=\"cover\"\nsrcset=\"https:\/\/porcupinecanvas.com\/wp-content\/uploads\/2022\/11\/image-cta-accueil-300x117.jpg 300w, https:\/\/porcupinecanvas.com\/wp-content\/uploads\/2022\/11\/image-cta-accueil-600x234.jpg 600w, https:\/\/porcupinecanvas.com\/wp-content\/uploads\/2022\/11\/image-cta-accueil-1024x400.jpg 1024w, https:\/\/porcupinecanvas.com\/wp-content\/uploads\/2022\/11\/image-cta-accueil-768x300.jpg 768w, https:\/\/porcupinecanvas.com\/wp-content\/uploads\/2022\/11\/image-cta-accueil-1536x600.jpg 1536w, https:\/\/porcupinecanvas.com\/wp-content\/uploads\/2022\/11\/image-cta-accueil.jpg 1920w\"\nsizes=\"auto, (max-width: 1920px) 100vw, 1920px\"\nwidth=\"1920\" \nheight=\"750\"\n>\n<div class=\"wp-block-cover__inner-container\">\n<div class=\"is-layout-flow wp-block-group\">\n\n    <div>\n        \n\n<div style=\"height:25vh\" aria-hidden=\"true\" class=\"wp-block-spacer\"><\/div>\n\n\n\n<h2 class=\"wp-block-heading has-white-color has-text-color\" style=\"margin-top:0%;margin-right:0%;margin-bottom:0%;margin-left:0%\">Des questions?<\/h2>\n\n\n\n<p class=\"is-style-subtitle has-white-color has-text-color\">Nous sommes l\u00e0 pour vous r\u00e9pondre.<\/p>\n\n\n\n<div class=\"wp-block-buttons is-layout-flex wp-block-buttons-is-layout-flex\">\n<div class=\"wp-block-button is-style-animated-large-button\"><a class=\"wp-block-button__link wp-element-button\" href=\"\/fr\/contact\/\">Nous contacter<\/a><\/div>\n<\/div>\n\n\n\n<div style=\"height:25vh\" aria-hidden=\"true\" class=\"wp-block-spacer\"><\/div>\n\n\n    <\/div>\n\n\n<\/div>\n<\/div><\/div>","protected":false},"excerpt":{"rendered":"","protected":false},"author":1,"featured_media":0,"parent":0,"menu_order":20,"comment_status":"closed","ping_status":"closed","template":"","meta":{"footnotes":""},"class_list":["post-1003","page","type-page","status-publish","hentry"],"acf":[],"yoast_head":"<!-- This site is optimized with the Yoast SEO plugin v20.10 - https:\/\/yoast.com\/wordpress\/plugins\/seo\/ -->\n<title>Porcupine Canvas | Produits de toile et \u00e9quipement de plein air<\/title>\n<meta name=\"description\" content=\"Porcupine Canvas est une entreprise reconnue qui se sp\u00e9cialise dans la fabrication de produits de toile pour l\u2019industrie mini\u00e8re, les explorateurs et les campeurs.\" \/>\n<meta name=\"robots\" content=\"index, follow, max-snippet:-1, max-image-preview:large, max-video-preview:-1\" \/>\n<link rel=\"canonical\" href=\"https:\/\/porcupinecanvas.com\/fr\/\" \/>\n<meta property=\"og:locale\" content=\"fr_CA\" \/>\n<meta property=\"og:type\" content=\"article\" \/>\n<meta property=\"og:title\" content=\"Porcupine Canvas | Produits de toile et \u00e9quipement de plein air\" \/>\n<meta property=\"og:description\" content=\"Porcupine Canvas est une entreprise reconnue qui se sp\u00e9cialise dans la fabrication de produits de toile pour l\u2019industrie mini\u00e8re, les explorateurs et les campeurs.\" \/>\n<meta property=\"og:url\" content=\"https:\/\/porcupinecanvas.com\/fr\/\" \/>\n<meta property=\"og:site_name\" content=\"Porcupine Canvas\" \/>\n<meta property=\"article:modified_time\" content=\"2023-06-29T15:18:23+00:00\" \/>\n<meta property=\"og:image\" content=\"https:\/\/porcupinecanvas.com\/wp-content\/uploads\/porcupine-canvas-og-image2.jpg\" \/>\n\t<meta property=\"og:image:width\" content=\"1200\" \/>\n\t<meta property=\"og:image:height\" content=\"630\" \/>\n\t<meta property=\"og:image:type\" content=\"image\/jpeg\" \/>\n<meta name=\"twitter:card\" content=\"summary_large_image\" \/>\n<meta name=\"twitter:label1\" content=\"Estimation du temps de lecture\" \/>\n\t<meta name=\"twitter:data1\" content=\"1 minute\" \/>\n<script type=\"application\/ld+json\" class=\"yoast-schema-graph\">{\"@context\":\"https:\/\/schema.org\",\"@graph\":[{\"@type\":\"WebPage\",\"@id\":\"https:\/\/porcupinecanvas.com\/fr\/\",\"url\":\"https:\/\/porcupinecanvas.com\/fr\/\",\"name\":\"Porcupine Canvas | Produits de toile et \u00e9quipement de plein air\",\"isPartOf\":{\"@id\":\"https:\/\/porcupine.agencehigh5.com\/#website\"},\"datePublished\":\"2022-11-10T21:33:53+00:00\",\"dateModified\":\"2023-06-29T15:18:23+00:00\",\"description\":\"Porcupine Canvas est une entreprise reconnue qui se sp\u00e9cialise dans la fabrication de produits de toile pour l\u2019industrie mini\u00e8re, les explorateurs et les campeurs.\",\"breadcrumb\":{\"@id\":\"https:\/\/porcupinecanvas.com\/fr\/#breadcrumb\"},\"inLanguage\":\"fr-CA\",\"potentialAction\":[{\"@type\":\"ReadAction\",\"target\":[\"https:\/\/porcupinecanvas.com\/fr\/\"]}]},{\"@type\":\"BreadcrumbList\",\"@id\":\"https:\/\/porcupinecanvas.com\/fr\/#breadcrumb\",\"itemListElement\":[{\"@type\":\"ListItem\",\"position\":1,\"name\":\"Home\",\"item\":\"https:\/\/porcupinecanvas.com\/fr\/\"},{\"@type\":\"ListItem\",\"position\":2,\"name\":\"Accueil\"}]},{\"@type\":\"WebSite\",\"@id\":\"https:\/\/porcupine.agencehigh5.com\/#website\",\"url\":\"https:\/\/porcupine.agencehigh5.com\/\",\"name\":\"Porcupine Canvas\",\"description\":\"Gear for the mining industry and the outdoors\",\"publisher\":{\"@id\":\"https:\/\/porcupine.agencehigh5.com\/#organization\"},\"potentialAction\":[{\"@type\":\"SearchAction\",\"target\":{\"@type\":\"EntryPoint\",\"urlTemplate\":\"https:\/\/porcupine.agencehigh5.com\/?s={search_term_string}\"},\"query-input\":\"required name=search_term_string\"}],\"inLanguage\":\"fr-CA\"},{\"@type\":\"Organization\",\"@id\":\"https:\/\/porcupine.agencehigh5.com\/#organization\",\"name\":\"Porcupine Canvas\",\"url\":\"https:\/\/porcupine.agencehigh5.com\/\",\"logo\":{\"@type\":\"ImageObject\",\"inLanguage\":\"fr-CA\",\"@id\":\"https:\/\/porcupine.agencehigh5.com\/#\/schema\/logo\/image\/\",\"url\":\"https:\/\/porcupinecanvas.com\/wp-content\/uploads\/porcupine-canvas-logo.png\",\"contentUrl\":\"https:\/\/porcupinecanvas.com\/wp-content\/uploads\/porcupine-canvas-logo.png\",\"width\":912,\"height\":262,\"caption\":\"Porcupine Canvas\"},\"image\":{\"@id\":\"https:\/\/porcupine.agencehigh5.com\/#\/schema\/logo\/image\/\"}}]}<\/script>\n<!-- \/ Yoast SEO plugin. -->","yoast_head_json":{"title":"Porcupine Canvas | Produits de toile et \u00e9quipement de plein air","description":"Porcupine Canvas est une entreprise reconnue qui se sp\u00e9cialise dans la fabrication de produits de toile pour l\u2019industrie mini\u00e8re, les explorateurs et les campeurs.","robots":{"index":"index","follow":"follow","max-snippet":"max-snippet:-1","max-image-preview":"max-image-preview:large","max-video-preview":"max-video-preview:-1"},"canonical":"https:\/\/porcupinecanvas.com\/fr\/","og_locale":"fr_CA","og_type":"article","og_title":"Porcupine Canvas | Produits de toile et \u00e9quipement de plein air","og_description":"Porcupine Canvas est une entreprise reconnue qui se sp\u00e9cialise dans la fabrication de produits de toile pour l\u2019industrie mini\u00e8re, les explorateurs et les campeurs.","og_url":"https:\/\/porcupinecanvas.com\/fr\/","og_site_name":"Porcupine Canvas","article_modified_time":"2023-06-29T15:18:23+00:00","og_image":[{"width":1200,"height":630,"url":"https:\/\/porcupinecanvas.com\/wp-content\/uploads\/porcupine-canvas-og-image2.jpg","type":"image\/jpeg"}],"twitter_card":"summary_large_image","twitter_misc":{"Estimation du temps de lecture":"1 minute"},"schema":{"@context":"https:\/\/schema.org","@graph":[{"@type":"WebPage","@id":"https:\/\/porcupinecanvas.com\/fr\/","url":"https:\/\/porcupinecanvas.com\/fr\/","name":"Porcupine Canvas | Produits de toile et \u00e9quipement de plein air","isPartOf":{"@id":"https:\/\/porcupine.agencehigh5.com\/#website"},"datePublished":"2022-11-10T21:33:53+00:00","dateModified":"2023-06-29T15:18:23+00:00","description":"Porcupine Canvas est une entreprise reconnue qui se sp\u00e9cialise dans la fabrication de produits de toile pour l\u2019industrie mini\u00e8re, les explorateurs et les campeurs.","breadcrumb":{"@id":"https:\/\/porcupinecanvas.com\/fr\/#breadcrumb"},"inLanguage":"fr-CA","potentialAction":[{"@type":"ReadAction","target":["https:\/\/porcupinecanvas.com\/fr\/"]}]},{"@type":"BreadcrumbList","@id":"https:\/\/porcupinecanvas.com\/fr\/#breadcrumb","itemListElement":[{"@type":"ListItem","position":1,"name":"Home","item":"https:\/\/porcupinecanvas.com\/fr\/"},{"@type":"ListItem","position":2,"name":"Accueil"}]},{"@type":"WebSite","@id":"https:\/\/porcupine.agencehigh5.com\/#website","url":"https:\/\/porcupine.agencehigh5.com\/","name":"Porcupine Canvas","description":"Gear for the mining industry and the outdoors","publisher":{"@id":"https:\/\/porcupine.agencehigh5.com\/#organization"},"potentialAction":[{"@type":"SearchAction","target":{"@type":"EntryPoint","urlTemplate":"https:\/\/porcupine.agencehigh5.com\/?s={search_term_string}"},"query-input":"required name=search_term_string"}],"inLanguage":"fr-CA"},{"@type":"Organization","@id":"https:\/\/porcupine.agencehigh5.com\/#organization","name":"Porcupine Canvas","url":"https:\/\/porcupine.agencehigh5.com\/","logo":{"@type":"ImageObject","inLanguage":"fr-CA","@id":"https:\/\/porcupine.agencehigh5.com\/#\/schema\/logo\/image\/","url":"https:\/\/porcupinecanvas.com\/wp-content\/uploads\/porcupine-canvas-logo.png","contentUrl":"https:\/\/porcupinecanvas.com\/wp-content\/uploads\/porcupine-canvas-logo.png","width":912,"height":262,"caption":"Porcupine Canvas"},"image":{"@id":"https:\/\/porcupine.agencehigh5.com\/#\/schema\/logo\/image\/"}}]}},"_links":{"self":[{"href":"https:\/\/porcupinecanvas.com\/fr\/wp-json\/wp\/v2\/pages\/1003","targetHints":{"allow":["GET"]}}],"collection":[{"href":"https:\/\/porcupinecanvas.com\/fr\/wp-json\/wp\/v2\/pages"}],"about":[{"href":"https:\/\/porcupinecanvas.com\/fr\/wp-json\/wp\/v2\/types\/page"}],"author":[{"embeddable":true,"href":"https:\/\/porcupinecanvas.com\/fr\/wp-json\/wp\/v2\/users\/1"}],"replies":[{"embeddable":true,"href":"https:\/\/porcupinecanvas.com\/fr\/wp-json\/wp\/v2\/comments?post=1003"}],"version-history":[{"count":0,"href":"https:\/\/porcupinecanvas.com\/fr\/wp-json\/wp\/v2\/pages\/1003\/revisions"}],"wp:attachment":[{"href":"https:\/\/porcupinecanvas.com\/fr\/wp-json\/wp\/v2\/media?parent=1003"}],"curies":[{"name":"wp","href":"https:\/\/api.w.org\/{rel}","templated":true}]}}